{"id":12061,"date":"2021-08-04T08:55:27","date_gmt":"2021-08-04T08:55:27","guid":{"rendered":"https:\/\/www.najicherfanfoundation.org\/about-ncf\/"},"modified":"2023-02-15T14:35:59","modified_gmt":"2023-02-15T14:35:59","slug":"ueber-die-ncs","status":"publish","type":"page","link":"https:\/\/www.najicherfanfoundation.org\/de\/ueber-die-ncs\/","title":{"rendered":"\u00dcBER DIE NCS"},"content":{"rendered":"<p>[vc_row full_width=&#8220;stretch_row&#8220; parallax=&#8220;content-moving&#8220; parallax_image=&#8220;167&#8243; css=&#8220;.vc_custom_1632071050123{margin-top: -60px !important;padding-top: 45px !important;padding-bottom: 86px !important;background: #f1f1f3 url(https:\/\/www.infracode-multimedia.com\/NajiCherfan\/wp-content\/uploads\/\/2018\/02\/bg-6ss.jpg?id=1640);background-position: center;background-repeat: no-repeat !important;background-size: cover !important;}&#8220;][vc_column width=&#8220;1\/6&#8243;][\/vc_column][vc_column width=&#8220;2\/3&#8243;][vc_custom_heading text=&#8220;\u00dcBER die Naji-Cherfan-Stiftung&#8220; font_container=&#8220;tag:h2|font_size:36px|text_align:center&#8220; use_theme_fonts=&#8220;yes&#8220;][vc_empty_space height=&#8220;20px&#8220;][vc_row_inner][vc_column_inner][vc_column_text]<\/p>\n<p style=\"text-align: center;\"><strong>&#8222;Leben ist nicht nur 70 Jahre, Leben ist Leben, auch nach dem Tod des K\u00f6rpers.&#8220;<\/strong><br \/>\n<em>(Nachricht des Gr\u00fcnders: Georges C. Cherfan &#8211; Eigent\u00fcmer &amp; Gr\u00fcnder)<\/em><\/p>\n<p style=\"text-align: center;\">Das NCS wurde gegr\u00fcndet, um Gott zu ehren, christliche Werte zu f\u00f6rdern und hirnverletzte junge Patienten zu unterst\u00fctzen.<\/p>\n<p style=\"text-align: center;\">Naji wurde am 20. November 1978 in Amman, Jordanien, als Kind libanesisch-kanadischer Eltern geboren. Bald nach seiner Geburt zog die Familie um und lie\u00df sich in Griechenland nieder. Naji studierte E-Business und Multimedia, sprach sechs Sprachen und war im Familienunternehmen f\u00fcr Public Relations &amp; Administration zust\u00e4ndig.<\/p>\n<p>[\/vc_column_text][\/vc_column_inner][\/vc_row_inner][vc_empty_space height=&#8220;60px&#8220;][\/vc_column][vc_column width=&#8220;1\/6&#8243;][\/vc_column][\/vc_row][vc_row css=&#8220;.vc_custom_1519788101688{margin-top: -86px !important;}&#8220;][vc_column][vc_tta_tabs active_section=&#8220;2&#8243;][vc_tta_section title=&#8220;Der Unfall&#8220; tab_id=&#8220;1519789990981-f7ccf606-c0ef5035-3bde&#8220;][vc_row_inner][vc_column_inner width=&#8220;1\/6&#8243;][\/vc_column_inner][vc_column_inner width=&#8220;2\/3&#8243;][vc_column_text]<\/p>\n<p style=\"text-align: center;\">Im Alter von siebzehn Jahren erlitt Naji aufgrund eines Motorradunfalls ein Sch\u00e4del-Hirn-Trauma. Der Fahrer des Motorrads, ein Freund von Naji, wurde sofort get\u00f6tet. Naji lag zwei Monate im Koma und als er aufwachte, konnte er sich nicht bewegen, sprechen oder sehen.<\/p>\n<p>[\/vc_column_text][\/vc_column_inner][vc_column_inner width=&#8220;1\/6&#8243;][\/vc_column_inner][\/vc_row_inner][\/vc_tta_section][vc_tta_section title=&#8220;Die Rehabilitation&#8220; tab_id=&#8220;1618922671774-71d516d2-5818&#8243;][vc_row_inner][vc_column_inner width=&#8220;1\/6&#8243;][\/vc_column_inner][vc_column_inner width=&#8220;2\/3&#8243;][vc_column_text]<\/p>\n<p style=\"text-align: center;\">Nahezu elf Jahre reiste Naji zu Therapiezentren in Arizona, Texas, Florida, London, Deutschland, Kanada und Griechenland. Seine Rehabilitationsphase war eine Reise des Mutes, des Glaubens und der Entschlossenheit.<\/p>\n<p style=\"text-align: center;\">Durch das Schreiben und Ver\u00f6ffentlichen dieser B\u00fccher wollte Naji allen Menschen, die an einer Behinderung leiden, insbesondere einer Hirnverletzung, eine Botschaft der Hoffnung \u00fcbermitteln. \u201eWir sind alle zum Leuchten geboren\u201c! Das war die Botschaft, die Naji Patienten, Familien und Therapeuten vermitteln wollte, die von Hirnverletzungen betroffen sind. Er ermutigt diejenigen, die an einer Krankheit oder Behinderung leiden, proaktiv zu sein und ihr Schicksal zu \u00e4ndern, indem sie an sich selbst glauben und \u00fcber das hinausgehen, was ihnen gesagt wird.<\/p>\n<p style=\"text-align: center;\">Najis B\u00fccher wurden in mehr als sechs Sprachen \u00fcbersetzt und werden bald \u00fcber die Website der Naji Cherfan Foundation erh\u00e4ltlich sein.<\/p>\n<p style=\"text-align: center;\">Naji entwickelte auch eine pers\u00f6nliche Website: www.virtualpatience.com.<\/p>\n<p style=\"text-align: center;\">Bitte besuchen Sie, um mehr Details \u00fcber seine Reise, B\u00fccher und Interviews zu erfahren.<\/p>\n<p>[\/vc_column_text][\/vc_column_inner][vc_column_inner width=&#8220;1\/6&#8243;][\/vc_column_inner][\/vc_row_inner][\/vc_tta_section][vc_tta_section title=&#8220;Die Stiftung&#8220; tab_id=&#8220;1618922836335-741f14ec-d16c&#8220;][vc_row_inner][vc_column_inner width=&#8220;1\/6&#8243;][\/vc_column_inner][vc_column_inner width=&#8220;2\/3&#8243;][vc_column_text]<\/p>\n<p style=\"text-align: center;\">Naji Cherfan starb am 31. Juli 2008 an einem epileptischen Anfall, der im Schlaf zu Herzversagen f\u00fchrte. Seine Abwesenheit hat eine gro\u00dfe L\u00fccke im Leben seiner Familie und Freunde hinterlassen, und die Naji Cherfan Foundation ist das Ergebnis ihrer Bem\u00fchungen, sein Andenken zu ehren.<\/p>\n<p style=\"text-align: center;\">Die Kernwerte der Stiftung basieren auf Najis Lebenspriorit\u00e4ten des christlichen Glaubens, der Verbesserung der Gesundheit und der St\u00e4rkung der Bildung.<\/p>\n<p>[\/vc_column_text][\/vc_column_inner][vc_column_inner width=&#8220;1\/6&#8243;][\/vc_column_inner][\/vc_row_inner][\/vc_tta_section][\/vc_tta_tabs][vc_empty_space height=&#8220;60px&#8220;][\/vc_column][\/vc_row][vc_row full_width=&#8220;stretch_row&#8220; css=&#8220;.vc_custom_1661927756076{padding-top: 80px !important;padding-bottom: 40px !important;background: #0083ca url(https:\/\/www.infracode-multimedia.com\/NajiCherfan\/wp-content\/uploads\/\/2017\/12\/bg-main.svg?id=1098) !important;background-position: center !important;background-repeat: no-repeat !important;background-size: cover !important;}&#8220;][vc_column][vc_row_inner][vc_column_inner width=&#8220;1\/12&#8243;][\/vc_column_inner][vc_column_inner width=&#8220;5\/6&#8243;][vc_custom_heading text=&#8220;Auftrag und Ziele&#8220; font_container=&#8220;tag:h2|text_align:center|color:%23ffffff&#8220; use_theme_fonts=&#8220;yes&#8220;][\/vc_column_inner][vc_column_inner width=&#8220;1\/12&#8243;][\/vc_column_inner][\/vc_row_inner][vc_empty_space height=&#8220;50px&#8220;][vc_row_inner content_placement=&#8220;middle&#8220; gap=&#8220;30&#8243;][vc_column_inner width=&#8220;1\/2&#8243;]<ul class=\"iconlist iconlist iconlist-icon-small \"><li ><div class=\"iconlist-item-icon\"><span class=\"shapes\"><\/span><\/div><div class=\"iconlist-item-content\"><strong>Das Hauptziel der Naji Cherfan Foundation ist es, die Lebensqualit\u00e4t von Kindern, Jugendlichen und Erwachsenen und insbesondere von Menschen mit Hirnverletzungen durch die F\u00f6rderung christlicher Werte zu verbessern.<\/strong><\/p>\n<p><strong>Menschen, die von Hirnverletzungen betroffen sind, zu unterst\u00fctzen und das Bewusstsein von Patienten, Familien und Therapeuten f\u00fcr das Heilungspotenzial als Ergebnis von Beharrlichkeit, Unterst\u00fctzung, Ermutigung und starkem Glauben an Gott zu sch\u00e4rfen.<\/strong><\/p>\n<p><strong>Waisenkinder, Jugendgruppen und die Bev\u00f6lkerung im Allgemeinen durch Gesundheits- und Bildungsdienste zu unterst\u00fctzen und gleichzeitig das Wort Gottes zu verbreiten.<\/strong><\/div><\/li><\/ul>[vc_empty_space height=&#8220;20px&#8220;][\/vc_column_inner][vc_column_inner width=&#8220;1\/2&#8243;][vc_single_image image=&#8220;12065&#8243; img_size=&#8220;full&#8220;][vc_empty_space height=&#8220;20px&#8220;][\/vc_column_inner][\/vc_row_inner][\/vc_column][\/vc_row]<\/p>\n","protected":false},"excerpt":{"rendered":"<p>[vc_row full_width=&#8220;stretch_row&#8220; parallax=&#8220;content-moving&#8220; parallax_image=&#8220;167&#8243; css=&#8220;.vc_custom_1632071050123{margin-top: -60px !important;padding-top: 45px !important;padding-bottom: 86px !important;background: #f1f1f3 url(https:\/\/www.infracode-multimedia.com\/NajiCherfan\/wp-content\/uploads\/\/2018\/02\/bg-6ss.jpg?id=1640);background-position: center;background-repeat: no-repeat !important;background-size: cover !important;}&#8220;][vc_column width=&#8220;1\/6&#8243;][\/vc_column][vc_column width=&#8220;2\/3&#8243;][vc_custom_heading text=&#8220;\u00dcBER die Naji-Cherfan-Stiftung&#8220; font_container=&#8220;tag:h2|font_size:36px|text_align:center&#8220; use_theme_fonts=&#8220;yes&#8220;][vc_empty_space height=&#8220;20px&#8220;][vc_row_inner][vc_column_inner][vc_column_text] &#8222;Leben ist nicht nur 70 Jahre, Leben ist Leben, auch nach dem Tod des K\u00f6rpers.&#8220; (Nachricht des Gr\u00fcnders: Georges C. Cherfan &#8211; Eigent\u00fcmer &amp; Gr\u00fcnder) Das NCS wurde gegr\u00fcndet, [&hellip;]<\/p>\n","protected":false},"author":2,"featured_media":0,"parent":0,"menu_order":0,"comment_status":"closed","ping_status":"closed","template":"","meta":{"om_disable_all_campaigns":false},"aioseo_notices":[],"_links":{"self":[{"href":"https:\/\/www.najicherfanfoundation.org\/de\/wp-json\/wp\/v2\/pages\/12061"}],"collection":[{"href":"https:\/\/www.najicherfanfoundation.org\/de\/wp-json\/wp\/v2\/pages"}],"about":[{"href":"https:\/\/www.najicherfanfoundation.org\/de\/wp-json\/wp\/v2\/types\/page"}],"author":[{"embeddable":true,"href":"https:\/\/www.najicherfanfoundation.org\/de\/wp-json\/wp\/v2\/users\/2"}],"replies":[{"embeddable":true,"href":"https:\/\/www.najicherfanfoundation.org\/de\/wp-json\/wp\/v2\/comments?post=12061"}],"version-history":[{"count":6,"href":"https:\/\/www.najicherfanfoundation.org\/de\/wp-json\/wp\/v2\/pages\/12061\/revisions"}],"predecessor-version":[{"id":20121,"href":"https:\/\/www.najicherfanfoundation.org\/de\/wp-json\/wp\/v2\/pages\/12061\/revisions\/20121"}],"wp:attachment":[{"href":"https:\/\/www.najicherfanfoundation.org\/de\/wp-json\/wp\/v2\/media?parent=12061"}],"curies":[{"name":"wp","href":"https:\/\/api.w.org\/{rel}","templated":true}]}}