{"id":12762,"date":"2021-09-20T11:48:05","date_gmt":"2021-09-20T11:48:05","guid":{"rendered":"https:\/\/www.najicherfanfoundation.org\/home-ncf\/"},"modified":"2023-02-15T14:35:38","modified_gmt":"2023-02-15T14:35:38","slug":"home-ncf","status":"publish","type":"page","link":"https:\/\/www.najicherfanfoundation.org\/de\/","title":{"rendered":"STARTSEITE NCS"},"content":{"rendered":"<p>[vc_row full_width=&#8220;stretch_row_content_no_spaces&#8220;][vc_column]\n\t\t\t<!-- START Mainsite GERMAN REVOLUTION SLIDER 6.4.6 --><p class=\"rs-p-wp-fix\"><\/p>\n\t\t\t<rs-module-wrap id=\"rev_slider_14_1_wrapper\" data-source=\"gallery\" style=\"background:transparent;padding:0;margin:0px auto;margin-top:0;margin-bottom:0;\">\n\t\t\t\t<rs-module id=\"rev_slider_14_1\" style=\"\" data-version=\"6.4.6\">\n\t\t\t\t\t<rs-slides>\n\t\t\t\t\t\t<rs-slide data-key=\"rs-42\" data-title=\"Slide\" data-thumb=\"\/\/www.najicherfanfoundation.org\/wp-content\/uploads\/2022\/09\/OUR-MISSION-GERMAN.png\" data-anim=\"ms:600;\" data-in=\"o:0;\" data-out=\"a:false;\">\n\t\t\t\t\t\t\t<img src=\"\/\/www.najicherfanfoundation.org\/wp-content\/uploads\/2022\/09\/OUR-MISSION-GERMAN.png\" title=\"OUR-MISSION-GERMAN\" width=\"1170\" height=\"522\" class=\"rev-slidebg tp-rs-img\" data-no-retina>\n<!---->\t\t\t\t\t\t<\/rs-slide>\n\t\t\t\t\t\t<rs-slide data-key=\"rs-43\" data-title=\"Slide\" data-thumb=\"\/\/www.najicherfanfoundation.org\/wp-content\/uploads\/2022\/09\/OUR-WORK-GERMAN-1.png\" data-anim=\"ms:600;\" data-in=\"o:0;\" data-out=\"a:false;\">\n\t\t\t\t\t\t\t<img src=\"\/\/www.najicherfanfoundation.org\/wp-content\/uploads\/2022\/09\/OUR-WORK-GERMAN-1.png\" title=\"OUR-WORK-GERMAN\" width=\"1170\" height=\"522\" class=\"rev-slidebg tp-rs-img\" data-no-retina>\n<!---->\t\t\t\t\t\t<\/rs-slide>\n\t\t\t\t\t\t<rs-slide data-key=\"rs-44\" data-title=\"Slide\" data-thumb=\"\/\/www.najicherfanfoundation.org\/wp-content\/uploads\/2022\/09\/OUR-OBJECTIVES-GERMAN.png\" data-anim=\"ms:600;\" data-in=\"o:0;\" data-out=\"a:false;\">\n\t\t\t\t\t\t\t<img src=\"\/\/www.najicherfanfoundation.org\/wp-content\/uploads\/2022\/09\/OUR-OBJECTIVES-GERMAN.png\" title=\"OUR-OBJECTIVES-GERMAN\" width=\"1170\" height=\"522\" class=\"rev-slidebg tp-rs-img\" data-no-retina>\n<!---->\t\t\t\t\t\t<\/rs-slide>\n\t\t\t\t\t<\/rs-slides>\n\t\t\t\t<\/rs-module>\n\t\t\t\t<script type=\"text\/javascript\">\n\t\t\t\t\tsetREVStartSize({c: 'rev_slider_14_1',rl:[1240,1024,778,480],el:[700],gw:[1170],gh:[700],type:'standard',justify:'',layout:'fullwidth',mh:\"0\"});\n\t\t\t\t\tvar\trevapi14,\n\t\t\t\t\t\ttpj;\n\t\t\t\t\tfunction revinit_revslider141() {\n\t\t\t\t\tjQuery(function() {\n\t\t\t\t\t\ttpj = jQuery;\n\t\t\t\t\t\trevapi14 = tpj(\"#rev_slider_14_1\");\n\t\t\t\t\t\tif(revapi14==undefined || revapi14.revolution == undefined){\n\t\t\t\t\t\t\trevslider_showDoubleJqueryError(\"rev_slider_14_1\");\n\t\t\t\t\t\t}else{\n\t\t\t\t\t\t\trevapi14.revolution({\n\t\t\t\t\t\t\t\tDPR:\"dpr\",\n\t\t\t\t\t\t\t\tsliderLayout:\"fullwidth\",\n\t\t\t\t\t\t\t\tvisibilityLevels:\"1240,1024,778,480\",\n\t\t\t\t\t\t\t\tgridwidth:1170,\n\t\t\t\t\t\t\t\tgridheight:700,\n\t\t\t\t\t\t\t\tspinner:\"spinner0\",\n\t\t\t\t\t\t\t\tperspective:600,\n\t\t\t\t\t\t\t\tperspectiveType:\"local\",\n\t\t\t\t\t\t\t\teditorheight:\"700,768,960,720\",\n\t\t\t\t\t\t\t\tresponsiveLevels:\"1240,1024,778,480\",\n\t\t\t\t\t\t\t\tprogressBar:{disableProgressBar:true},\n\t\t\t\t\t\t\t\tnavigation: {\n\t\t\t\t\t\t\t\t\tmouseScrollNavigation:false,\n\t\t\t\t\t\t\t\t\twheelCallDelay:1000,\n\t\t\t\t\t\t\t\t\tonHoverStop:false,\n\t\t\t\t\t\t\t\t\tbullets: {\n\t\t\t\t\t\t\t\t\t\tenable:true,\n\t\t\t\t\t\t\t\t\t\ttmp:\"\",\n\t\t\t\t\t\t\t\t\t\tstyle:\"hesperiden\",\n\t\t\t\t\t\t\t\t\t\thide_onleave:true\n\t\t\t\t\t\t\t\t\t}\n\t\t\t\t\t\t\t\t},\n\t\t\t\t\t\t\t\tfallbacks: {\n\t\t\t\t\t\t\t\t\tallowHTML5AutoPlayOnAndroid:true\n\t\t\t\t\t\t\t\t},\n\t\t\t\t\t\t\t});\n\t\t\t\t\t\t}\n\t\t\t\t\t\t\n\t\t\t\t\t});\n\t\t\t\t\t} \/\/ End of RevInitScript\n\t\t\t\tvar once_revslider141 = false;\n\t\t\t\tif (document.readyState === \"loading\") {document.addEventListener('readystatechange',function() { if((document.readyState === \"interactive\" || document.readyState === \"complete\") && !once_revslider141 ) { once_revslider141 = true; revinit_revslider141();}});} else {once_revslider141 = true; revinit_revslider141();}\n\t\t\t\t<\/script>\n\t\t\t\t<script>\n\t\t\t\t\tvar htmlDivCss = unescape(\"%23rev_slider_14_1_wrapper%20.hesperiden.tp-bullets%20%7B%0A%7D%0A%23rev_slider_14_1_wrapper%20.hesperiden.tp-bullets%3Abefore%20%7B%0A%09content%3A%27%20%27%3B%0A%09position%3Aabsolute%3B%0A%09width%3A100%25%3B%0A%09height%3A100%25%3B%0A%09background%3Atransparent%3B%0A%09padding%3A10px%3B%0A%09margin-left%3A-10px%3Bmargin-top%3A-10px%3B%0A%09box-sizing%3Acontent-box%3B%0A%20%20%20border-radius%3A8px%3B%0A%20%20%0A%7D%0A%23rev_slider_14_1_wrapper%20.hesperiden%20.tp-bullet%20%7B%0A%09width%3A5px%3B%0A%09height%3A5px%3B%0A%09position%3Aabsolute%3B%0A%09background%3A%20%23c6d3e3%3B%20%2F%2A%20old%20browsers%20%2A%2F%0A%20%20%20%20background%3A%20-moz-linear-gradient%28top%2C%20%20%23c6d3e3%200%25%2C%20%23c6d3e3%20100%25%29%3B%20%2F%2A%20ff3.6%2B%20%2A%2F%0A%20%20%20%20background%3A%20-webkit-linear-gradient%28top%2C%20%20%23c6d3e3%200%25%2C%23c6d3e3%20100%25%29%3B%20%2F%2A%20chrome10%2B%2Csafari5.1%2B%20%2A%2F%0A%20%20%20%20background%3A%20-o-linear-gradient%28top%2C%20%20%23c6d3e3%200%25%2C%23c6d3e3%20100%25%29%3B%20%2F%2A%20opera%2011.10%2B%20%2A%2F%0A%20%20%20%20background%3A%20-ms-linear-gradient%28top%2C%20%20%23c6d3e3%200%25%2C%23c6d3e3%20100%25%29%3B%20%2F%2A%20ie10%2B%20%2A%2F%0A%20%20%20%20background%3A%20linear-gradient%28to%20bottom%2C%20%20%23c6d3e3%200%25%2C%23c6d3e3%20100%25%29%3B%20%2F%2A%20w3c%20%2A%2F%0A%20%20%20%20filter%3A%20progid%3Adximagetransform.microsoft.gradient%28%20%0A%20%20%20%20startcolorstr%3D%27%23c6d3e3%27%2C%20endcolorstr%3D%27%23c6d3e3%27%2Cgradienttype%3D0%20%29%3B%20%2F%2A%20ie6-9%20%2A%2F%0A%09border%3A7px%20solid%20%23ffffff%3B%0A%09border-radius%3A50%25%3B%0A%09cursor%3A%20pointer%3B%0A%09box-sizing%3Acontent-box%3B%0A%7D%0A%23rev_slider_14_1_wrapper%20.hesperiden%20.tp-bullet%3Ahover%2C%0A%23rev_slider_14_1_wrapper%20.hesperiden%20.tp-bullet.selected%20%7B%0A%09background%3A%23273272%3B%0A%7D%0A%23rev_slider_14_1_wrapper%20.hesperiden%20.tp-bullet-image%20%7B%0A%7D%0A%23rev_slider_14_1_wrapper%20.hesperiden%20.tp-bullet-title%20%7B%0A%7D%0A%0A\");\n\t\t\t\t\tvar htmlDiv = document.getElementById('rs-plugin-settings-inline-css');\n\t\t\t\t\tif(htmlDiv) {\n\t\t\t\t\t\thtmlDiv.innerHTML = htmlDiv.innerHTML + htmlDivCss;\n\t\t\t\t\t}else{\n\t\t\t\t\t\tvar htmlDiv = document.createElement('div');\n\t\t\t\t\t\thtmlDiv.innerHTML = '<style>' + htmlDivCss + '<\/style>';\n\t\t\t\t\t\tdocument.getElementsByTagName('head')[0].appendChild(htmlDiv.childNodes[0]);\n\t\t\t\t\t}\n\t\t\t\t<\/script>\n\t\t\t\t<script>\n\t\t\t\t\tvar htmlDivCss = unescape(\"%0A%0A%0A\");\n\t\t\t\t\tvar htmlDiv = document.getElementById('rs-plugin-settings-inline-css');\n\t\t\t\t\tif(htmlDiv) {\n\t\t\t\t\t\thtmlDiv.innerHTML = htmlDiv.innerHTML + htmlDivCss;\n\t\t\t\t\t}else{\n\t\t\t\t\t\tvar htmlDiv = document.createElement('div');\n\t\t\t\t\t\thtmlDiv.innerHTML = '<style>' + htmlDivCss + '<\/style>';\n\t\t\t\t\t\tdocument.getElementsByTagName('head')[0].appendChild(htmlDiv.childNodes[0]);\n\t\t\t\t\t}\n\t\t\t\t<\/script>\n\t\t\t<\/rs-module-wrap>\n\t\t\t<!-- END REVOLUTION SLIDER -->\n[\/vc_column][\/vc_row][vc_row css=&#8220;.vc_custom_1519270672607{padding-top: 50px !important;padding-bottom: 20px !important;}&#8220;][vc_column width=&#8220;1\/3&#8243;]\n<!-- BEGIN .imagebox -->\n<div class=\"imagebox   vc_custom_1663165360185\">\n\t\n\t\t<div class=\"box-header\">\n\t\t\t<h3 class=\"box-title\">\n\t\t\t\t<a href=\"https:\/\/www.najicherfanfoundation.org\/category\/najis-books\/\" target=\"_self\">\n\t\t\t\t\tNajis B\u00fccher\t\t\t\t<\/a>\n\t\t\t<\/h3>\n\n\t\t\t\t\t<\/div>\n\n\t\t<div class=\"box-content\"><p>Die Naji Cherfan Foundation teilt gerne Najis B\u00fccher mit Ihnen.<\/p>\n<\/div>\n\n\t\t<div class=\"box-image\">\n\t\t\t<a href=\"https:\/\/www.najicherfanfoundation.org\/category\/najis-books\/\" target=\"_self\">\n\t\t\t\t\t\t\t\t\t<div class=\"box-button button\">\t\n\t\t\t\t\t\t<span>Find Out More<\/span><i class=\"ion-log-in\"><\/i>\n\t\t\t\t\t<\/div>\n\t\t\t\t\n\t\t\t\t<img class=\"\" src=\"https:\/\/www.najicherfanfoundation.org\/wp-content\/uploads\/2021\/09\/NCF-books-2.jpg\" width=\"450\" height=\"198\" alt=\"NCF-books-2\" title=\"NCF-books-2\" \/>\t\t\t<\/a>\n\t\t<\/div>\n\t<\/div>\n<!-- End .imagebox -->\n[vc_empty_space height=&#8220;30px&#8220;][\/vc_column][vc_column width=&#8220;1\/3&#8243;]\n<!-- BEGIN .imagebox -->\n<div class=\"imagebox   vc_custom_1663165453709\">\n\t\n\t\t<div class=\"box-header\">\n\t\t\t<h3 class=\"box-title\">\n\t\t\t\t<a href=\"https:\/\/www.najicherfanfoundation.org\/newsletter\/\" target=\"_self\">\n\t\t\t\t\tNewsletter\t\t\t\t<\/a>\n\t\t\t<\/h3>\n\n\t\t\t\t\t<\/div>\n\n\t\t<div class=\"box-content\"><p>Sie k\u00f6nnen jeden unserer Newsletter kostenlos abonnieren und herunterladen.<\/p>\n<\/div>\n\n\t\t<div class=\"box-image\">\n\t\t\t<a href=\"https:\/\/www.najicherfanfoundation.org\/newsletter\/\" target=\"_self\">\n\t\t\t\t\t\t\t\t\t<div class=\"box-button button\">\t\n\t\t\t\t\t\t<span>Find Out More<\/span><i class=\"ion-log-in\"><\/i>\n\t\t\t\t\t<\/div>\n\t\t\t\t\n\t\t\t\t<img class=\"\" src=\"https:\/\/www.najicherfanfoundation.org\/wp-content\/uploads\/2021\/09\/NCF-newsletter-1.jpg\" width=\"450\" height=\"198\" alt=\"NCF-newsletter\" title=\"NCF-newsletter\" \/>\t\t\t<\/a>\n\t\t<\/div>\n\t<\/div>\n<!-- End .imagebox -->\n[vc_empty_space height=&#8220;30px&#8220;][\/vc_column][vc_column width=&#8220;1\/3&#8243;]\n<!-- BEGIN .imagebox -->\n<div class=\"imagebox   vc_custom_1663165479001\">\n\t\n\t\t<div class=\"box-header\">\n\t\t\t<h3 class=\"box-title\">\n\t\t\t\t<a href=\"https:\/\/www.najicherfanfoundation.org\/spiritual-videos\/\" target=\"_self\">\n\t\t\t\t\tSpirituelle Videos\t\t\t\t<\/a>\n\t\t\t<\/h3>\n\n\t\t\t\t\t<\/div>\n\n\t\t<div class=\"box-content\"><p>Wir surfen st\u00e4ndig im Internet, um Ihnen motivierende und inspirierende Geschichten zu bringen!<\/p>\n<\/div>\n\n\t\t<div class=\"box-image\">\n\t\t\t<a href=\"https:\/\/www.najicherfanfoundation.org\/spiritual-videos\/\" target=\"_self\">\n\t\t\t\t\t\t\t\t\t<div class=\"box-button button\">\t\n\t\t\t\t\t\t<span>Find Out More<\/span><i class=\"ion-log-in\"><\/i>\n\t\t\t\t\t<\/div>\n\t\t\t\t\n\t\t\t\t<img class=\"\" src=\"https:\/\/www.najicherfanfoundation.org\/wp-content\/uploads\/2021\/09\/NCF-videos-2.jpg\" width=\"450\" height=\"198\" alt=\"NCF-videos-2\" title=\"NCF-videos-2\" \/>\t\t\t<\/a>\n\t\t<\/div>\n\t<\/div>\n<!-- End .imagebox -->\n[vc_empty_space height=&#8220;30px&#8220;][\/vc_column][\/vc_row][vc_row full_width=&#8220;stretch_row&#8220; css=&#8220;.vc_custom_1631912586329{padding-top: 65px !important;padding-bottom: 170px !important;background-color: #e9eaee !important;background-position: 0 0 !important;background-repeat: no-repeat !important;}&#8220;][vc_column][vc_row_inner][vc_column_inner width=&#8220;1\/12&#8243;][\/vc_column_inner][vc_column_inner width=&#8220;5\/6&#8243;][vc_custom_heading text=&#8220;LASSEN SIE UNS FREUNDLICHKEIT, NACHBARSCHAFT UND LIEBE F\u00dcR UNSERE GEMEINSCHAFT TEILEN.&#8220; font_container=&#8220;tag:h3|font_size:42px|text_align:center&#8220; use_theme_fonts=&#8220;yes&#8220;][vc_empty_space height=&#8220;40px&#8220;][\/vc_column_inner][vc_column_inner width=&#8220;1\/12&#8243;][\/vc_column_inner][\/vc_row_inner][vc_row_inner content_placement=&#8220;middle&#8220; gap=&#8220;35&#8243;][vc_column_inner offset=&#8220;vc_col-md-7&#8243;]<ul class=\"iconlist iconlist iconlist-icon-xlarge \"><li ><div class=\"iconlist-item-icon\"><img src=\"https:\/\/www.najicherfanfoundation.org\/wp-content\/uploads\/2021\/09\/Nutrition-icon-1.png\" alt=\"Nutrition-icon-1\" \/><span class=\"shapes\"><\/span><\/div><div class=\"iconlist-item-content\"><\/p>\n<h5><a href=\"https:\/\/www.najicherfanfoundation.org\/de\/category\/gesundes-leben\/ernaehrung\/\">Ern\u00e4hrung<\/a><\/h5>\n<p><\/div><\/li><li ><div class=\"iconlist-item-icon\"><img src=\"https:\/\/www.najicherfanfoundation.org\/wp-content\/uploads\/2021\/09\/Family-and-children-icon-1.png\" alt=\"Family-and-children-icon-1\" \/><span class=\"shapes\"><\/span><\/div><div class=\"iconlist-item-content\"><\/p>\n<h5><a href=\"https:\/\/www.najicherfanfoundation.org\/de\/category\/familie-und-eltern\/familie-und-kinder\/\">Familie und Kinder<\/a><\/h5>\n<p><\/div><\/li><li ><div class=\"iconlist-item-icon\"><img src=\"https:\/\/www.najicherfanfoundation.org\/wp-content\/uploads\/2021\/09\/Education-icon.png\" alt=\"Education-icon\" \/><span class=\"shapes\"><\/span><\/div><div class=\"iconlist-item-content\"><\/p>\n<h5><a href=\"https:\/\/www.najicherfanfoundation.org\/de\/category\/familie-und-eltern\/aufklaerung\/\">Ausbildung<\/a><\/h5>\n<p><\/div><\/li><\/ul><ul class=\"iconlist iconlist iconlist-icon-xlarge \"><li ><div class=\"iconlist-item-icon\"><img src=\"https:\/\/www.najicherfanfoundation.org\/wp-content\/uploads\/2021\/09\/Children-safety-icon.png\" alt=\"Children-safety-icon\" \/><span class=\"shapes\"><\/span><\/div><div class=\"iconlist-item-content\"><\/p>\n<h5><a href=\"https:\/\/www.najicherfanfoundation.org\/de\/category\/familie-und-eltern\/sicherheit-von-kindern\/\">Sicherheit von Kindern<\/a><\/h5>\n<p><\/div><\/li><li ><div class=\"iconlist-item-icon\"><img src=\"https:\/\/www.najicherfanfoundation.org\/wp-content\/uploads\/2021\/09\/Road-safety-icon.png\" alt=\"Road-safety-icon\" \/><span class=\"shapes\"><\/span><\/div><div class=\"iconlist-item-content\"><\/p>\n<h5><a href=\"https:\/\/www.najicherfanfoundation.org\/de\/category\/sicherheit-im-strassenverkehr\/\">Verkehrssicherheit<\/a><\/h5>\n<p><\/div><\/li><li ><div class=\"iconlist-item-icon\"><img src=\"https:\/\/www.najicherfanfoundation.org\/wp-content\/uploads\/2021\/09\/Go-green-icon.png\" alt=\"Go-green-icon\" \/><span class=\"shapes\"><\/span><\/div><div class=\"iconlist-item-content\"><\/p>\n<h5><a href=\"https:\/\/www.najicherfanfoundation.org\/de\/category\/gehen-sie-gruen\/\">Gehen Sie Gr\u00fcn<\/a><\/h5>\n<p><\/div><\/li><\/ul>[vc_empty_space height=&#8220;30px&#8220;][\/vc_column_inner][vc_column_inner offset=&#8220;vc_col-md-5&#8243;][vc_column_text]Auf der Suche nach inspirierenden Artikeln zum Lesen? Durchsuchen Sie unsere Liste interessanter Kategorien und Aufs\u00e4tze zu Themen wie Gesundheit, Gl\u00fcck, Produktivit\u00e4t und mehr.<\/p>\n<p>Wir versuchen zu inspirieren, zu erheben und jeden daran zu erinnern, dass jeder Mensch den gleichen Wert besitzt und entsprechend behandelt werden sollte.[\/vc_column_text][vc_empty_space height=&#8220;30px&#8220;][vc_column_text]<\/p>\n<p style=\"text-align: center;\"><a class=\"button green\" href=\"#\">Bereit Einzutauchen?<\/a><\/p>\n<p>[\/vc_column_text][vc_empty_space height=&#8220;30px&#8220;][\/vc_column_inner][\/vc_row_inner][\/vc_column][\/vc_row][vc_row css=&#8220;.vc_custom_1519267550921{margin-top: -128px !important;}&#8220;][vc_column][\/vc_column][\/vc_row][vc_row full_width=&#8220;stretch_row&#8220; content_placement=&#8220;middle&#8220; css=&#8220;.vc_custom_1656419931166{padding-top: 80px !important;padding-bottom: 30px !important;background-image: url(https:\/\/www.najicherfanfoundation.org\/wp-content\/uploads\/2021\/09\/bg-about_03.png?id=2694) !important;background-position: center !important;background-repeat: no-repeat !important;background-size: cover !important;}&#8220;][vc_column width=&#8220;1\/2&#8243;][vc_column_text]<strong>LERNEN SIE UNS BESSER KENNEN<\/strong><\/p>\n<p>Die NCF wurde gegr\u00fcndet, um Gott zu ehren, christliche Werte zu f\u00f6rdern und hirnverletzte junge Patienten zu unterst\u00fctzen.[\/vc_column_text][vc_empty_space height=&#8220;30px&#8220;][vc_toggle title=&#8220;Leitbild&#8220;]Das Hauptziel der Naji Cherfan Foundation ist es, die Lebensqualit\u00e4t von Kindern, Jugendlichen und Erwachsenen und insbesondere von Menschen mit Hirnverletzungen durch die F\u00f6rderung christlicher Werte zu verbessern.[\/vc_toggle][vc_toggle title=&#8220;Bestimmte Ziele&#8220;]Menschen, die von Hirnverletzungen betroffen sind, zu unterst\u00fctzen und das Bewusstsein von Patienten, Familien und Therapeuten f\u00fcr das Heilungspotenzial als Ergebnis von Beharrlichkeit, Unterst\u00fctzung, Ermutigung und starkem Glauben an Gott zu sch\u00e4rfen.[\/vc_toggle][vc_toggle title=&#8220;Unsere Grundwerte&#8220;]Die Grundwerte der Stiftung basieren auf Najis Lebenspriorit\u00e4ten des christlichen Glaubens, der Verbesserung der Gesundheit und der St\u00e4rkung der Bildung.[\/vc_toggle][vc_empty_space height=&#8220;30px&#8220;][\/vc_column][vc_column width=&#8220;1\/2&#8243;][vc_row_inner][vc_column_inner width=&#8220;1\/6&#8243;][\/vc_column_inner][vc_column_inner width=&#8220;2\/3&#8243;][vc_column_text]<a id=\"69df70f4d9699\" rel=\"wp-video-lightbox\" href=\"https:\/\/www.youtube.com\/watch?v=z6LNNdPpjCs&#038;width=640&#038;height=480\" title=\"\"><img src=\"https:\/\/www.najicherfanfoundation.org\/wp-content\/uploads\/2021\/09\/About-NCF-home.jpg\" class=\"video_lightbox_anchor_image\" alt=\"text that describes this image\" \/><\/a>    <script>\r\n    \/* <![CDATA[ *\/\r\n    jQuery(document).ready(function($){\r\n        $(function(){\r\n            var width = $(window).innerWidth();\r\n            var setwidth = parseFloat(640);\r\n            var ratio = parseFloat(0.75);\r\n            var height = parseFloat(480);\r\n            var link = 'https:\/\/www.youtube.com\/watch?v=z6LNNdPpjCs&amp;width=640&amp;height=480';\r\n            if(width < setwidth)\r\n            {\r\n                height = Math.floor(width * 0.75);\r\n                \/\/console.log(\"device width \"+width+\", set width \"+640+\", ratio \"+0.75+\", new height \"+ height);\r\n                var new_url = wpvl_paramReplace('width', link, width);\r\n                var new_url = wpvl_paramReplace('height', new_url, height);\r\n                $(\"a#69df70f4d9699\").attr('href', new_url);\r\n                \/\/console.log(new_url);\r\n            }\r\n        });\r\n    });\r\n    \/* ]]> *\/\r\n    <\/script>[\/vc_column_text][vc_empty_space height=&#8220;30px&#8220;][\/vc_column_inner][vc_column_inner width=&#8220;1\/6&#8243;][\/vc_column_inner][\/vc_row_inner][\/vc_column][\/vc_row][vc_row full_width=&#8220;stretch_row&#8220; css=&#8220;.vc_custom_1637570619622{padding-top: 70px !important;padding-bottom: 70px !important;background: #0083ca url(https:\/\/www.infracode-multimedia.com\/NajiCherfan\/wp-content\/uploads\/\/2017\/12\/pattern.png?id=1091) !important;background-position: center !important;background-repeat: no-repeat !important;background-size: cover !important;}&#8220;][vc_column width=&#8220;1\/6&#8243;][\/vc_column][vc_column width=&#8220;2\/3&#8243;][vc_custom_heading text=&#8220;JESUS IST IMMER BEI DIR&#8220; font_container=&#8220;tag:h3|font_size:50px|text_align:center|color:%23ffffff&#8220; use_theme_fonts=&#8220;yes&#8220;][vc_empty_space height=&#8220;40px&#8220;][vc_video link=&#8220;https:\/\/www.youtube.com\/watch?v=v2xwT7j1FCE&#8220; align=&#8220;center&#8220;][vc_empty_space height=&#8220;40px&#8220;][\/vc_column][vc_column width=&#8220;1\/6&#8243;][\/vc_column][\/vc_row][vc_row css=&#8220;.vc_custom_1513570220567{padding-top: 80px !important;padding-bottom: 30px !important;}&#8220;][vc_column width=&#8220;1\/6&#8243;][\/vc_column][vc_column width=&#8220;2\/3&#8243;][vc_custom_heading text=&#8220;LADEN SIE UNSERE BROSCH\u00dcRE GRATIS HERUNTER&#8220; font_container=&#8220;tag:h2|font_size:50|text_align:center&#8220; use_theme_fonts=&#8220;yes&#8220;][vc_empty_space height=&#8220;5px&#8220;][vc_column_text]<\/p>\n<p style=\"text-align: center;\"><strong>ERFAHREN SIE MEHR \u00dcBER DIE NAJI CHERFAN FOUNDATION<\/strong><\/p>\n<p style=\"text-align: center;\"><a class=\"button\" href=\"#\">KOSTENLOS DOWNLOADEN<\/a><\/p>\n<p>[\/vc_column_text][\/vc_column][vc_column width=&#8220;1\/6&#8243;][\/vc_column][\/vc_row]<\/p>\n","protected":false},"excerpt":{"rendered":"<p>[vc_row full_width=&#8220;stretch_row_content_no_spaces&#8220;][vc_column][\/vc_column][\/vc_row][vc_row css=&#8220;.vc_custom_1519270672607{padding-top: 50px !important;padding-bottom: 20px !important;}&#8220;][vc_column width=&#8220;1\/3&#8243;][vc_empty_space height=&#8220;30px&#8220;][\/vc_column][vc_column width=&#8220;1\/3&#8243;][vc_empty_space height=&#8220;30px&#8220;][\/vc_column][vc_column width=&#8220;1\/3&#8243;][vc_empty_space height=&#8220;30px&#8220;][\/vc_column][\/vc_row][vc_row full_width=&#8220;stretch_row&#8220; css=&#8220;.vc_custom_1631912586329{padding-top: 65px !important;padding-bottom: 170px !important;background-color: #e9eaee !important;background-position: 0 0 !important;background-repeat: no-repeat !important;}&#8220;][vc_column][vc_row_inner][vc_column_inner width=&#8220;1\/12&#8243;][\/vc_column_inner][vc_column_inner width=&#8220;5\/6&#8243;][vc_custom_heading text=&#8220;LASSEN SIE UNS FREUNDLICHKEIT, NACHBARSCHAFT UND LIEBE F\u00dcR UNSERE GEMEINSCHAFT TEILEN.&#8220; font_container=&#8220;tag:h3|font_size:42px|text_align:center&#8220; use_theme_fonts=&#8220;yes&#8220;][vc_empty_space height=&#8220;40px&#8220;][\/vc_column_inner][vc_column_inner width=&#8220;1\/12&#8243;][\/vc_column_inner][\/vc_row_inner][vc_row_inner content_placement=&#8220;middle&#8220; gap=&#8220;35&#8243;][vc_column_inner offset=&#8220;vc_col-md-7&#8243;][vc_empty_space height=&#8220;30px&#8220;][\/vc_column_inner][vc_column_inner offset=&#8220;vc_col-md-5&#8243;][vc_column_text]Auf der Suche nach inspirierenden Artikeln zum Lesen? [&hellip;]<\/p>\n","protected":false},"author":2,"featured_media":0,"parent":0,"menu_order":0,"comment_status":"closed","ping_status":"closed","template":"","meta":{"om_disable_all_campaigns":false},"aioseo_notices":[],"_links":{"self":[{"href":"https:\/\/www.najicherfanfoundation.org\/de\/wp-json\/wp\/v2\/pages\/12762"}],"collection":[{"href":"https:\/\/www.najicherfanfoundation.org\/de\/wp-json\/wp\/v2\/pages"}],"about":[{"href":"https:\/\/www.najicherfanfoundation.org\/de\/wp-json\/wp\/v2\/types\/page"}],"author":[{"embeddable":true,"href":"https:\/\/www.najicherfanfoundation.org\/de\/wp-json\/wp\/v2\/users\/2"}],"replies":[{"embeddable":true,"href":"https:\/\/www.najicherfanfoundation.org\/de\/wp-json\/wp\/v2\/comments?post=12762"}],"version-history":[{"count":5,"href":"https:\/\/www.najicherfanfoundation.org\/de\/wp-json\/wp\/v2\/pages\/12762\/revisions"}],"predecessor-version":[{"id":20120,"href":"https:\/\/www.najicherfanfoundation.org\/de\/wp-json\/wp\/v2\/pages\/12762\/revisions\/20120"}],"wp:attachment":[{"href":"https:\/\/www.najicherfanfoundation.org\/de\/wp-json\/wp\/v2\/media?parent=12762"}],"curies":[{"name":"wp","href":"https:\/\/api.w.org\/{rel}","templated":true}]}}