{"id":13002,"date":"2021-09-19T18:26:39","date_gmt":"2021-09-19T18:26:39","guid":{"rendered":"https:\/\/www.najicherfanfoundation.org\/let-your-light-shine-2016\/"},"modified":"2023-02-15T14:32:38","modified_gmt":"2023-02-15T14:32:38","slug":"lass-dein-licht-leuchten-2016","status":"publish","type":"page","link":"https:\/\/www.najicherfanfoundation.org\/de\/lass-dein-licht-leuchten-2016\/","title":{"rendered":"LASS DEIN LICHT LEUCHTEN 2016"},"content":{"rendered":"<p>[vc_row][vc_column][vc_custom_heading text=&#8220;LASS DEIN LICHT LEUCHTEN 2016&#8243; font_container=&#8220;tag:h2|text_align:center&#8220; use_theme_fonts=&#8220;yes&#8220;][\/vc_column][\/vc_row][vc_row gap=&#8220;35&#8243; content_placement=&#8220;middle&#8220; css=&#8220;.vc_custom_1512720514030{padding-top: 40px !important;padding-bottom: 50px !important;background-position: center !important;background-repeat: no-repeat !important;background-size: cover !important;}&#8220;][vc_column width=&#8220;1\/2&#8243;]<ul class=\"iconlist iconlist iconlist-icon-large \"><li ><div class=\"iconlist-item-icon\"><i class=\"entypo-icon entypo-icon-light-down\"><\/i><span class=\"shapes\"><\/span><\/div><div class=\"iconlist-item-content\"><\/p>\n<h4 style=\"text-align: left\"><span style=\"color: #ffd928\"><strong>Internationales Konzert im \u201eCasino du Liban\u201c, einem Kommunikationsraum zwischen Griechenland und dem Libanon<\/strong><\/span><\/h4>\n<p style=\"text-align: left\">Die Naji Cherfan Foundation organisierte dieses au\u00dfergew\u00f6hnliche Konzert basierend auf der Vision von Naji Cherfan \u2013 \u201ePeople are born to shine\u201c. Diese Veranstaltung zeichnete sich durch die musikalische Vielfalt aus, die von der internationalen griechischen Mezzosopranistin Alexandra Gravas, der libanesischen K\u00fcnstlerin Charbel Rouhana und dem Chor von Saint Rafqa unter der Leitung von Schwester Marana Saad pr\u00e4sentiert wurde. Erstmals ver\u00f6ffentlichte sie den Song \u201eUnite\u201c von Charbel Rouhana, der zu Solidarit\u00e4t und Frieden aufruft.<\/p>\n<p>An der Zeremonie nahmen der Vertreter des Kulturministers, Dr. Walid Muslim und seine Frau, der stellvertretende Dr. Fadi Karam und seine Frau, Dr. George Mufrej und seine Frau teil, die Dr. Samir Geagea und die stellvertretende Setrida Geagea, den ersteren, vertraten First Lady Joyce Gemayel und ihre Enkelin, Deputy Ghassan Moukheiber und seine Frau, Seine Exzellenz, der Botschafter von Griechenland, Herr Theodoros Brassas, und Seine Exzellenz, der Konsul von Griechenland, Professor Athanasius Leosis, und Diplomaten. An der Zeremonie nahmen auch Erzbischof Aad Abi Karam, Bischof Boulos Rouhana, die Mutter-Schwester-Leiterin des Klosters der Schwestern von Saint Rafqa, Schwester Madonna Abi Rizk und eine gro\u00dfe Anzahl ehrw\u00fcrdiger V\u00e4ter, Nonnen und Geistlicher teil. Der Vizepr\u00e4sident der F\u00f6deration der Gemeinden von Kesrouan und Al Fotouh, der B\u00fcrgermeister der Gemeinde Kfour, Ingenieur Antoine Abi Saab und seine Frau, der K\u00fcnstler Marcel Khalife, der K\u00fcnstler Joseph Khalifa, die K\u00fcnstlerin Joumana Medawar, neben einer Reihe von Schauspielern, B\u00fcrgermeistern , Diplomaten, Akademiker, Sozialarbeiter, Gesch\u00e4ftsleute und Werbetreibende sowie eine Auswahl von Medien- und K\u00fcnstlergesichtern nahmen an der Zeremonie teil. Eine gro\u00dfe Menschenmenge verengte den Saal.<\/div><\/li><\/ul>[vc_btn title=&#8220;Mehr Details&#8220; style=&#8220;classic&#8220; shape=&#8220;square&#8220; align=&#8220;right&#8220; link=&#8220;url:https%3A%2F%2Fellearabia.com%2F%25D9%2585%25D8%25AC%25D8%25AA%25D9%2585%25D8%25B9%2F%25D8%25A3%25D8%25AE%25D8%25A8%25D8%25A7%25D8%25B1-%25D8%25A7%25D9%2584%25D9%2585%25D8%25AC%25D8%25AA%25D9%2585%25D8%25B9%2F%25D8%25AD%25D9%2581%25D9%2584-%25D9%2585%25D9%2588%25D8%25B3%25D9%258A%25D9%2582%25D9%258A-%25D8%25B6%25D8%25AE%25D9%2585-%25D9%258A%25D8%25AC%25D9%2585%25D8%25B9-%25D8%25A7%25D9%2584%25D9%258A%25D9%2588%25D9%2586%25D8%25A7%25D9%2586-%25D8%25A8%25D9%2584%25D8%25A8%25D9%2586%25D8%25A7%25D9%2586%23|target:_blank&#8220;][\/vc_column][vc_column width=&#8220;1\/2&#8243;][vc_single_image image=&#8220;13007&#8243; img_size=&#8220;full&#8220;][\/vc_column][\/vc_row]<\/p>\n","protected":false},"excerpt":{"rendered":"<p>[vc_row][vc_column][vc_custom_heading text=&#8220;LASS DEIN LICHT LEUCHTEN 2016&#8243; font_container=&#8220;tag:h2|text_align:center&#8220; use_theme_fonts=&#8220;yes&#8220;][\/vc_column][\/vc_row][vc_row gap=&#8220;35&#8243; content_placement=&#8220;middle&#8220; css=&#8220;.vc_custom_1512720514030{padding-top: 40px !important;padding-bottom: 50px !important;background-position: center !important;background-repeat: no-repeat !important;background-size: cover !important;}&#8220;][vc_column width=&#8220;1\/2&#8243;][vc_btn title=&#8220;Mehr Details&#8220; style=&#8220;classic&#8220; shape=&#8220;square&#8220; align=&#8220;right&#8220; link=&#8220;url:https%3A%2F%2Fellearabia.com%2F%25D9%2585%25D8%25AC%25D8%25AA%25D9%2585%25D8%25B9%2F%25D8%25A3%25D8%25AE%25D8%25A8%25D8%25A7%25D8%25B1-%25D8%25A7%25D9%2584%25D9%2585%25D8%25AC%25D8%25AA%25D9%2585%25D8%25B9%2F%25D8%25AD%25D9%2581%25D9%2584-%25D9%2585%25D9%2588%25D8%25B3%25D9%258A%25D9%2582%25D9%258A-%25D8%25B6%25D8%25AE%25D9%2585-%25D9%258A%25D8%25AC%25D9%2585%25D8%25B9-%25D8%25A7%25D9%2584%25D9%258A%25D9%2588%25D9%2586%25D8%25A7%25D9%2586-%25D8%25A8%25D9%2584%25D8%25A8%25D9%2586%25D8%25A7%25D9%2586%23|target:_blank&#8220;][\/vc_column][vc_column width=&#8220;1\/2&#8243;][vc_single_image image=&#8220;13007&#8243; img_size=&#8220;full&#8220;][\/vc_column][\/vc_row]<\/p>\n","protected":false},"author":2,"featured_media":0,"parent":0,"menu_order":0,"comment_status":"closed","ping_status":"open","template":"","meta":{"om_disable_all_campaigns":false},"aioseo_notices":[],"_links":{"self":[{"href":"https:\/\/www.najicherfanfoundation.org\/de\/wp-json\/wp\/v2\/pages\/13002"}],"collection":[{"href":"https:\/\/www.najicherfanfoundation.org\/de\/wp-json\/wp\/v2\/pages"}],"about":[{"href":"https:\/\/www.najicherfanfoundation.org\/de\/wp-json\/wp\/v2\/types\/page"}],"author":[{"embeddable":true,"href":"https:\/\/www.najicherfanfoundation.org\/de\/wp-json\/wp\/v2\/users\/2"}],"replies":[{"embeddable":true,"href":"https:\/\/www.najicherfanfoundation.org\/de\/wp-json\/wp\/v2\/comments?post=13002"}],"version-history":[{"count":5,"href":"https:\/\/www.najicherfanfoundation.org\/de\/wp-json\/wp\/v2\/pages\/13002\/revisions"}],"predecessor-version":[{"id":20116,"href":"https:\/\/www.najicherfanfoundation.org\/de\/wp-json\/wp\/v2\/pages\/13002\/revisions\/20116"}],"wp:attachment":[{"href":"https:\/\/www.najicherfanfoundation.org\/de\/wp-json\/wp\/v2\/media?parent=13002"}],"curies":[{"name":"wp","href":"https:\/\/api.w.org\/{rel}","templated":true}]}}