{"id":13052,"date":"2021-09-16T20:02:00","date_gmt":"2021-09-16T20:02:00","guid":{"rendered":"https:\/\/www.najicherfanfoundation.org\/message-from-george-sana-cherfan\/"},"modified":"2023-02-15T14:33:52","modified_gmt":"2023-02-15T14:33:52","slug":"nachricht-von-george-sana-cherfan","status":"publish","type":"page","link":"https:\/\/www.najicherfanfoundation.org\/de\/nachricht-von-george-sana-cherfan\/","title":{"rendered":"NACHRICHT VON GEORGE UND SANA CHERFAN"},"content":{"rendered":"<p>[vc_row full_width=&#8220;stretch_row&#8220; css=&#8220;.vc_custom_1632123744545{margin-top: -60px !important;padding-top: 65px !important;padding-bottom: 20px !important;background-color: #e9eaee !important;}&#8220;][vc_column][vc_empty_space height=&#8220;50px&#8220;][vc_custom_heading text=&#8220;NACHRICHT VON GEORGES &amp; SANA CHERFAN&#8220; font_container=&#8220;tag:h2|text_align:center&#8220; use_theme_fonts=&#8220;yes&#8220;][\/vc_column][\/vc_row][vc_row full_width=&#8220;stretch_row&#8220; content_placement=&#8220;middle&#8220; css=&#8220;.vc_custom_1639732221966{border-top-width: 1px !important;padding-top: 40px !important;padding-bottom: 60px !important;background-color: #e9eaee !important;}&#8220;][vc_column width=&#8220;3\/4&#8243;]\n\t<div class=\"testimonial meta-left \">\n\t\t\n\t\t<div class=\"testimonial-content\">\n\t\t\t<blockquote>\n\t\t\t\t<p>&#8222;Gestatten Sie mir, ein paar Momente mit Ihnen zu verbringen, um gemeinsam \u00fcber die Sch\u00f6nheit der Geburt Jesu Christi und das Geschenk nachzudenken, das Gott, der Sch\u00f6pfer, der Welt gesandt hat; Jesuskind in einer Krippe.&#8220;<\/p>\n\t\t\t<\/blockquote>\n\t\t<\/div>\n\n\t\t<div class=\"testimonial-meta\">\n\t\t\t\t\t\t<h3 class=\"author-name\">G.C. Cherfan<\/h3>\n\t\t\t<div class=\"author-info\"><span class=\"subtitle\">Eigent\u00fcmer &amp; Gr\u00fcnder<\/span><\/div>\n\t\t<\/div>\n\n\t<\/div>\n[\/vc_column][vc_column width=&#8220;1\/4&#8243;][vc_single_image image=&#8220;3071&#8243; img_size=&#8220;full&#8220;][\/vc_column][\/vc_row][vc_row][vc_column][vc_empty_space height=&#8220;25px&#8220;][vc_column_text]Die Bibel sagt, dass Gott die Welt so sehr liebte, dass er seinen einzigen Sohn sandte, um (Mensch) wie wir zu werden, um wiederzugewinnen, was der Himmel verloren hatte, als Adam und Eva versagten. Dieses Geschenk feiern wir jede Weihnachtszeit, indem wir uns an Gottes Verhei\u00dfung erinnern, den Erl\u00f6ser zu senden \u2026 und wir wiederum tauschen Geschenke aus, wir erneuern unsere Liebe, wir beenden unsere Feindseligkeiten und wir versuchen, etwas zur\u00fcckzugeben Gott, was wir ihm verdanken (unsere Existenz und das Leben in dieser Welt und der neuen Welt, die kommen wird. Was k\u00f6nnen wir Gott, unserem Sch\u00f6pfer, dem alles geh\u00f6rt, zur\u00fcckgeben? K\u00f6nnen wir ihm irgendetwas geben? Ja, wir k\u00f6nnen Gott viel geben. ..n\u00e4mlich unsere Liebe und unsere Herzen, das will Gott von uns, er will nicht viel![\/vc_column_text][vc_separator border_width=&#8220;2&#8243; css=&#8220;.vc_custom_1632123921360{margin-top: 25px !important;margin-bottom: 25px !important;}&#8220;][vc_row_inner][vc_column_inner width=&#8220;1\/3&#8243;][vc_custom_heading text=&#8220;Liebe &amp; Vergebung&#8220; font_container=&#8220;tag:h3|text_align:left&#8220; use_theme_fonts=&#8220;yes&#8220;][vc_empty_space height=&#8220;20px&#8220;][\/vc_column_inner][vc_column_inner width=&#8220;2\/3&#8243;][vc_column_text]Unsere N\u00e4chsten lieben wie uns selbst. Unsere Feinde zu lieben und ihnen zu vergeben. Um denen zu vergeben, die uns betr\u00fcgen und uns ausnutzen. Alle Menschen zu lieben, unabh\u00e4ngig von Rasse, Hautfarbe, Rang, Status usw. Die Obdachlosen zu lieben, die armen Waisen und armen Witwen, die oft kein Bett oder Dach als Unterschlupf haben, oder einen Laib Brot, um ihren Hunger zu stillen, oder kein Geld haben, um Medikamente zu kaufen. Uns und unseren Kindern beizubringen, so zu leben, als h\u00e4tten wir nichts, dem\u00fctig und bereit zu dienen, da das Leben ein Geschenk Gottes ist und Gesundheit, Erfolg und Ruhm usw. auch sein Segen sind.[\/vc_column_text][vc_empty_space height=&#8220;50px&#8220;][\/vc_column_inner][\/vc_row_inner][vc_row_inner][vc_column_inner width=&#8220;1\/3&#8243;][vc_custom_heading text=&#8220;Ermutigen Sie unsere Kinder&#8220; font_container=&#8220;tag:h3|text_align:left&#8220; use_theme_fonts=&#8220;yes&#8220;][vc_empty_space height=&#8220;20px&#8220;][\/vc_column_inner][vc_column_inner width=&#8220;2\/3&#8243;][vc_column_text]Uns und unseren Kindern beizubringen, wie wir das, was wir haben, mit denen teilen k\u00f6nnen, die weniger Gl\u00fcck haben und weniger privilegiert sind. Um unsere Kinder zu ermutigen. Dies kann nicht nur dadurch erreicht werden, dass man ihnen sagt, was sie tun und was sie nicht tun sollen, sondern vor allem, indem sie im wirklichen Leben das richtige Beispiel (oder Vorbild) f\u00fcr sie sind, zumal Kinder oft ihre Eltern nachahmen.<\/p>\n<p>Zum Beispiel:<\/p>\n<ul>\n<li>Ermutigen Sie sie, Gott an erster Stelle in ihrem Leben zu haben (nicht als Nummer 20 auf ihrer Priorit\u00e4tenliste).<\/li>\n<li>Gott ist ein Elternteil und wir sind seine Kinder, wenn wir dies akzeptieren und daran glauben.<\/li>\n<li>Er m\u00f6chte Beziehungen zu uns haben wie Vater und Sohn, Mutter und Tochter, Opa und Oma.<\/li>\n<\/ul>\n<p>[\/vc_column_text][vc_empty_space height=&#8220;50px&#8220;][\/vc_column_inner][\/vc_row_inner][vc_row_inner][vc_column_inner width=&#8220;1\/3&#8243;][vc_custom_heading text=&#8220;Die Neue Welt&#8220; font_container=&#8220;tag:h3|text_align:left&#8220; use_theme_fonts=&#8220;yes&#8220;][vc_empty_space height=&#8220;20px&#8220;][\/vc_column_inner][vc_column_inner width=&#8220;2\/3&#8243;][vc_column_text]Oftmals schlie\u00dfen wir jedoch unsere T\u00fcr vor Gott, aufgrund vieler dringender Priorit\u00e4ten im Leben, und das macht Ihn ungl\u00fccklich. Sind wir nicht ungl\u00fccklich, wenn wir weit weg von unseren Lieben sind?<\/p>\n<p>Gott m\u00f6chte, dass wir ewig leben, nicht nur hundert Jahre, und dass wir alles erben, was er f\u00fcr uns geschaffen hat, so wie wir m\u00f6chten, dass unsere Kinder erben, was wir haben.<\/p>\n<p>Vor allem m\u00f6chte Gott, dass alles in der Welt, im Himmel und darunter, uns geh\u00f6rt und verwaltet wird, denn wenn Jesus wiederkommt, wird es keinen Tod mehr geben. Es wird keine Kriege, Gewalt, T\u00f6ten und Hass mehr geben, da Gott mit den Heiligen und den Engeln \u00fcber eine ewige Welt ohne Ende herrschen wird.<\/p>\n<p>Die neue Welt, die Gott f\u00fcr uns haben m\u00f6chte, wird ohne Krankheit, Armut, Mangel oder Altern und ohne Tod sein. Die Bibel sagt, dass Er unsere Tr\u00e4nen abwischen und die Trennung unserer Geliebten nicht mehr zulassen wird![\/vc_column_text][vc_empty_space height=&#8220;50px&#8220;][\/vc_column_inner][\/vc_row_inner][\/vc_column][\/vc_row]<\/p>\n","protected":false},"excerpt":{"rendered":"<p>[vc_row full_width=&#8220;stretch_row&#8220; css=&#8220;.vc_custom_1632123744545{margin-top: -60px !important;padding-top: 65px !important;padding-bottom: 20px !important;background-color: #e9eaee !important;}&#8220;][vc_column][vc_empty_space height=&#8220;50px&#8220;][vc_custom_heading text=&#8220;NACHRICHT VON GEORGES &amp; SANA CHERFAN&#8220; font_container=&#8220;tag:h2|text_align:center&#8220; use_theme_fonts=&#8220;yes&#8220;][\/vc_column][\/vc_row][vc_row full_width=&#8220;stretch_row&#8220; content_placement=&#8220;middle&#8220; css=&#8220;.vc_custom_1639732221966{border-top-width: 1px !important;padding-top: 40px !important;padding-bottom: 60px !important;background-color: #e9eaee !important;}&#8220;][vc_column width=&#8220;3\/4&#8243;][\/vc_column][vc_column width=&#8220;1\/4&#8243;][vc_single_image image=&#8220;3071&#8243; img_size=&#8220;full&#8220;][\/vc_column][\/vc_row][vc_row][vc_column][vc_empty_space height=&#8220;25px&#8220;][vc_column_text]Die Bibel sagt, dass Gott die Welt so sehr liebte, dass er seinen einzigen Sohn sandte, um (Mensch) wie wir [&hellip;]<\/p>\n","protected":false},"author":2,"featured_media":0,"parent":0,"menu_order":0,"comment_status":"closed","ping_status":"open","template":"","meta":{"om_disable_all_campaigns":false},"aioseo_notices":[],"_links":{"self":[{"href":"https:\/\/www.najicherfanfoundation.org\/de\/wp-json\/wp\/v2\/pages\/13052"}],"collection":[{"href":"https:\/\/www.najicherfanfoundation.org\/de\/wp-json\/wp\/v2\/pages"}],"about":[{"href":"https:\/\/www.najicherfanfoundation.org\/de\/wp-json\/wp\/v2\/types\/page"}],"author":[{"embeddable":true,"href":"https:\/\/www.najicherfanfoundation.org\/de\/wp-json\/wp\/v2\/users\/2"}],"replies":[{"embeddable":true,"href":"https:\/\/www.najicherfanfoundation.org\/de\/wp-json\/wp\/v2\/comments?post=13052"}],"version-history":[{"count":4,"href":"https:\/\/www.najicherfanfoundation.org\/de\/wp-json\/wp\/v2\/pages\/13052\/revisions"}],"predecessor-version":[{"id":20117,"href":"https:\/\/www.najicherfanfoundation.org\/de\/wp-json\/wp\/v2\/pages\/13052\/revisions\/20117"}],"wp:attachment":[{"href":"https:\/\/www.najicherfanfoundation.org\/de\/wp-json\/wp\/v2\/media?parent=13052"}],"curies":[{"name":"wp","href":"https:\/\/api.w.org\/{rel}","templated":true}]}}