{"id":7987,"date":"2021-08-04T08:55:27","date_gmt":"2021-08-04T08:55:27","guid":{"rendered":"https:\/\/www.najicherfanfoundation.org\/about-ncf\/"},"modified":"2023-02-16T08:29:27","modified_gmt":"2023-02-16T08:29:27","slug":"acerca-de-fundacion-naji-cherfan","status":"publish","type":"page","link":"https:\/\/www.najicherfanfoundation.org\/es\/acerca-de-fundacion-naji-cherfan\/","title":{"rendered":"ACERCA DE FUNDACI\u00d3N NAJI CHERFAN"},"content":{"rendered":"<p>[vc_row full_width=\u00bbstretch_row\u00bb parallax=\u00bbcontent-moving\u00bb parallax_image=\u00bb167&#8243; css=\u00bb.vc_custom_1632071050123{margin-top: -60px !important;padding-top: 45px !important;padding-bottom: 86px !important;background: #f1f1f3 url(https:\/\/www.infracode-multimedia.com\/NajiCherfan\/wp-content\/uploads\/\/2018\/02\/bg-6ss.jpg?id=1640);background-position: center;background-repeat: no-repeat !important;background-size: cover !important;}\u00bb][vc_column width=\u00bb1\/6&#8243;][\/vc_column][vc_column width=\u00bb2\/3&#8243;][vc_custom_heading text=\u00bbSOBRE LA FUNDACI\u00d3N NAJI CHERFAN\u00bb font_container=\u00bbtag:h2|font_size:36px|text_align:center\u00bb use_theme_fonts=\u00bbyes\u00bb][vc_empty_space height=\u00bb20px\u00bb][vc_row_inner][vc_column_inner][vc_column_text]<\/p>\n<p style=\"margin: 0in 0in 6pt; text-align: center;\"><strong><span style=\"font-size: 9.0pt; font-family: 'Helvetica',sans-serif;\">\u00abLa vida no son solo 70 a\u00f1os, la vida es vida, incluso despu\u00e9s de la muerte del cuerpo\u00bb.<\/span><\/strong><br \/>\n<em><span style=\"font-size: 9.0pt; font-family: 'Helvetica',sans-serif;\">(Mensaje del Presidente: Georges C. Cherfan &#8211; Propietario y Fundador)<\/span><\/em><\/p>\n<p style=\"text-align: center;\"><span style=\"font-size: 9.0pt; font-family: 'Helvetica',sans-serif;\">El NCF se estableci\u00f3 para honrar a Dios, promover los valores cristianos y apoyar a los pacientes j\u00f3venes con lesiones cerebrales.<\/span><\/p>\n<p style=\"text-align: center;\"><span style=\"font-size: 9.0pt; font-family: 'Helvetica',sans-serif;\">Naji naci\u00f3 de padres libaneses-canadienses, el 20 de noviembre de 1978 en Amman, Jordania.<br \/>\nPoco despu\u00e9s de su nacimiento, la familia se mud\u00f3 y se estableci\u00f3 en Grecia.<br \/>\nNaji estudi\u00f3 E-Business y Multimedia, hablaba seis idiomas y estaba a cargo de Relaciones P\u00fablicas y Administraci\u00f3n dentro de la empresa familiar.<\/span><\/p>\n<p>[\/vc_column_text][\/vc_column_inner][\/vc_row_inner][vc_empty_space height=\u00bb60px\u00bb][\/vc_column][vc_column width=\u00bb1\/6&#8243;][\/vc_column][\/vc_row][vc_row css=\u00bb.vc_custom_1519788101688{margin-top: -86px !important;}\u00bb][vc_column][vc_tta_tabs active_section=\u00bb2&#8243;][vc_tta_section title=\u00bbEL ACCIDENTE\u00bb tab_id=\u00bb1519789990981-f7ccf606-c0ef5035-3bde\u00bb][vc_row_inner][vc_column_inner width=\u00bb1\/6&#8243;][\/vc_column_inner][vc_column_inner width=\u00bb2\/3&#8243;][vc_column_text]<\/p>\n<p style=\"text-align: center;\">A la edad de diecisiete a\u00f1os, Naji sufri\u00f3 una lesi\u00f3n cerebral traum\u00e1tica debido a un accidente de motocicleta. El conductor de la moto, amigo de Naji, muri\u00f3 instant\u00e1neamente. Naji estuvo en coma durante dos meses y, cuando despert\u00f3, no pod\u00eda moverse, hablar ni ver.<\/p>\n<p>[\/vc_column_text][\/vc_column_inner][vc_column_inner width=\u00bb1\/6&#8243;][\/vc_column_inner][\/vc_row_inner][\/vc_tta_section][vc_tta_section title=\u00bbLA REHABILITACI\u00d3N\u00bb tab_id=\u00bb1618922671774-71d516d2-5818&#8243;][vc_row_inner][vc_column_inner width=\u00bb1\/6&#8243;][\/vc_column_inner][vc_column_inner width=\u00bb2\/3&#8243;][vc_column_text]<\/p>\n<p style=\"margin: 0in 0in 6pt; text-align: center;\"><span style=\"font-size: 9.0pt; font-family: 'Helvetica',sans-serif;\">Durante casi once a\u00f1os, Naji viaj\u00f3 a centros de terapia en Arizona, Texas, Florida, Londres, Alemania, Canad\u00e1 y Grecia. Su per\u00edodo de rehabilitaci\u00f3n fue un viaje de coraje, fe y determinaci\u00f3n.<\/span><\/p>\n<p style=\"margin: 0in 0in 6pt; text-align: center;\"><span style=\"font-size: 9.0pt; font-family: 'Helvetica',sans-serif;\">Al escribir y publicar estos libros, Naji quer\u00eda transmitir un mensaje de esperanza a todos aquellos que sufr\u00edan una discapacidad, especialmente una lesi\u00f3n cerebral. \u00a1\u201cTodos Nacimos Para Brillar\u201d! Este era el mensaje que Naji quer\u00eda comunicar a pacientes, familias y terapeutas afectados por lesiones cerebrales. El alienta a quienes padecen una enfermedad o discapacidad a ser proactivos y cambiar su destino creyendo en s\u00ed mismos y yendo m\u00e1s all\u00e1 de lo que se les dice que pueden hacer.<\/span><\/p>\n<p style=\"margin: 0in 0in 6pt; text-align: center;\"><span style=\"font-size: 9.0pt; font-family: 'Helvetica',sans-serif;\">Los libros de Naji se han traducido a m\u00e1s de seis idiomas y pronto estar\u00e1n disponibles a trav\u00e9s del sitio web de la Fundaci\u00f3n Naji Cherfan. Naji tambi\u00e9n desarroll\u00f3 un sitio web personal: <\/span><a href=\"http:\/\/www.virtualpatience.com\"><span style=\"font-size: 9.0pt; font-family: 'Helvetica',sans-serif;\">www.virtualpatience.com<\/span><\/a><span style=\"font-size: 9.0pt; font-family: 'Helvetica',sans-serif;\">. Por favor, vis\u00edtelo para obtener m\u00e1s detalles sobre su viaje, libros y entrevistas.<\/span><\/p>\n<p>[\/vc_column_text][\/vc_column_inner][vc_column_inner width=\u00bb1\/6&#8243;][\/vc_column_inner][\/vc_row_inner][\/vc_tta_section][vc_tta_section title=\u00bbLA FUNDACI\u00d3N\u00bb tab_id=\u00bb1618922836335-741f14ec-d16c\u00bb][vc_row_inner][vc_column_inner width=\u00bb1\/6&#8243;][\/vc_column_inner][vc_column_inner width=\u00bb2\/3&#8243;][vc_column_text]<\/p>\n<p style=\"margin: 0in 0in 6pt; text-align: center;\"><span style=\"font-size: 9.0pt; font-family: 'Helvetica',sans-serif;\">Naji Cherfan falleci\u00f3 el 31 de julio de 2008 debido a un ataque epil\u00e9ptico que le provoc\u00f3 insuficiencia card\u00edaca mientras dorm\u00eda. Su ausencia ha dejado un gran vac\u00edo en la vida de su familia y amigos, y la Fundaci\u00f3n Naji Cherfan es fruto del esfuerzo por honrar su memoria.<\/span><\/p>\n<p style=\"margin: 0in 0in 6pt; text-align: center;\"><span style=\"font-size: 9.0pt; font-family: 'Helvetica',sans-serif;\">Los valores fundamentales de la Fundaci\u00f3n se basan en las prioridades de la vida de Naji en la fe cristiana, mejorar la salud y fortalecer la educaci\u00f3n.<\/span><\/p>\n<p>[\/vc_column_text][\/vc_column_inner][vc_column_inner width=\u00bb1\/6&#8243;][\/vc_column_inner][\/vc_row_inner][\/vc_tta_section][\/vc_tta_tabs][vc_empty_space height=\u00bb60px\u00bb][\/vc_column][\/vc_row][vc_row full_width=\u00bbstretch_row\u00bb css=\u00bb.vc_custom_1661929564687{padding-top: 80px !important;padding-bottom: 40px !important;background: #0083ca url(https:\/\/www.infracode-multimedia.com\/NajiCherfan\/wp-content\/uploads\/\/2017\/12\/bg-main.svg?id=1098) !important;background-position: center !important;background-repeat: no-repeat !important;background-size: cover !important;}\u00bb][vc_column][vc_row_inner][vc_column_inner width=\u00bb1\/12&#8243;][\/vc_column_inner][vc_column_inner width=\u00bb5\/6&#8243;][vc_custom_heading text=\u00bbMISI\u00d3N Y OBJETIVOS\u00bb font_container=\u00bbtag:h2|text_align:center|color:%23ffffff\u00bb use_theme_fonts=\u00bbyes\u00bb][\/vc_column_inner][vc_column_inner width=\u00bb1\/12&#8243;][\/vc_column_inner][\/vc_row_inner][vc_empty_space height=\u00bb50px\u00bb][vc_row_inner content_placement=\u00bbmiddle\u00bb gap=\u00bb30&#8243;][vc_column_inner width=\u00bb1\/2&#8243;]<ul class=\"iconlist iconlist iconlist-icon-small \"><li ><div class=\"iconlist-item-icon\"><span class=\"shapes\"><\/span><\/div><div class=\"iconlist-item-content\"><\/p>\n<p style=\"text-align: justify;margin: 0in 0in 6.0pt 0in\"><strong><span style=\"font-size: 9.0pt;font-family: 'Helvetica',sans-serif\">La Fundaci\u00f3n Naji Cherfan tiene como principal objetivo el mejorar la calidad de vida de ni\u00f1os, adolescentes y adultos, y especialmente de aquellos afectados por lesiones cerebrales, mediante la promoci\u00f3n de los valores cristianos. <\/span><\/strong><\/p>\n<p style=\"text-align: justify;margin: 0in 0in 6.0pt 0in\"><strong><span style=\"font-size: 9.0pt;font-family: 'Helvetica',sans-serif\">Apoyar a personas afectadas por lesiones cerebrales y sensibilizar a pacientes, familiares y terapeutas sobre el potencial de recuperaci\u00f3n como resultado de la perseverancia, el apoyo, el aliento y una fuerte fe en Dios. <\/span><\/strong><\/p>\n<p style=\"text-align: justify;margin: 0in 0in 6.0pt 0in\"><strong><span style=\"font-size: 9.0pt;font-family: 'Helvetica',sans-serif\">Apoyar a hu\u00e9rfanos, grupos de j\u00f3venes y poblaci\u00f3n en general brindando servicios de salud y educaci\u00f3n, mientras difunde la palabra de Dios.<\/span><\/strong><\/p>\n<p><\/div><\/li><\/ul>[vc_empty_space height=\u00bb20px\u00bb][\/vc_column_inner][vc_column_inner width=\u00bb1\/2&#8243;][vc_single_image image=\u00bb7991&#8243; img_size=\u00bbfull\u00bb][vc_empty_space height=\u00bb20px\u00bb][\/vc_column_inner][\/vc_row_inner][\/vc_column][\/vc_row]<\/p>\n","protected":false},"excerpt":{"rendered":"<p>[vc_row full_width=\u00bbstretch_row\u00bb parallax=\u00bbcontent-moving\u00bb parallax_image=\u00bb167&#8243; css=\u00bb.vc_custom_1632071050123{margin-top: -60px !important;padding-top: 45px !important;padding-bottom: 86px !important;background: #f1f1f3 url(https:\/\/www.infracode-multimedia.com\/NajiCherfan\/wp-content\/uploads\/\/2018\/02\/bg-6ss.jpg?id=1640);background-position: center;background-repeat: no-repeat !important;background-size: cover !important;}\u00bb][vc_column width=\u00bb1\/6&#8243;][\/vc_column][vc_column width=\u00bb2\/3&#8243;][vc_custom_heading text=\u00bbSOBRE LA FUNDACI\u00d3N NAJI CHERFAN\u00bb font_container=\u00bbtag:h2|font_size:36px|text_align:center\u00bb use_theme_fonts=\u00bbyes\u00bb][vc_empty_space height=\u00bb20px\u00bb][vc_row_inner][vc_column_inner][vc_column_text] \u00abLa vida no son solo 70 a\u00f1os, la vida es vida, incluso despu\u00e9s de la muerte del cuerpo\u00bb. (Mensaje del Presidente: Georges C. Cherfan &#8211; Propietario y [&hellip;]<\/p>\n","protected":false},"author":2,"featured_media":0,"parent":0,"menu_order":0,"comment_status":"closed","ping_status":"closed","template":"","meta":{"om_disable_all_campaigns":false},"aioseo_notices":[],"_links":{"self":[{"href":"https:\/\/www.najicherfanfoundation.org\/es\/wp-json\/wp\/v2\/pages\/7987"}],"collection":[{"href":"https:\/\/www.najicherfanfoundation.org\/es\/wp-json\/wp\/v2\/pages"}],"about":[{"href":"https:\/\/www.najicherfanfoundation.org\/es\/wp-json\/wp\/v2\/types\/page"}],"author":[{"embeddable":true,"href":"https:\/\/www.najicherfanfoundation.org\/es\/wp-json\/wp\/v2\/users\/2"}],"replies":[{"embeddable":true,"href":"https:\/\/www.najicherfanfoundation.org\/es\/wp-json\/wp\/v2\/comments?post=7987"}],"version-history":[{"count":8,"href":"https:\/\/www.najicherfanfoundation.org\/es\/wp-json\/wp\/v2\/pages\/7987\/revisions"}],"predecessor-version":[{"id":20306,"href":"https:\/\/www.najicherfanfoundation.org\/es\/wp-json\/wp\/v2\/pages\/7987\/revisions\/20306"}],"wp:attachment":[{"href":"https:\/\/www.najicherfanfoundation.org\/es\/wp-json\/wp\/v2\/media?parent=7987"}],"curies":[{"name":"wp","href":"https:\/\/api.w.org\/{rel}","templated":true}]}}