{"id":7992,"date":"2017-09-27T08:29:29","date_gmt":"2017-09-27T08:29:29","guid":{"rendered":"https:\/\/www.najicherfanfoundation.org\/contact-us\/"},"modified":"2023-02-16T08:31:31","modified_gmt":"2023-02-16T08:31:31","slug":"contactenos","status":"publish","type":"page","link":"https:\/\/www.najicherfanfoundation.org\/es\/contactenos\/","title":{"rendered":"CONT\u00c1CTENOS"},"content":{"rendered":"<p>[vc_row equal_height=\u00bbyes\u00bb css=\u00bb.vc_custom_1513048596846{margin-right: 0px !important;margin-bottom: 90px !important;margin-left: 0px !important;}\u00bb][vc_column width=\u00bb2\/3&#8243; css=\u00bb.vc_custom_1513048602768{background-color: #ffffff !important;}\u00bb el_class=\u00bbshadow\u00bb][vc_empty_space height=\u00bb50px\u00bb][vc_row_inner][vc_column_inner width=\u00bb1\/12&#8243;][\/vc_column_inner][vc_column_inner width=\u00bb5\/6&#8243;][vc_column_text]<\/p>\n<h3 class=\"no-margin-top\" style=\"text-align: center;\">\u00a1Nos encantar\u00eda saber de usted!<\/h3>\n<p>[\/vc_column_text][vc_empty_space height=\u00bb10px\u00bb][vc_column_text]<\/p>\n<p style=\"margin: 0in 0in 6pt; text-align: center;\"><span style=\"font-size: 9.0pt; font-family: 'Helvetica',sans-serif;\">Si tienes alguna pregunta sobre alguno de nuestros proyectos o quieres saber m\u00e1s sobre a d\u00f3nde van tus donaciones, o si tienes problemas con nuestro sitio web, estamos aqu\u00ed para ayudarte e informarte. Aunque recibimos docenas de correos electr\u00f3nicos cada semana, seguimos comprometidos a responder a su correo electr\u00f3nico dentro de los tres d\u00edas. <\/span><\/p>\n<p style=\"margin: 0in 0in 6pt; text-align: center;\"><span style=\"font-size: 9.0pt; font-family: 'Helvetica',sans-serif;\">T\u00f3mese un momento para escribirnos un correo electr\u00f3nico: <\/span><a href=\"mailto:info@najicherfanfoundation.org\"><span style=\"font-size: 9.0pt; font-family: 'Helvetica',sans-serif; color: #0563c1;\">info@najicherfanfoundation.org<\/span><\/a><\/p>\n<p>[\/vc_column_text][vc_empty_space height=\u00bb35px\u00bb]<div role=\"form\" class=\"wpcf7\" id=\"wpcf7-f1678-o1\" lang=\"en-US\" dir=\"ltr\">\n<div class=\"screen-reader-response\"><p role=\"status\" aria-live=\"polite\" aria-atomic=\"true\"><\/p> <ul><\/ul><\/div>\n<form action=\"\/es\/wp-json\/wp\/v2\/pages\/7992#wpcf7-f1678-o1\" method=\"post\" class=\"wpcf7-form init\" novalidate=\"novalidate\" data-status=\"init\">\n<div style=\"display: none;\">\n<input type=\"hidden\" name=\"_wpcf7\" value=\"1678\" \/>\n<input type=\"hidden\" name=\"_wpcf7_version\" value=\"5.5.3\" \/>\n<input type=\"hidden\" name=\"_wpcf7_locale\" value=\"en_US\" \/>\n<input type=\"hidden\" name=\"_wpcf7_unit_tag\" value=\"wpcf7-f1678-o1\" \/>\n<input type=\"hidden\" name=\"_wpcf7_container_post\" value=\"0\" \/>\n<input type=\"hidden\" name=\"_wpcf7_posted_data_hash\" value=\"\" \/>\n<input type=\"hidden\" name=\"_wpcf7_recaptcha_response\" value=\"\" \/>\n<\/div>\n<div class=\"form-request\">\n<div class=\"row\">\n<div class=\"columns columns-6\"><span class=\"wpcf7-form-control-wrap Name\"><input type=\"text\" name=\"Name\" value=\"\" size=\"40\" class=\"wpcf7-form-control wpcf7-text\" aria-invalid=\"false\" placeholder=\"First Name\" \/><\/span><\/div>\n<div class=\"columns columns-6\"><span class=\"wpcf7-form-control-wrap Last\"><input type=\"text\" name=\"Last\" value=\"\" size=\"40\" class=\"wpcf7-form-control wpcf7-text\" aria-invalid=\"false\" placeholder=\"Last Name\" \/><\/span><\/div>\n<\/div>\n<div class=\"row\">\n<div class=\"columns columns-6\"><span class=\"wpcf7-form-control-wrap email\"><input type=\"email\" name=\"email\" value=\"\" size=\"40\" class=\"wpcf7-form-control wpcf7-text wpcf7-email wpcf7-validates-as-email\" aria-invalid=\"false\" placeholder=\"Your Email\" \/><\/span><\/div>\n<div class=\"columns columns-6\"><span class=\"wpcf7-form-control-wrap phone\"><input type=\"text\" name=\"phone\" value=\"\" size=\"40\" class=\"wpcf7-form-control wpcf7-text\" aria-invalid=\"false\" placeholder=\"Your Phone\" \/><\/span><\/div>\n<\/div>\n<div class=\"row\">\n<div class=\"columns columns-12\"><span class=\"wpcf7-form-control-wrap message\"><textarea name=\"message\" cols=\"40\" rows=\"10\" class=\"wpcf7-form-control wpcf7-textarea\" aria-invalid=\"false\" placeholder=\"Message\"><\/textarea><\/span><\/div>\n<\/div>\n<div class=\"row\">\n<div class=\"columns columns-12\">\n<span class=\"wpcf7-form-control-wrap recaptcha\" data-name=\"recaptcha\"><span data-sitekey=\"6Lfh4I4fAAAAAOZs8QFIopGHx1IusmgFugb3vRKW\" class=\"wpcf7-form-control g-recaptcha wpcf7-recaptcha\"><\/span>\r\n<noscript>\r\n\t<div class=\"grecaptcha-noscript\">\r\n\t\t<iframe src=\"https:\/\/www.google.com\/recaptcha\/api\/fallback?k=6Lfh4I4fAAAAAOZs8QFIopGHx1IusmgFugb3vRKW\" frameborder=\"0\" scrolling=\"no\" width=\"310\" height=\"430\">\r\n\t\t<\/iframe>\r\n\t\t<textarea name=\"g-recaptcha-response\" rows=\"3\" cols=\"40\" placeholder=\"Aqu\u00ed la respuesta de reCAPTCHA\">\r\n\t\t<\/textarea>\r\n\t<\/div>\r\n<\/noscript>\r\n<\/span>\n<\/div>\n<\/div>\n<div class=\"row\">\n<div class=\"columns columns-12\"><input type=\"submit\" value=\"Submit\" class=\"wpcf7-form-control has-spinner wpcf7-submit\" \/><\/div>\n<\/div>\n<\/div>\n<p style=\"display: none !important;\" class=\"akismet-fields-container\" data-prefix=\"_wpcf7_ak_\"><label>&#916;<textarea name=\"_wpcf7_ak_hp_textarea\" cols=\"45\" rows=\"8\" maxlength=\"100\"><\/textarea><\/label><input type=\"hidden\" id=\"ak_js_1\" name=\"_wpcf7_ak_js\" value=\"8\"\/><script>document.getElementById( \"ak_js_1\" ).setAttribute( \"value\", ( new Date() ).getTime() );<\/script><\/p><div class=\"wpcf7-response-output\" aria-hidden=\"true\"><\/div><\/form><\/div>[vc_empty_space height=\u00bb20px\u00bb][\/vc_column_inner][vc_column_inner width=\u00bb1\/12&#8243;][\/vc_column_inner][\/vc_row_inner][vc_empty_space height=\u00bb50px\u00bb][\/vc_column][vc_column width=\u00bb1\/3&#8243; css=\u00bb.vc_custom_1513048549225{padding-top: 90px !important;padding-right: 50px !important;padding-bottom: 50px !important;padding-left: 50px !important;background-color: #f2f2f3 !important;}\u00bb][vc_column_text]<\/p>\n<h5 style=\"margin: 0 0 10px 0;\">Grecia:<\/h5>\n<p>Atenas | Konitsis 5 | Marousi 151 25<br \/>\n<strong>Tel\u00e9fono:<\/strong> +30-210-6146-560 (ext. 102)<br \/>\n<strong>Fax:<\/strong> +30-210-8061-765[\/vc_column_text][vc_empty_space height=\u00bb30px\u00bb][vc_column_text]<\/p>\n<h5 style=\"margin: 0 0 10px 0;\"><strong><u>L\u00edbano<\/u><\/strong>:<\/h5>\n<p>Edificio Bitar &amp; Kiame | 6to Piso. | Junto al Hospital de Ojos y O\u00eddos en la calle San Vincent (Calle Mar Mansour) | Naccache<br \/>\n<strong>Tel\u00e9fono:<\/strong> +961 (0)4 522221<br \/>\n<strong>M\u00f3vil:<\/strong> +961 70 013330<br \/>\n<strong>Correo electr\u00f3nico:<\/strong> info@najicherfanfoundation.org<\/p>\n<p>Correo electr\u00f3nico. 2859872<br \/>\nN\u00famero de registro 2154[\/vc_column_text][\/vc_column][\/vc_row]<\/p>\n","protected":false},"excerpt":{"rendered":"<p>[vc_row equal_height=\u00bbyes\u00bb css=\u00bb.vc_custom_1513048596846{margin-right: 0px !important;margin-bottom: 90px !important;margin-left: 0px !important;}\u00bb][vc_column width=\u00bb2\/3&#8243; css=\u00bb.vc_custom_1513048602768{background-color: #ffffff !important;}\u00bb el_class=\u00bbshadow\u00bb][vc_empty_space height=\u00bb50px\u00bb][vc_row_inner][vc_column_inner width=\u00bb1\/12&#8243;][\/vc_column_inner][vc_column_inner width=\u00bb5\/6&#8243;][vc_column_text] \u00a1Nos encantar\u00eda saber de usted! [\/vc_column_text][vc_empty_space height=\u00bb10px\u00bb][vc_column_text] Si tienes alguna pregunta sobre alguno de nuestros proyectos o quieres saber m\u00e1s sobre a d\u00f3nde van tus donaciones, o si tienes problemas con nuestro sitio web, estamos aqu\u00ed para ayudarte [&hellip;]<\/p>\n","protected":false},"author":2,"featured_media":0,"parent":0,"menu_order":0,"comment_status":"closed","ping_status":"closed","template":"","meta":{"om_disable_all_campaigns":false},"aioseo_notices":[],"_links":{"self":[{"href":"https:\/\/www.najicherfanfoundation.org\/es\/wp-json\/wp\/v2\/pages\/7992"}],"collection":[{"href":"https:\/\/www.najicherfanfoundation.org\/es\/wp-json\/wp\/v2\/pages"}],"about":[{"href":"https:\/\/www.najicherfanfoundation.org\/es\/wp-json\/wp\/v2\/types\/page"}],"author":[{"embeddable":true,"href":"https:\/\/www.najicherfanfoundation.org\/es\/wp-json\/wp\/v2\/users\/2"}],"replies":[{"embeddable":true,"href":"https:\/\/www.najicherfanfoundation.org\/es\/wp-json\/wp\/v2\/comments?post=7992"}],"version-history":[{"count":4,"href":"https:\/\/www.najicherfanfoundation.org\/es\/wp-json\/wp\/v2\/pages\/7992\/revisions"}],"predecessor-version":[{"id":20308,"href":"https:\/\/www.najicherfanfoundation.org\/es\/wp-json\/wp\/v2\/pages\/7992\/revisions\/20308"}],"wp:attachment":[{"href":"https:\/\/www.najicherfanfoundation.org\/es\/wp-json\/wp\/v2\/media?parent=7992"}],"curies":[{"name":"wp","href":"https:\/\/api.w.org\/{rel}","templated":true}]}}