{"id":8015,"date":"2021-09-19T18:06:53","date_gmt":"2021-09-19T18:06:53","guid":{"rendered":"https:\/\/www.najicherfanfoundation.org\/let-your-light-shine-2017\/"},"modified":"2022-07-18T15:30:29","modified_gmt":"2022-07-18T15:30:29","slug":"deja-brillar-tu-luz-2017","status":"publish","type":"page","link":"https:\/\/www.najicherfanfoundation.org\/es\/deja-brillar-tu-luz-2017\/","title":{"rendered":"DEJA BRILLAR TU LUZ- 2017"},"content":{"rendered":"<p>[vc_row][vc_column][vc_custom_heading text=\u00bbDEJA BRILLAR TU LUZ- 2017&#8243; font_container=\u00bbtag:h2|text_align:center\u00bb use_theme_fonts=\u00bbyes\u00bb][\/vc_column][\/vc_row][vc_row gap=\u00bb35&#8243; content_placement=\u00bbmiddle\u00bb css=\u00bb.vc_custom_1512720514030{padding-top: 40px !important;padding-bottom: 50px !important;background-position: center !important;background-repeat: no-repeat !important;background-size: cover !important;}\u00bb][vc_column width=\u00bb1\/2&#8243;]<ul class=\"iconlist iconlist iconlist-icon-large \"><li ><div class=\"iconlist-item-icon\"><i class=\"entypo-icon entypo-icon-light-down\"><\/i><span class=\"shapes\"><\/span><\/div><div class=\"iconlist-item-content\"><\/p>\n<h4 style=\"text-align: justify\"><span style=\"color: #ffd928\">La Fundaci\u00f3n Naji Cherfan presenta:<\/span><\/h4>\n<p>Un concierto dedicado a un objetivo puramente ben\u00e9fico, el 20 de noviembre de 2017 en Megaron \u2013 The Athens Concert Hall. El concierto, titulado \u00abLet Your Light Shine\u00bb, ser\u00e1 interpretado por la internacional mezzosoprano griega Alexandra Gravas. Las ganancias de esta noche se ofrecer\u00e1n a la Fundaci\u00f3n Eliza para la Prevenci\u00f3n de la Crueldad contra los Ni\u00f1os y la Fundaci\u00f3n Infantil Pammakaristos. Tambi\u00e9n actuar\u00e1 el Coro Juvenil Nea Smyrni Lyceum dirigido por Katerina Vassilikou y Olivia Garc\u00eda.<\/p>\n<p>Alexandra Gravas interpretar\u00e1 un programa que incluye canciones de Grecia, M\u00e9xico, China, L\u00edbano, Francia, Alemania, uniendo a trav\u00e9s de su voz diferentes civilizaciones y culturas. La Fundaci\u00f3n Naji Cherfan \u2013 NCF organiza este concierto ben\u00e9fico en honor a Naji Cherfan, fallecido en 2008 tras un accidente de moto en Grecia en 1996. Su ausencia ha dejado un vac\u00edo en la vida de su familia y amigos.<\/div><\/li><\/ul>[\/vc_column][vc_column width=\u00bb1\/2&#8243;][vc_single_image image=\u00bb4843&#8243; img_size=\u00bbfull\u00bb][\/vc_column][\/vc_row]<\/p>\n","protected":false},"excerpt":{"rendered":"<p>[vc_row][vc_column][vc_custom_heading text=\u00bbDEJA BRILLAR TU LUZ- 2017&#8243; font_container=\u00bbtag:h2|text_align:center\u00bb use_theme_fonts=\u00bbyes\u00bb][\/vc_column][\/vc_row][vc_row gap=\u00bb35&#8243; content_placement=\u00bbmiddle\u00bb css=\u00bb.vc_custom_1512720514030{padding-top: 40px !important;padding-bottom: 50px !important;background-position: center !important;background-repeat: no-repeat !important;background-size: cover !important;}\u00bb][vc_column width=\u00bb1\/2&#8243;][\/vc_column][vc_column width=\u00bb1\/2&#8243;][vc_single_image image=\u00bb4843&#8243; img_size=\u00bbfull\u00bb][\/vc_column][\/vc_row]<\/p>\n","protected":false},"author":2,"featured_media":0,"parent":0,"menu_order":0,"comment_status":"closed","ping_status":"open","template":"","meta":{"om_disable_all_campaigns":false},"aioseo_notices":[],"_links":{"self":[{"href":"https:\/\/www.najicherfanfoundation.org\/es\/wp-json\/wp\/v2\/pages\/8015"}],"collection":[{"href":"https:\/\/www.najicherfanfoundation.org\/es\/wp-json\/wp\/v2\/pages"}],"about":[{"href":"https:\/\/www.najicherfanfoundation.org\/es\/wp-json\/wp\/v2\/types\/page"}],"author":[{"embeddable":true,"href":"https:\/\/www.najicherfanfoundation.org\/es\/wp-json\/wp\/v2\/users\/2"}],"replies":[{"embeddable":true,"href":"https:\/\/www.najicherfanfoundation.org\/es\/wp-json\/wp\/v2\/comments?post=8015"}],"version-history":[{"count":3,"href":"https:\/\/www.najicherfanfoundation.org\/es\/wp-json\/wp\/v2\/pages\/8015\/revisions"}],"predecessor-version":[{"id":8072,"href":"https:\/\/www.najicherfanfoundation.org\/es\/wp-json\/wp\/v2\/pages\/8015\/revisions\/8072"}],"wp:attachment":[{"href":"https:\/\/www.najicherfanfoundation.org\/es\/wp-json\/wp\/v2\/media?parent=8015"}],"curies":[{"name":"wp","href":"https:\/\/api.w.org\/{rel}","templated":true}]}}