{"id":8052,"date":"2021-09-19T18:26:39","date_gmt":"2021-09-19T18:26:39","guid":{"rendered":"https:\/\/www.najicherfanfoundation.org\/let-your-light-shine-2016\/"},"modified":"2023-02-16T08:50:42","modified_gmt":"2023-02-16T08:50:42","slug":"deja-brillar-tu-luz-2016","status":"publish","type":"page","link":"https:\/\/www.najicherfanfoundation.org\/es\/deja-brillar-tu-luz-2016\/","title":{"rendered":"DEJA BRILLAR TU LUZ- 2016"},"content":{"rendered":"<p>[vc_row][vc_column][vc_custom_heading text=\u00bbDEJA BRILLAR TU LUZ- 2016&#8243; font_container=\u00bbtag:h2|text_align:center\u00bb use_theme_fonts=\u00bbyes\u00bb][\/vc_column][\/vc_row][vc_row gap=\u00bb35&#8243; content_placement=\u00bbmiddle\u00bb css=\u00bb.vc_custom_1512720514030{padding-top: 40px !important;padding-bottom: 50px !important;background-position: center !important;background-repeat: no-repeat !important;background-size: cover !important;}\u00bb][vc_column width=\u00bb1\/2&#8243;]<ul class=\"iconlist iconlist iconlist-icon-large \"><li ><div class=\"iconlist-item-icon\"><i class=\"entypo-icon entypo-icon-light-down\"><\/i><span class=\"shapes\"><\/span><\/div><div class=\"iconlist-item-content\"><\/p>\n<h4 style=\"text-align: left\"><span style=\"color: #ffd928\">Concierto internacional en el \u201cCasino du Liban\u201d, espacio de comunicaci\u00f3n entre Grecia y L\u00edbano<\/span><\/h4>\n<p>La Fundaci\u00f3n Naji Cherfan organiz\u00f3 este extraordinario concierto basado en la visi\u00f3n escrita por Naji Cherfan &#8211; \u00abLa gente nace para brillar\u00bb. Este evento se distingui\u00f3 por la diversidad musical presentada por la internacional mezzo soprano griega Alexandra Gravas, el artista liban\u00e9s Charbel Rouhana y el coro de Santa Rafqa dirigido por la hermana Marana Saad. Por primera vez, se lanz\u00f3 la canci\u00f3n \u00abUnite\u00bb de Charbel Rouhana, que hace un llamado a la solidaridad y a la paz.<\/p>\n<p style=\"text-align: left\">A la ceremonia asistieron el representante del Ministro de Cultura, Dr. Walid Muslim y su esposa, el Diputado Dr. Fadi Karam y su esposa, el Dr. George Mufrej y su esposa, en representaci\u00f3n del Dr. Samir Geagea y la Diputada Setrida Geagea, la ex La Primera Dama Joyce Gemayel y su nieta, el Diputado Ghassan Moukheiber y su esposa, Su Excelencia el Embajador de Grecia Sr. Theodoros Brassas, y Su Excelencia el C\u00f3nsul de Grecia Profesor Athanasius Leosis, y diplom\u00e1ticos. En la ceremonia tambi\u00e9n participaron el arzobispo Aad Abi Karam, el obispo Boulos Rouhana, la madre hermana jefa del Convento de las Hermanas de Santa Rafqa, la hermana Madonna Abi Rizk, y un gran n\u00famero de venerables padres, monjas y cl\u00e9rigos. El vicepresidente de la Federaci\u00f3n de Municipios de Kesrouan y Al Fotouh, el alcalde del municipio de Kfour, el ingeniero Antoine Abi Saab y su esposa, los artistas Marcel Khalife, Joseph Khalifa, Joumana Medawar, adem\u00e1s de varios alcaldes En la ceremonia participaron diplom\u00e1ticos, acad\u00e9micos, trabajadores sociales, empresarios y publicistas, y una selecci\u00f3n de rostros medi\u00e1ticos y art\u00edsticos. Una gran multitud abarrot\u00f3 la sala.<\/p>\n<p><\/div><\/li><\/ul>[vc_btn title=\u00bbM\u00e1s detalles\u00bb style=\u00bbclassic\u00bb shape=\u00bbsquare\u00bb align=\u00bbright\u00bb link=\u00bburl:https%3A%2F%2Fellearabia.com%2F%25D9%2585%25D8%25AC%25D8%25AA%25D9%2585%25D8%25B9%2F%25D8%25A3%25D8%25AE%25D8%25A8%25D8%25A7%25D8%25B1-%25D8%25A7%25D9%2584%25D9%2585%25D8%25AC%25D8%25AA%25D9%2585%25D8%25B9%2F%25D8%25AD%25D9%2581%25D9%2584-%25D9%2585%25D9%2588%25D8%25B3%25D9%258A%25D9%2582%25D9%258A-%25D8%25B6%25D8%25AE%25D9%2585-%25D9%258A%25D8%25AC%25D9%2585%25D8%25B9-%25D8%25A7%25D9%2584%25D9%258A%25D9%2588%25D9%2586%25D8%25A7%25D9%2586-%25D8%25A8%25D9%2584%25D8%25A8%25D9%2586%25D8%25A7%25D9%2586%23|target:_blank\u00bb][\/vc_column][vc_column width=\u00bb1\/2&#8243;][vc_single_image image=\u00bb8057&#8243; img_size=\u00bbfull\u00bb][\/vc_column][\/vc_row]<\/p>\n","protected":false},"excerpt":{"rendered":"<p>[vc_row][vc_column][vc_custom_heading text=\u00bbDEJA BRILLAR TU LUZ- 2016&#8243; font_container=\u00bbtag:h2|text_align:center\u00bb use_theme_fonts=\u00bbyes\u00bb][\/vc_column][\/vc_row][vc_row gap=\u00bb35&#8243; content_placement=\u00bbmiddle\u00bb css=\u00bb.vc_custom_1512720514030{padding-top: 40px !important;padding-bottom: 50px !important;background-position: center !important;background-repeat: no-repeat !important;background-size: cover !important;}\u00bb][vc_column width=\u00bb1\/2&#8243;][vc_btn title=\u00bbM\u00e1s detalles\u00bb style=\u00bbclassic\u00bb shape=\u00bbsquare\u00bb align=\u00bbright\u00bb link=\u00bburl:https%3A%2F%2Fellearabia.com%2F%25D9%2585%25D8%25AC%25D8%25AA%25D9%2585%25D8%25B9%2F%25D8%25A3%25D8%25AE%25D8%25A8%25D8%25A7%25D8%25B1-%25D8%25A7%25D9%2584%25D9%2585%25D8%25AC%25D8%25AA%25D9%2585%25D8%25B9%2F%25D8%25AD%25D9%2581%25D9%2584-%25D9%2585%25D9%2588%25D8%25B3%25D9%258A%25D9%2582%25D9%258A-%25D8%25B6%25D8%25AE%25D9%2585-%25D9%258A%25D8%25AC%25D9%2585%25D8%25B9-%25D8%25A7%25D9%2584%25D9%258A%25D9%2588%25D9%2586%25D8%25A7%25D9%2586-%25D8%25A8%25D9%2584%25D8%25A8%25D9%2586%25D8%25A7%25D9%2586%23|target:_blank\u00bb][\/vc_column][vc_column width=\u00bb1\/2&#8243;][vc_single_image image=\u00bb8057&#8243; img_size=\u00bbfull\u00bb][\/vc_column][\/vc_row]<\/p>\n","protected":false},"author":2,"featured_media":0,"parent":0,"menu_order":0,"comment_status":"closed","ping_status":"open","template":"","meta":{"om_disable_all_campaigns":false},"aioseo_notices":[],"_links":{"self":[{"href":"https:\/\/www.najicherfanfoundation.org\/es\/wp-json\/wp\/v2\/pages\/8052"}],"collection":[{"href":"https:\/\/www.najicherfanfoundation.org\/es\/wp-json\/wp\/v2\/pages"}],"about":[{"href":"https:\/\/www.najicherfanfoundation.org\/es\/wp-json\/wp\/v2\/types\/page"}],"author":[{"embeddable":true,"href":"https:\/\/www.najicherfanfoundation.org\/es\/wp-json\/wp\/v2\/users\/2"}],"replies":[{"embeddable":true,"href":"https:\/\/www.najicherfanfoundation.org\/es\/wp-json\/wp\/v2\/comments?post=8052"}],"version-history":[{"count":5,"href":"https:\/\/www.najicherfanfoundation.org\/es\/wp-json\/wp\/v2\/pages\/8052\/revisions"}],"predecessor-version":[{"id":8075,"href":"https:\/\/www.najicherfanfoundation.org\/es\/wp-json\/wp\/v2\/pages\/8052\/revisions\/8075"}],"wp:attachment":[{"href":"https:\/\/www.najicherfanfoundation.org\/es\/wp-json\/wp\/v2\/media?parent=8052"}],"curies":[{"name":"wp","href":"https:\/\/api.w.org\/{rel}","templated":true}]}}