{"id":8059,"date":"2021-09-16T20:02:00","date_gmt":"2021-09-16T20:02:00","guid":{"rendered":"https:\/\/www.najicherfanfoundation.org\/message-from-george-sana-cherfan\/"},"modified":"2023-02-16T08:47:29","modified_gmt":"2023-02-16T08:47:29","slug":"mensaje-de-george-y-sana-cherfan","status":"publish","type":"page","link":"https:\/\/www.najicherfanfoundation.org\/es\/mensaje-de-george-y-sana-cherfan\/","title":{"rendered":"MENSAJE DE GEORGE Y SANA CHERFAN"},"content":{"rendered":"<p>[vc_row full_width=\u00bbstretch_row\u00bb css=\u00bb.vc_custom_1632123744545{margin-top: -60px !important;padding-top: 65px !important;padding-bottom: 20px !important;background-color: #e9eaee !important;}\u00bb][vc_column][vc_empty_space height=\u00bb50px\u00bb][vc_custom_heading text=\u00bbMENSAJE DE GEORGE Y SANA CHERFAN\u00bb font_container=\u00bbtag:h2|text_align:center\u00bb use_theme_fonts=\u00bbyes\u00bb][\/vc_column][\/vc_row][vc_row full_width=\u00bbstretch_row\u00bb content_placement=\u00bbmiddle\u00bb css=\u00bb.vc_custom_1639732221966{border-top-width: 1px !important;padding-top: 40px !important;padding-bottom: 60px !important;background-color: #e9eaee !important;}\u00bb][vc_column width=\u00bb3\/4&#8243;]\n\t<div class=\"testimonial meta-left \">\n\t\t\n\t\t<div class=\"testimonial-content\">\n\t\t\t<blockquote>\n\t\t\t\t<\/p>\n<p style=\"text-align: justify;margin: 0in 0in 6.0pt 0in\"><span style=\"font-size: 9.0pt;font-family: 'Helvetica',sans-serif\">\u201cPerm\u00edtanme pasar unos momentos con ustedes para reflexionar juntos sobre la belleza del Nacimiento de Jesucristo y el regalo que Dios Creador ha enviado al mundo, el Ni\u00f1o Jes\u00fas en un pesebre\u201d.<\/span><\/p>\n<p>\n\t\t\t<\/blockquote>\n\t\t<\/div>\n\n\t\t<div class=\"testimonial-meta\">\n\t\t\t\t\t\t<h3 class=\"author-name\">G.C. Cherfan<\/h3>\n\t\t\t<div class=\"author-info\"><span class=\"subtitle\">Owner &amp; Founder<\/span><\/div>\n\t\t<\/div>\n\n\t<\/div>\n[\/vc_column][vc_column width=\u00bb1\/4&#8243;][vc_single_image image=\u00bb3071&#8243; img_size=\u00bbfull\u00bb][\/vc_column][\/vc_row][vc_row][vc_column][vc_empty_space height=\u00bb25px\u00bb][vc_column_text]<\/p>\n<p style=\"text-align: justify; margin: 0in 0in 6.0pt 0in;\"><span style=\"font-size: 9.0pt; font-family: 'Helvetica',sans-serif;\">La Biblia dice que Dios am\u00f3 tanto al mundo que envi\u00f3 a su \u00fanico Hijo a ser (humano) como nosotros para recuperar el cielo que se hab\u00eda perdido cuando Ad\u00e1n y Eva pecaron. Ese regalo que celebramos cada Navidad al recordar la promesa de Dios de enviar al Salvador&#8230; y nosotros, a su vez, intercambiamos regalos, renovamos nuestro amor, ponemos fin a nuestras animosidades y tratamos de retribuir a Dios lo que le debemos (nuestra existencia, y la vida en este mundo y en el nuevo mundo por venir. \u00bfQu\u00e9 podemos devolverle a Dios, nuestro Creador, que es due\u00f1o de todo? \u00bfPodemos darle algo? S\u00ed podemos darle mucho a Dios, darle nuestro amor y nuestro coraz\u00f3n. Esto es lo que Dios quiere de nosotros. \u00a1\u00c9l no quiere mucho!<\/span><\/p>\n<p>[\/vc_column_text][vc_separator border_width=\u00bb2&#8243; css=\u00bb.vc_custom_1632123921360{margin-top: 25px !important;margin-bottom: 25px !important;}\u00bb][vc_row_inner][vc_column_inner width=\u00bb1\/3&#8243;][vc_custom_heading text=\u00bbAMOR Y PERDON\u00bb font_container=\u00bbtag:h3|text_align:left\u00bb use_theme_fonts=\u00bbyes\u00bb][vc_empty_space height=\u00bb20px\u00bb][\/vc_column_inner][vc_column_inner width=\u00bb2\/3&#8243;][vc_column_text]<\/p>\n<p style=\"text-align: justify; margin: 0in 0in 6.0pt 0in;\"><span style=\"font-size: 9.0pt; font-family: 'Helvetica',sans-serif;\">Amar a nuestro pr\u00f3jimo como a nosotros mismos. Amar a nuestros enemigos y perdonarlos. Perdonar a los que nos enga\u00f1an y se aprovechan de nosotros. Amar a todas las personas independientemente de su raza, color, rango, nivel social, etc&#8230; Amar a los desamparados, a hu\u00e9rfanos y viudas pobres que muchas veces no tienen cama ni techo donde cobijarse, ni una hogaza de pan para saciar su hambre, o no tienen dinero para comprar medicinas. Ense\u00f1arnos a nosotros y a nuestros hijos a vivir como si no tuvi\u00e9ramos nada, a permanecer humildes y dispuestos a servir ya que la vida es un don de Dios y la salud, el \u00e9xito y la fama, etc., son tambi\u00e9n sus bendiciones.<\/span><\/p>\n<p>[\/vc_column_text][vc_empty_space height=\u00bb50px\u00bb][\/vc_column_inner][\/vc_row_inner][vc_row_inner][vc_column_inner width=\u00bb1\/3&#8243;][vc_custom_heading text=\u00bbANIMAR A NUESTROS HIJOS\u00bb font_container=\u00bbtag:h3|text_align:left\u00bb use_theme_fonts=\u00bbyes\u00bb][vc_empty_space height=\u00bb20px\u00bb][\/vc_column_inner][vc_column_inner width=\u00bb2\/3&#8243;][vc_column_text]Ense\u00f1arnos a nosotros mismos y a nuestros hijos a compartir lo que tenemos con los menos afortunados y menos privilegiados. Para animar a nuestros hijos no puede hacerse s\u00f3lo dici\u00e9ndoles qu\u00e9 hacer y qu\u00e9 no hacer, sino principalmente siendo el ejemplo (o modelo) correcto para ellos en la vida real, especialmente porque los ni\u00f1os a menudo imitan a sus padres.<\/p>\n<p>Por ejemplo:<\/p>\n<ul>\n<li>An\u00edmelos a tener a Dios primero en su vida (no como el n\u00famero 20 en su lista de prioridades).<\/li>\n<li>Dios es Padre y nosotros somos sus hijos si lo aceptamos y creemos en ello.<\/li>\n<li>Quiere tener relaciones con nosotros como padre e hijo, madre e hija, abuela y abuelo&#8230;<\/li>\n<\/ul>\n<p>[\/vc_column_text][vc_empty_space height=\u00bb50px\u00bb][\/vc_column_inner][\/vc_row_inner][vc_row_inner][vc_column_inner width=\u00bb1\/3&#8243;][vc_custom_heading text=\u00bbEl nuevo Mundo\u00bb font_container=\u00bbtag:h3|text_align:left\u00bb use_theme_fonts=\u00bbyes\u00bb][vc_empty_space height=\u00bb20px\u00bb][\/vc_column_inner][vc_column_inner width=\u00bb2\/3&#8243;][vc_column_text]<\/p>\n<p style=\"text-align: justify; margin: 0in 0in 6.0pt 0in;\"><span style=\"font-size: 9.0pt; font-family: 'Helvetica',sans-serif;\">Sin embargo, muchas veces cerramos nuestra puerta en la cara de Dios, debido a muchas prioridades urgentes en la vida y eso lo hace infeliz. \u00bfNo somos infelices cuando estamos lejos de nuestros seres queridos?<\/span><\/p>\n<p style=\"text-align: justify; margin: 0in 0in 6.0pt 0in;\"><span style=\"font-size: 9.0pt; font-family: 'Helvetica',sans-serif;\">Dios quiere que vivamos para siempre, no solo cien a\u00f1os, y que heredemos todo lo que \u00c9l cre\u00f3 para nosotros as\u00ed como queremos que nuestros hijos hereden lo que tenemos.<\/span><\/p>\n<p style=\"text-align: justify; margin: 0in 0in 6.0pt 0in;\"><span style=\"font-size: 9.0pt; font-family: 'Helvetica',sans-serif;\">Sobre todo, Dios quiere que todo en el mundo, en el Cielo y abajo, sea nuestro para que lo administremos y lo administremos porque cuando Jes\u00fas regrese, la muerte ya no existir\u00e1. No habr\u00e1 m\u00e1s guerras, violencia, matanzas y odios ya que Dios, con los Santos y los \u00c1ngeles, reinar\u00e1 sobre un mundo eterno sin fin.<\/span><\/p>\n<p style=\"text-align: justify; margin: 0in 0in 6.0pt 0in;\"><span style=\"font-size: 9.0pt; font-family: 'Helvetica',sans-serif;\">El nuevo mundo que Dios quiere que tengamos ser\u00e1 sin enfermedad, pobreza, escasez, envejecimiento y sin muerte. \u00a1La Biblia dice que \u00c9l enjugar\u00e1 nuestras l\u00e1grimas y no permitir\u00e1 m\u00e1s la separaci\u00f3n de nuestros seres queridos!<\/span><\/p>\n<p style=\"text-align: justify; margin: 0in 0in 6.0pt 0in;\"><span style=\"font-size: 9.0pt; font-family: 'Helvetica',sans-serif;\">\u00a1Este es el regalo de Dios, el beb\u00e9 que naci\u00f3 hace 2000 a\u00f1os en un pesebre, para darnos vida eterna y ense\u00f1arnos a perdonar y a permanecer humildes, sin importar qui\u00e9nes seamos! Para obtener esta hermosa promesa de vida eterna, Dios nos est\u00e1 invitando a todos a seguir Sus ense\u00f1anzas y aplicarlas en nuestra vida diaria. La decisi\u00f3n es nuestra\u2026 si elegimos la ense\u00f1anza de Dios viviremos con nuestros amados, en el nuevo mundo, por los siglos de los siglos porque Dios es la fuente de la vida.<\/span><\/p>\n<p>[\/vc_column_text][vc_empty_space height=\u00bb50px\u00bb][\/vc_column_inner][\/vc_row_inner][\/vc_column][\/vc_row]<\/p>\n","protected":false},"excerpt":{"rendered":"<p>[vc_row full_width=\u00bbstretch_row\u00bb css=\u00bb.vc_custom_1632123744545{margin-top: -60px !important;padding-top: 65px !important;padding-bottom: 20px !important;background-color: #e9eaee !important;}\u00bb][vc_column][vc_empty_space height=\u00bb50px\u00bb][vc_custom_heading text=\u00bbMENSAJE DE GEORGE Y SANA CHERFAN\u00bb font_container=\u00bbtag:h2|text_align:center\u00bb use_theme_fonts=\u00bbyes\u00bb][\/vc_column][\/vc_row][vc_row full_width=\u00bbstretch_row\u00bb content_placement=\u00bbmiddle\u00bb css=\u00bb.vc_custom_1639732221966{border-top-width: 1px !important;padding-top: 40px !important;padding-bottom: 60px !important;background-color: #e9eaee !important;}\u00bb][vc_column width=\u00bb3\/4&#8243;][\/vc_column][vc_column width=\u00bb1\/4&#8243;][vc_single_image image=\u00bb3071&#8243; img_size=\u00bbfull\u00bb][\/vc_column][\/vc_row][vc_row][vc_column][vc_empty_space height=\u00bb25px\u00bb][vc_column_text] La Biblia dice que Dios am\u00f3 tanto al mundo que envi\u00f3 a su \u00fanico Hijo a ser (humano) como [&hellip;]<\/p>\n","protected":false},"author":2,"featured_media":0,"parent":0,"menu_order":0,"comment_status":"closed","ping_status":"open","template":"","meta":{"om_disable_all_campaigns":false},"aioseo_notices":[],"_links":{"self":[{"href":"https:\/\/www.najicherfanfoundation.org\/es\/wp-json\/wp\/v2\/pages\/8059"}],"collection":[{"href":"https:\/\/www.najicherfanfoundation.org\/es\/wp-json\/wp\/v2\/pages"}],"about":[{"href":"https:\/\/www.najicherfanfoundation.org\/es\/wp-json\/wp\/v2\/types\/page"}],"author":[{"embeddable":true,"href":"https:\/\/www.najicherfanfoundation.org\/es\/wp-json\/wp\/v2\/users\/2"}],"replies":[{"embeddable":true,"href":"https:\/\/www.najicherfanfoundation.org\/es\/wp-json\/wp\/v2\/comments?post=8059"}],"version-history":[{"count":3,"href":"https:\/\/www.najicherfanfoundation.org\/es\/wp-json\/wp\/v2\/pages\/8059\/revisions"}],"predecessor-version":[{"id":8078,"href":"https:\/\/www.najicherfanfoundation.org\/es\/wp-json\/wp\/v2\/pages\/8059\/revisions\/8078"}],"wp:attachment":[{"href":"https:\/\/www.najicherfanfoundation.org\/es\/wp-json\/wp\/v2\/media?parent=8059"}],"curies":[{"name":"wp","href":"https:\/\/api.w.org\/{rel}","templated":true}]}}