{"id":8087,"date":"2021-09-17T12:41:23","date_gmt":"2021-09-17T12:41:23","guid":{"rendered":"https:\/\/www.najicherfanfoundation.org\/prayer-project\/"},"modified":"2023-02-20T09:53:15","modified_gmt":"2023-02-20T09:53:15","slug":"proyecto-de-oracion","status":"publish","type":"page","link":"https:\/\/www.najicherfanfoundation.org\/es\/proyecto-de-oracion\/","title":{"rendered":"PROYECTO DE ORACI\u00d3N"},"content":{"rendered":"<p>[vc_row full_width=\u00bbstretch_row\u00bb content_placement=\u00bbmiddle\u00bb css=\u00bb.vc_custom_1637492701656{margin-top: -60px !important;padding-top: 40px !important;padding-bottom: 40px !important;background: #0083cb url(https:\/\/www.infracode-multimedia.com\/NajiCherfan\/wp-content\/uploads\/2021\/09\/bg-NCF-4.png?id=2700) !important;background-position: center !important;background-repeat: no-repeat !important;background-size: cover !important;}\u00bb][vc_column offset=\u00bbvc_col-md-8&#8243;][vc_row_inner][vc_column_inner width=\u00bb3\/4&#8243;][vc_column_text]<\/p>\n<h3 class=\"text-intro\"><span style=\"color: #fff;\"><strong style=\"color: #fff;\">La Fundaci\u00f3n Naji Cherfan<br \/>\nest\u00e1 produciendo y compartiendo<br \/>\nGRATIS<br \/>\noraciones tama\u00f1o bolsillo<\/strong><\/span><\/h3>\n<p>[\/vc_column_text][vc_empty_space height=\u00bb20px\u00bb][\/vc_column_inner][vc_column_inner width=\u00bb1\/4&#8243;][\/vc_column_inner][\/vc_row_inner][\/vc_column][vc_column offset=\u00bbvc_col-md-4&#8243;][vc_column_text]<span class=\"large-text\" style=\"color: #fff;\">Bajo los Proyectos de Valores Divinos, la Fundaci\u00f3n Naji Cherfan est\u00e1 produciendo y compartiendo GRATIS oraciones que se pueden encontrar en once idiomas. Las oraciones son las siguientes: Si me amas, no llores (San Agust\u00edn), Oraci\u00f3n Universal (Papa Clemente XI), La Doxolog\u00eda, y otras <\/span>[\/vc_column_text][vc_row_inner content_placement=\u00bbmiddle\u00bb][vc_column_inner width=\u00bb1\/3&#8243;][vc_empty_space height=\u00bb30px\u00bb][vc_column_text]<a id=\"69d4a757930e2\" rel=\"wp-video-lightbox\" href=\"https:\/\/www.youtube.com\/watch?v=y7bLK4vBuDc&#038;width=640&#038;height=480\" title=\"\"><img src=\"https:\/\/www.infracode-multimedia.com\/NajiCherfan\/wp-content\/uploads\/2021\/09\/Prayer-project-NCF.jpg\" class=\"video_lightbox_anchor_image\" alt=\"text that describes this image\" \/><\/a>    <script>\r\n    \/* <![CDATA[ *\/\r\n    jQuery(document).ready(function($){\r\n        $(function(){\r\n            var width = $(window).innerWidth();\r\n            var setwidth = parseFloat(640);\r\n            var ratio = parseFloat(0.75);\r\n            var height = parseFloat(480);\r\n            var link = 'https:\/\/www.youtube.com\/watch?v=y7bLK4vBuDc&amp;width=640&amp;height=480';\r\n            if(width < setwidth)\r\n            {\r\n                height = Math.floor(width * 0.75);\r\n                \/\/console.log(\"device width \"+width+\", set width \"+640+\", ratio \"+0.75+\", new height \"+ height);\r\n                var new_url = wpvl_paramReplace('width', link, width);\r\n                var new_url = wpvl_paramReplace('height', new_url, height);\r\n                $(\"a#69d4a757930e2\").attr('href', new_url);\r\n                \/\/console.log(new_url);\r\n            }\r\n        });\r\n    });\r\n    \/* ]]> *\/\r\n    <\/script>[\/vc_column_text][\/vc_column_inner][vc_column_inner width=\u00bb2\/3&#8243;][vc_empty_space height=\u00bb30px\u00bb][vc_column_text]<a class=\"button no-bg dark\" href=\"https:\/\/www.najicherfanfoundation.org\/en\/about-ncf\/\">Aprenda acerca de nosotros<\/a>[\/vc_column_text][\/vc_column_inner][\/vc_row_inner][\/vc_column][\/vc_row][vc_row][vc_column][vc_empty_space height=\u00bb25px\u00bb][vc_custom_heading text=\u00bbDESCARGA GRATIS LAS ORACIONES\u00bb font_container=\u00bbtag:h2|text_align:center\u00bb use_theme_fonts=\u00bbyes\u00bb][vc_empty_space height=\u00bb20px\u00bb][vc_column_text]<\/p>\n<p style=\"text-align: center;\">Nuestros visitantes pueden<\/p>\n<h4 style=\"text-align: center;\">Descarga las oraciones GRATIS<\/h4>\n<p style=\"text-align: center;\"><a href=\"https:\/\/www.najicherfanfoundation.org\/wp-content\/uploads\/2021\/09\/NCF-3-Prayers-Spanish.pdf\" target=\"_blank\" rel=\"noopener\">Espa\u00f1ol<\/a><\/p>\n<p>&nbsp;<\/p>\n<p style=\"text-align: center;\"><strong>La Oraci\u00f3n del Bautismo<\/strong><br \/>\n<a href=\"https:\/\/www.najicherfanfoundation.org\/wp-content\/uploads\/2021\/09\/NCF-BAPTISM-Prayer-SPANISH-HR.pdf\" target=\"_blank\" rel=\"noopener\">Espa\u00f1ol<\/a><\/p>\n<p>&nbsp;<\/p>\n<p style=\"text-align: center;\"><strong>La Oraci\u00f3n de Bodas<\/strong><br \/>\n<a href=\"https:\/\/www.najicherfanfoundation.org\/wp-content\/uploads\/2021\/09\/NCF-WEDDING-PRAYER-SPANISH.pdf\" target=\"_blank\" rel=\"noopener\">Espa\u00f1ol<\/a><\/p>\n<p>&nbsp;<\/p>\n<p style=\"text-align: center;\"><strong>La Novena y Coronilla a la Divina Misericordia <\/strong><\/p>\n<p style=\"text-align: center;\">seg\u00fan el Diario de Santa Mar\u00eda Faustina<\/p>\n<p style=\"text-align: center;\"><a href=\"https:\/\/www.najicherfanfoundation.org\/wp-content\/uploads\/2021\/09\/NCF-Prayer-Novena-SPANISH.pdf\" target=\"_blank\" rel=\"noopener\">Espa\u00f1ol<\/a><\/p>\n<p>&nbsp;<\/p>\n<p style=\"text-align: center;\"><strong>Una Oraci\u00f3n por Nuestros Sacerdotes<\/strong><br \/>\n<a href=\"https:\/\/www.najicherfanfoundation.org\/wp-content\/uploads\/2021\/09\/NCF-PRIEST-PRAYER-SPANISH.pdf\" target=\"_blank\" rel=\"noopener\">Espa\u00f1ol<\/a><\/p>\n<p>&nbsp;<\/p>\n<p style=\"text-align: center;\"><strong>La Oraci\u00f3n Ortodoxa<\/strong><br \/>\nEspa\u00f1ol<\/p>\n<p>[\/vc_column_text][\/vc_column][\/vc_row]<\/p>\n","protected":false},"excerpt":{"rendered":"<p>[vc_row full_width=\u00bbstretch_row\u00bb content_placement=\u00bbmiddle\u00bb css=\u00bb.vc_custom_1637492701656{margin-top: -60px !important;padding-top: 40px !important;padding-bottom: 40px !important;background: #0083cb url(https:\/\/www.infracode-multimedia.com\/NajiCherfan\/wp-content\/uploads\/2021\/09\/bg-NCF-4.png?id=2700) !important;background-position: center !important;background-repeat: no-repeat !important;background-size: cover !important;}\u00bb][vc_column offset=\u00bbvc_col-md-8&#8243;][vc_row_inner][vc_column_inner width=\u00bb3\/4&#8243;][vc_column_text] La Fundaci\u00f3n Naji Cherfan est\u00e1 produciendo y compartiendo GRATIS oraciones tama\u00f1o bolsillo [\/vc_column_text][vc_empty_space height=\u00bb20px\u00bb][\/vc_column_inner][vc_column_inner width=\u00bb1\/4&#8243;][\/vc_column_inner][\/vc_row_inner][\/vc_column][vc_column offset=\u00bbvc_col-md-4&#8243;][vc_column_text]Bajo los Proyectos de Valores Divinos, la Fundaci\u00f3n Naji Cherfan est\u00e1 produciendo y compartiendo GRATIS oraciones que se pueden [&hellip;]<\/p>\n","protected":false},"author":2,"featured_media":0,"parent":0,"menu_order":0,"comment_status":"closed","ping_status":"open","template":"","meta":{"om_disable_all_campaigns":false},"aioseo_notices":[],"_links":{"self":[{"href":"https:\/\/www.najicherfanfoundation.org\/es\/wp-json\/wp\/v2\/pages\/8087"}],"collection":[{"href":"https:\/\/www.najicherfanfoundation.org\/es\/wp-json\/wp\/v2\/pages"}],"about":[{"href":"https:\/\/www.najicherfanfoundation.org\/es\/wp-json\/wp\/v2\/types\/page"}],"author":[{"embeddable":true,"href":"https:\/\/www.najicherfanfoundation.org\/es\/wp-json\/wp\/v2\/users\/2"}],"replies":[{"embeddable":true,"href":"https:\/\/www.najicherfanfoundation.org\/es\/wp-json\/wp\/v2\/comments?post=8087"}],"version-history":[{"count":4,"href":"https:\/\/www.najicherfanfoundation.org\/es\/wp-json\/wp\/v2\/pages\/8087\/revisions"}],"predecessor-version":[{"id":20437,"href":"https:\/\/www.najicherfanfoundation.org\/es\/wp-json\/wp\/v2\/pages\/8087\/revisions\/20437"}],"wp:attachment":[{"href":"https:\/\/www.najicherfanfoundation.org\/es\/wp-json\/wp\/v2\/media?parent=8087"}],"curies":[{"name":"wp","href":"https:\/\/api.w.org\/{rel}","templated":true}]}}