{"id":5262,"date":"2021-08-04T08:55:27","date_gmt":"2021-08-04T08:55:27","guid":{"rendered":"https:\/\/www.najicherfanfoundation.org\/about-ncf\/"},"modified":"2023-01-27T16:09:24","modified_gmt":"2023-01-27T16:09:24","slug":"a-propos-de-la-fondation","status":"publish","type":"page","link":"https:\/\/www.najicherfanfoundation.org\/fr\/a-propos-de-la-fondation\/","title":{"rendered":"\u00c0 PROPOS de la FONDATION"},"content":{"rendered":"<p>[vc_row full_width=\u00a0\u00bbstretch_row\u00a0\u00bb parallax=\u00a0\u00bbcontent-moving\u00a0\u00bb parallax_image=\u00a0\u00bb167&Prime; css=\u00a0\u00bb.vc_custom_1632071050123{margin-top: -60px !important;padding-top: 45px !important;padding-bottom: 86px !important;background: #f1f1f3 url(https:\/\/www.infracode-multimedia.com\/NajiCherfan\/wp-content\/uploads\/\/2018\/02\/bg-6ss.jpg?id=1640);background-position: center;background-repeat: no-repeat !important;background-size: cover !important;}\u00a0\u00bb][vc_column width=\u00a0\u00bb1\/6&Prime;][\/vc_column][vc_column width=\u00a0\u00bb2\/3&Prime;][vc_custom_heading text=\u00a0\u00bb\u00c0 PROPOS LA FONDATION NAJI CHERFAN\u00a0\u00bb font_container=\u00a0\u00bbtag:h2|font_size:36px|text_align:center\u00a0\u00bb use_theme_fonts=\u00a0\u00bbyes\u00a0\u00bb][vc_empty_space height=\u00a0\u00bb20px\u00a0\u00bb][vc_row_inner][vc_column_inner][vc_column_text]<\/p>\n<p style=\"text-align: center;\"><strong>\u00ab\u00a0La vie n&rsquo;est pas seulement un \u00e2ge, la vie c\u2019est la vie, m\u00eame apr\u00e8s la mort du corps.\u00a0\u00bb<\/strong><\/p>\n<p style=\"text-align: center;\"><em>(Message du fondateur : Georges C. Cherfan)<\/em><\/p>\n<p style=\"text-align: center;\">La Fondation Naji Cherfan a \u00e9t\u00e9 cr\u00e9\u00e9 pour honorer Dieu, promouvoir les valeurs chr\u00e9tiennes et soutenir les jeunes patients atteints de l\u00e9sions c\u00e9r\u00e9brales.<\/p>\n<p style=\"text-align: center;\">Naji est n\u00e9 de parents Libano-Canadiens, le 20 Novembre 1978 \u00e0 Amman, en Jordanie. Peu de temps apr\u00e8s sa naissance, la famille a d\u00e9m\u00e9nag\u00e9 et s&rsquo;est install\u00e9e en Gr\u00e8ce. Naji a \u00e9tudi\u00e9 le commerce \u00e9lectronique et le multim\u00e9dia, il parlait six langues et \u00e9tait en charge des relations publiques et de l&rsquo;administration au sein de l&rsquo;entreprise familiale.<\/p>\n<p>[\/vc_column_text][\/vc_column_inner][\/vc_row_inner][vc_empty_space height=\u00a0\u00bb60px\u00a0\u00bb][\/vc_column][vc_column width=\u00a0\u00bb1\/6&Prime;][\/vc_column][\/vc_row][vc_row css=\u00a0\u00bb.vc_custom_1519788101688{margin-top: -86px !important;}\u00a0\u00bb][vc_column][vc_tta_tabs active_section=\u00a0\u00bb2&Prime;][vc_tta_section title=\u00a0\u00bbL&rsquo;Accident\u00a0\u00bb tab_id=\u00a0\u00bb1519789990981-f7ccf606-c0ef5035-3bde\u00a0\u00bb][vc_row_inner][vc_column_inner width=\u00a0\u00bb1\/6&Prime;][\/vc_column_inner][vc_column_inner width=\u00a0\u00bb2\/3&Prime;][vc_column_text]<\/p>\n<p style=\"text-align: center;\">\u00c0 l&rsquo;\u00e2ge de dix-sept ans, Naji a subi un traumatisme cr\u00e2nien suite \u00e0 un accident de moto. Le conducteur de la moto, l&rsquo;ami de Naji, a \u00e9t\u00e9 tu\u00e9 sur le coup. Naji est rest\u00e9 dans le coma pendant deux mois et lorsqu&rsquo;il s&rsquo;est r\u00e9veill\u00e9, il \u00e9tait incapable de bouger, de parler ou de voir.<\/p>\n<p>[\/vc_column_text][\/vc_column_inner][vc_column_inner width=\u00a0\u00bb1\/6&Prime;][\/vc_column_inner][\/vc_row_inner][\/vc_tta_section][vc_tta_section title=\u00a0\u00bbLa R\u00e9habilitation\u00a0\u00bb tab_id=\u00a0\u00bb1618922671774-71d516d2-5818&Prime;][vc_row_inner][vc_column_inner width=\u00a0\u00bb1\/6&Prime;][\/vc_column_inner][vc_column_inner width=\u00a0\u00bb2\/3&Prime;][vc_column_text]<\/p>\n<p style=\"text-align: center;\">Pendant pr\u00e8s de onze ans, Naji a voyag\u00e9 dans des centres de th\u00e9rapie en Arizona, au Texas, en Floride, \u00e0 Londres, en Allemagne, au Canada et en Gr\u00e8ce. Sa p\u00e9riode de r\u00e9habilitation a \u00e9t\u00e9 un voyage de courage, de foi et de d\u00e9termination.<\/p>\n<p style=\"text-align: center;\">En \u00e9crivant et en publiant ses livres, Naji a voulu passer un message d&rsquo;espoir \u00e0 toutes les personnes souffrant d&rsquo;un handicap, notamment d&rsquo;un traumatisme cr\u00e2nien. \u00ab\u00a0Nous sommes tous n\u00e9s pour briller\u00a0\u00bb ! C&rsquo;\u00e9tait le message que Naji voulait communiquer aux patients touch\u00e9s par des l\u00e9sions c\u00e9r\u00e9brales, \u00e0 leurs familles et \u00e0 leurs th\u00e9rapeutes. Il encourage les personnes souffrant d&rsquo;une maladie ou d&rsquo;un handicap \u00e0 \u00eatre proactives et \u00e0 changer leur destin en croyant en elles-m\u00eames et en allant au-del\u00e0 de ce qui leur est permis.<\/p>\n<p style=\"text-align: center;\">Les livres de Naji ont \u00e9t\u00e9 traduits dans plus de six langues et seront bient\u00f4t disponibles sur le site Web de la Fondation Naji Cherfan.<\/p>\n<p style=\"text-align: center;\">Naji a \u00e9galement d\u00e9velopp\u00e9 un site web personnel : <a href=\"http:\/\/www.virtualpatience.com\">www.virtualpatience.com<\/a><\/p>\n<p style=\"text-align: center;\">Veuillez le visiter pour en savoir plus sur son parcours, ses livres et ses interviews.<\/p>\n<p>[\/vc_column_text][\/vc_column_inner][vc_column_inner width=\u00a0\u00bb1\/6&Prime;][\/vc_column_inner][\/vc_row_inner][\/vc_tta_section][vc_tta_section title=\u00a0\u00bbLa Fondation\u00a0\u00bb tab_id=\u00a0\u00bb1618922836335-741f14ec-d16c\u00a0\u00bb][vc_row_inner][vc_column_inner width=\u00a0\u00bb1\/6&Prime;][\/vc_column_inner][vc_column_inner width=\u00a0\u00bb2\/3&Prime;][vc_column_text]<\/p>\n<p style=\"text-align: center;\">Naji Cherfan est d\u00e9c\u00e9d\u00e9 le 31 juillet 2008 suite d&rsquo;une crise d&rsquo;\u00e9pilepsie qui a provoqu\u00e9 une insuffisance cardiaque pendant son sommeil. Son absence a laiss\u00e9 un immense vide dans la vie de sa famille, de ses amis, et de la Fondation Naji Cherfan qui est le fruit de leurs efforts pour honorer sa m\u00e9moire.<\/p>\n<p style=\"text-align: center;\">Les valeurs fondamentales de la Fondation sont bas\u00e9es sur les priorit\u00e9s de la vie chr\u00e9tienne de Naji, l&rsquo;am\u00e9lioration de la sant\u00e9 et le renforcement de l&rsquo;\u00e9ducation.<\/p>\n<p>[\/vc_column_text][\/vc_column_inner][vc_column_inner width=\u00a0\u00bb1\/6&Prime;][\/vc_column_inner][\/vc_row_inner][\/vc_tta_section][\/vc_tta_tabs][vc_empty_space height=\u00a0\u00bb60px\u00a0\u00bb][\/vc_column][\/vc_row][vc_row full_width=\u00a0\u00bbstretch_row\u00a0\u00bb css=\u00a0\u00bb.vc_custom_1661929124724{padding-top: 80px !important;padding-bottom: 40px !important;background: #0083ca url(https:\/\/www.infracode-multimedia.com\/NajiCherfan\/wp-content\/uploads\/\/2017\/12\/bg-main.svg?id=1098) !important;background-position: center !important;background-repeat: no-repeat !important;background-size: cover !important;}\u00a0\u00bb][vc_column][vc_row_inner][vc_column_inner width=\u00a0\u00bb1\/12&Prime;][\/vc_column_inner][vc_column_inner width=\u00a0\u00bb5\/6&Prime;][vc_custom_heading text=\u00a0\u00bbMission et Objectifs\u00a0\u00bb font_container=\u00a0\u00bbtag:h2|text_align:center|color:%23ffffff\u00a0\u00bb use_theme_fonts=\u00a0\u00bbyes\u00a0\u00bb][\/vc_column_inner][vc_column_inner width=\u00a0\u00bb1\/12&Prime;][\/vc_column_inner][\/vc_row_inner][vc_empty_space height=\u00a0\u00bb50px\u00a0\u00bb][vc_row_inner content_placement=\u00a0\u00bbmiddle\u00a0\u00bb gap=\u00a0\u00bb30&Prime;][vc_column_inner width=\u00a0\u00bb1\/2&Prime;]<ul class=\"iconlist iconlist iconlist-icon-small \"><li ><div class=\"iconlist-item-icon\"><span class=\"shapes\"><\/span><\/div><div class=\"iconlist-item-content\"><strong>L&rsquo;objectif principal de la Fondation Naji Cherfan est d&rsquo;am\u00e9liorer la qualit\u00e9 de vie des enfants, des adolescents et des adultes, et plus particuli\u00e8rement ceux touch\u00e9s par des l\u00e9sions c\u00e9r\u00e9brales, en promouvant les valeurs chr\u00e9tiennes.<\/strong><\/p>\n<p><strong> Soutenir les personnes touch\u00e9es par des l\u00e9sions c\u00e9r\u00e9brales et sensibiliser les patients, les familles et les th\u00e9rapeutes au potentiel de r\u00e9tablissement gr\u00e2ce \u00e0 la pers\u00e9v\u00e9rance, au soutien, aux encouragements et \u00e0 une foi solide en Dieu.<\/strong><\/p>\n<p><strong>De m\u00eame, soutenir les orphelins, les groupes de jeunes et les gens en g\u00e9n\u00e9ral en fournissant des services de sant\u00e9 et d&rsquo;\u00e9ducation, tout en diffusant la parole de Dieu.<\/strong><\/div><\/li><\/ul>[vc_empty_space height=\u00a0\u00bb20px\u00a0\u00bb][\/vc_column_inner][vc_column_inner width=\u00a0\u00bb1\/2&Prime;][vc_single_image image=\u00a0\u00bb5272&Prime; img_size=\u00a0\u00bbfull\u00a0\u00bb][vc_empty_space height=\u00a0\u00bb20px\u00a0\u00bb][\/vc_column_inner][\/vc_row_inner][\/vc_column][\/vc_row]<\/p>\n","protected":false},"excerpt":{"rendered":"<p>[vc_row full_width=\u00a0\u00bbstretch_row\u00a0\u00bb parallax=\u00a0\u00bbcontent-moving\u00a0\u00bb parallax_image=\u00a0\u00bb167&Prime; css=\u00a0\u00bb.vc_custom_1632071050123{margin-top: -60px !important;padding-top: 45px !important;padding-bottom: 86px !important;background: #f1f1f3 url(https:\/\/www.infracode-multimedia.com\/NajiCherfan\/wp-content\/uploads\/\/2018\/02\/bg-6ss.jpg?id=1640);background-position: center;background-repeat: no-repeat !important;background-size: cover !important;}\u00a0\u00bb][vc_column width=\u00a0\u00bb1\/6&Prime;][\/vc_column][vc_column width=\u00a0\u00bb2\/3&Prime;][vc_custom_heading text=\u00a0\u00bb\u00c0 PROPOS LA FONDATION NAJI CHERFAN\u00a0\u00bb font_container=\u00a0\u00bbtag:h2|font_size:36px|text_align:center\u00a0\u00bb use_theme_fonts=\u00a0\u00bbyes\u00a0\u00bb][vc_empty_space height=\u00a0\u00bb20px\u00a0\u00bb][vc_row_inner][vc_column_inner][vc_column_text] \u00ab\u00a0La vie n&rsquo;est pas seulement un \u00e2ge, la vie c\u2019est la vie, m\u00eame apr\u00e8s la mort du corps.\u00a0\u00bb (Message du fondateur : Georges C. Cherfan) La [&hellip;]<\/p>\n","protected":false},"author":2,"featured_media":0,"parent":0,"menu_order":0,"comment_status":"closed","ping_status":"closed","template":"","meta":{"om_disable_all_campaigns":false},"aioseo_notices":[],"_links":{"self":[{"href":"https:\/\/www.najicherfanfoundation.org\/fr\/wp-json\/wp\/v2\/pages\/5262"}],"collection":[{"href":"https:\/\/www.najicherfanfoundation.org\/fr\/wp-json\/wp\/v2\/pages"}],"about":[{"href":"https:\/\/www.najicherfanfoundation.org\/fr\/wp-json\/wp\/v2\/types\/page"}],"author":[{"embeddable":true,"href":"https:\/\/www.najicherfanfoundation.org\/fr\/wp-json\/wp\/v2\/users\/2"}],"replies":[{"embeddable":true,"href":"https:\/\/www.najicherfanfoundation.org\/fr\/wp-json\/wp\/v2\/comments?post=5262"}],"version-history":[{"count":10,"href":"https:\/\/www.najicherfanfoundation.org\/fr\/wp-json\/wp\/v2\/pages\/5262\/revisions"}],"predecessor-version":[{"id":19234,"href":"https:\/\/www.najicherfanfoundation.org\/fr\/wp-json\/wp\/v2\/pages\/5262\/revisions\/19234"}],"wp:attachment":[{"href":"https:\/\/www.najicherfanfoundation.org\/fr\/wp-json\/wp\/v2\/media?parent=5262"}],"curies":[{"name":"wp","href":"https:\/\/api.w.org\/{rel}","templated":true}]}}