{"id":5277,"date":"2017-09-27T08:29:29","date_gmt":"2017-09-27T08:29:29","guid":{"rendered":"https:\/\/www.najicherfanfoundation.org\/contact-us\/"},"modified":"2023-01-20T09:00:46","modified_gmt":"2023-01-20T09:00:46","slug":"contactez-nous","status":"publish","type":"page","link":"https:\/\/www.najicherfanfoundation.org\/fr\/contactez-nous\/","title":{"rendered":"CONTACTEZ-NOUS"},"content":{"rendered":"<p>[vc_row equal_height=\u00a0\u00bbyes\u00a0\u00bb css=\u00a0\u00bb.vc_custom_1513048596846{margin-right: 0px !important;margin-bottom: 90px !important;margin-left: 0px !important;}\u00a0\u00bb][vc_column width=\u00a0\u00bb2\/3&Prime; css=\u00a0\u00bb.vc_custom_1513048602768{background-color: #ffffff !important;}\u00a0\u00bb el_class=\u00a0\u00bbshadow\u00a0\u00bb][vc_empty_space height=\u00a0\u00bb50px\u00a0\u00bb][vc_row_inner][vc_column_inner width=\u00a0\u00bb1\/12&Prime;][\/vc_column_inner][vc_column_inner width=\u00a0\u00bb5\/6&Prime;][vc_column_text]<\/p>\n<h3 style=\"text-align: center;\"><strong>Nous serons ravis d\u2019avoir de vos nouvelles!<\/strong><\/h3>\n<p>[\/vc_column_text][vc_empty_space height=\u00a0\u00bb10px\u00a0\u00bb][vc_column_text]<\/p>\n<p style=\"text-align: center;\">Si vous avez une question sur l&rsquo;un de nos projets ou si vous souhaitez en savoir plus sur la destination de vos dons, ou si vous rencontrez des probl\u00e8mes avec notre site Web, nous sommes l\u00e0 pour vous aider et vous informer.<\/p>\n<p style=\"text-align: center;\">M\u00eame si nous recevons des dizaines d&rsquo;e-mails chaque semaine, nous nous engageons \u00e0 r\u00e9pondre \u00e0 votre e-mail dans les trois jours.<\/p>\n<p style=\"text-align: center;\">\u00a0Vous pouvez nous \u00e9crire un e-mail sur<\/p>\n<p style=\"text-align: center;\">info@najicherfanfoundation.org<\/p>\n<p>[\/vc_column_text][vc_empty_space height=\u00a0\u00bb35px\u00a0\u00bb]<div role=\"form\" class=\"wpcf7\" id=\"wpcf7-f1678-o1\" lang=\"en-US\" dir=\"ltr\">\n<div class=\"screen-reader-response\"><p role=\"status\" aria-live=\"polite\" aria-atomic=\"true\"><\/p> <ul><\/ul><\/div>\n<form action=\"\/fr\/wp-json\/wp\/v2\/pages\/5277#wpcf7-f1678-o1\" method=\"post\" class=\"wpcf7-form init\" novalidate=\"novalidate\" data-status=\"init\">\n<div style=\"display: none;\">\n<input type=\"hidden\" name=\"_wpcf7\" value=\"1678\" \/>\n<input type=\"hidden\" name=\"_wpcf7_version\" value=\"5.5.3\" \/>\n<input type=\"hidden\" name=\"_wpcf7_locale\" value=\"en_US\" \/>\n<input type=\"hidden\" name=\"_wpcf7_unit_tag\" value=\"wpcf7-f1678-o1\" \/>\n<input type=\"hidden\" name=\"_wpcf7_container_post\" value=\"0\" \/>\n<input type=\"hidden\" name=\"_wpcf7_posted_data_hash\" value=\"\" \/>\n<input type=\"hidden\" name=\"_wpcf7_recaptcha_response\" value=\"\" \/>\n<\/div>\n<div class=\"form-request\">\n<div class=\"row\">\n<div class=\"columns columns-6\"><span class=\"wpcf7-form-control-wrap Name\"><input type=\"text\" name=\"Name\" value=\"\" size=\"40\" class=\"wpcf7-form-control wpcf7-text\" aria-invalid=\"false\" placeholder=\"First Name\" \/><\/span><\/div>\n<div class=\"columns columns-6\"><span class=\"wpcf7-form-control-wrap Last\"><input type=\"text\" name=\"Last\" value=\"\" size=\"40\" class=\"wpcf7-form-control wpcf7-text\" aria-invalid=\"false\" placeholder=\"Last Name\" \/><\/span><\/div>\n<\/div>\n<div class=\"row\">\n<div class=\"columns columns-6\"><span class=\"wpcf7-form-control-wrap email\"><input type=\"email\" name=\"email\" value=\"\" size=\"40\" class=\"wpcf7-form-control wpcf7-text wpcf7-email wpcf7-validates-as-email\" aria-invalid=\"false\" placeholder=\"Your Email\" \/><\/span><\/div>\n<div class=\"columns columns-6\"><span class=\"wpcf7-form-control-wrap phone\"><input type=\"text\" name=\"phone\" value=\"\" size=\"40\" class=\"wpcf7-form-control wpcf7-text\" aria-invalid=\"false\" placeholder=\"Your Phone\" \/><\/span><\/div>\n<\/div>\n<div class=\"row\">\n<div class=\"columns columns-12\"><span class=\"wpcf7-form-control-wrap message\"><textarea name=\"message\" cols=\"40\" rows=\"10\" class=\"wpcf7-form-control wpcf7-textarea\" aria-invalid=\"false\" placeholder=\"Message\"><\/textarea><\/span><\/div>\n<\/div>\n<div class=\"row\">\n<div class=\"columns columns-12\">\n<span class=\"wpcf7-form-control-wrap recaptcha\" data-name=\"recaptcha\"><span data-sitekey=\"6Lfh4I4fAAAAAOZs8QFIopGHx1IusmgFugb3vRKW\" class=\"wpcf7-form-control g-recaptcha wpcf7-recaptcha\"><\/span>\r\n<noscript>\r\n\t<div class=\"grecaptcha-noscript\">\r\n\t\t<iframe src=\"https:\/\/www.google.com\/recaptcha\/api\/fallback?k=6Lfh4I4fAAAAAOZs8QFIopGHx1IusmgFugb3vRKW\" frameborder=\"0\" scrolling=\"no\" width=\"310\" height=\"430\">\r\n\t\t<\/iframe>\r\n\t\t<textarea name=\"g-recaptcha-response\" rows=\"3\" cols=\"40\" placeholder=\"reCaptcha Response Here\">\r\n\t\t<\/textarea>\r\n\t<\/div>\r\n<\/noscript>\r\n<\/span>\n<\/div>\n<\/div>\n<div class=\"row\">\n<div class=\"columns columns-12\"><input type=\"submit\" value=\"Submit\" class=\"wpcf7-form-control has-spinner wpcf7-submit\" \/><\/div>\n<\/div>\n<\/div>\n<p style=\"display: none !important;\" class=\"akismet-fields-container\" data-prefix=\"_wpcf7_ak_\"><label>&#916;<textarea name=\"_wpcf7_ak_hp_textarea\" cols=\"45\" rows=\"8\" maxlength=\"100\"><\/textarea><\/label><input type=\"hidden\" id=\"ak_js_1\" name=\"_wpcf7_ak_js\" value=\"102\"\/><script>document.getElementById( \"ak_js_1\" ).setAttribute( \"value\", ( new Date() ).getTime() );<\/script><\/p><div class=\"wpcf7-response-output\" aria-hidden=\"true\"><\/div><\/form><\/div>[vc_empty_space height=\u00a0\u00bb20px\u00a0\u00bb][\/vc_column_inner][vc_column_inner width=\u00a0\u00bb1\/12&Prime;][\/vc_column_inner][\/vc_row_inner][vc_empty_space height=\u00a0\u00bb50px\u00a0\u00bb][\/vc_column][vc_column width=\u00a0\u00bb1\/3&Prime; css=\u00a0\u00bb.vc_custom_1513048549225{padding-top: 90px !important;padding-right: 50px !important;padding-bottom: 50px !important;padding-left: 50px !important;background-color: #f2f2f3 !important;}\u00a0\u00bb][vc_column_text]<\/p>\n<h5 style=\"margin: 0 0 10px 0;\">Gr\u00e8ce:<\/h5>\n<p>Ath\u00e8nes | Konitsis 5 | Marousi 151 25<br \/>\n<strong>T\u00e9l:<\/strong> +30-210-6146-560 (ext. 102)<br \/>\n<strong>Fax:<\/strong> +30-210-8061-765[\/vc_column_text][vc_empty_space height=\u00a0\u00bb30px\u00a0\u00bb][vc_column_text]<\/p>\n<h5 style=\"margin: 0 0 10px 0;\">Liban:<\/h5>\n<p>B\u00e2timent Bitar &amp; Kiameh | 6<sup>\u00e8me<\/sup> \u00c9tage | \u00c0 c\u00f4t\u00e9 de l\u2019hopital Eye &amp; Ear \u2013 Rue St. Vincent (Mar Mansour Str.)<br \/>\n<strong>Tel:<\/strong> +961 (0)4 522221<br \/>\n<strong>Cel:<\/strong> +961 70 013330<br \/>\n<strong>E-mail:<\/strong> info@najicherfanfoundation.org<\/p>\n<p>License No. 2859872NCF<br \/>\nNum\u00e9ro de Registre 2154[\/vc_column_text][\/vc_column][\/vc_row]<\/p>\n","protected":false},"excerpt":{"rendered":"<p>[vc_row equal_height=\u00a0\u00bbyes\u00a0\u00bb css=\u00a0\u00bb.vc_custom_1513048596846{margin-right: 0px !important;margin-bottom: 90px !important;margin-left: 0px !important;}\u00a0\u00bb][vc_column width=\u00a0\u00bb2\/3&Prime; css=\u00a0\u00bb.vc_custom_1513048602768{background-color: #ffffff !important;}\u00a0\u00bb el_class=\u00a0\u00bbshadow\u00a0\u00bb][vc_empty_space height=\u00a0\u00bb50px\u00a0\u00bb][vc_row_inner][vc_column_inner width=\u00a0\u00bb1\/12&Prime;][\/vc_column_inner][vc_column_inner width=\u00a0\u00bb5\/6&Prime;][vc_column_text] Nous serons ravis d\u2019avoir de vos nouvelles! [\/vc_column_text][vc_empty_space height=\u00a0\u00bb10px\u00a0\u00bb][vc_column_text] Si vous avez une question sur l&rsquo;un de nos projets ou si vous souhaitez en savoir plus sur la destination de vos dons, ou si vous rencontrez des probl\u00e8mes [&hellip;]<\/p>\n","protected":false},"author":2,"featured_media":0,"parent":0,"menu_order":0,"comment_status":"closed","ping_status":"closed","template":"","meta":{"om_disable_all_campaigns":false},"aioseo_notices":[],"_links":{"self":[{"href":"https:\/\/www.najicherfanfoundation.org\/fr\/wp-json\/wp\/v2\/pages\/5277"}],"collection":[{"href":"https:\/\/www.najicherfanfoundation.org\/fr\/wp-json\/wp\/v2\/pages"}],"about":[{"href":"https:\/\/www.najicherfanfoundation.org\/fr\/wp-json\/wp\/v2\/types\/page"}],"author":[{"embeddable":true,"href":"https:\/\/www.najicherfanfoundation.org\/fr\/wp-json\/wp\/v2\/users\/2"}],"replies":[{"embeddable":true,"href":"https:\/\/www.najicherfanfoundation.org\/fr\/wp-json\/wp\/v2\/comments?post=5277"}],"version-history":[{"count":6,"href":"https:\/\/www.najicherfanfoundation.org\/fr\/wp-json\/wp\/v2\/pages\/5277\/revisions"}],"predecessor-version":[{"id":19235,"href":"https:\/\/www.najicherfanfoundation.org\/fr\/wp-json\/wp\/v2\/pages\/5277\/revisions\/19235"}],"wp:attachment":[{"href":"https:\/\/www.najicherfanfoundation.org\/fr\/wp-json\/wp\/v2\/media?parent=5277"}],"curies":[{"name":"wp","href":"https:\/\/api.w.org\/{rel}","templated":true}]}}