{"id":5282,"date":"2021-09-20T11:48:05","date_gmt":"2021-09-20T11:48:05","guid":{"rendered":"https:\/\/www.najicherfanfoundation.org\/home-ncf\/"},"modified":"2023-02-23T16:42:02","modified_gmt":"2023-02-23T16:42:02","slug":"home-ncf","status":"publish","type":"page","link":"https:\/\/www.najicherfanfoundation.org\/fr\/","title":{"rendered":"ACCUEIL de la FONDATION"},"content":{"rendered":"<p>[vc_row full_width=\u00a0\u00bbstretch_row_content_no_spaces\u00a0\u00bb][vc_column]\n\t\t\t<!-- START Mainsite FRENCH REVOLUTION SLIDER 6.4.6 --><p class=\"rs-p-wp-fix\"><\/p>\n\t\t\t<rs-module-wrap id=\"rev_slider_7_1_wrapper\" data-source=\"gallery\" style=\"background:transparent;padding:0;margin:0px auto;margin-top:0;margin-bottom:0;\">\n\t\t\t\t<rs-module id=\"rev_slider_7_1\" style=\"\" data-version=\"6.4.6\">\n\t\t\t\t\t<rs-slides>\n\t\t\t\t\t\t<rs-slide data-key=\"rs-21\" data-title=\"Slide\" data-thumb=\"\/\/www.najicherfanfoundation.org\/wp-content\/uploads\/2022\/09\/OUR-MISSION-FRENCH.png\" data-anim=\"ms:600;\" data-in=\"o:0;\" data-out=\"a:false;\">\n\t\t\t\t\t\t\t<img src=\"\/\/www.najicherfanfoundation.org\/wp-content\/uploads\/2022\/09\/OUR-MISSION-FRENCH.png\" title=\"OUR-MISSION-FRENCH\" width=\"1170\" height=\"522\" class=\"rev-slidebg tp-rs-img\" data-no-retina>\n<!---->\t\t\t\t\t\t<\/rs-slide>\n\t\t\t\t\t\t<rs-slide data-key=\"rs-22\" data-title=\"Slide\" data-thumb=\"\/\/www.najicherfanfoundation.org\/wp-content\/uploads\/2022\/09\/OUR-WORK-FRENCH-1.png\" data-anim=\"ms:600;\" data-in=\"o:0;\" data-out=\"a:false;\">\n\t\t\t\t\t\t\t<img src=\"\/\/www.najicherfanfoundation.org\/wp-content\/uploads\/2022\/09\/OUR-WORK-FRENCH-1.png\" title=\"OUR-WORK-FRENCH\" width=\"1170\" height=\"522\" class=\"rev-slidebg tp-rs-img\" data-no-retina>\n<!---->\t\t\t\t\t\t<\/rs-slide>\n\t\t\t\t\t\t<rs-slide data-key=\"rs-23\" data-title=\"Slide\" data-thumb=\"\/\/www.najicherfanfoundation.org\/wp-content\/uploads\/2022\/09\/OUR-OBJECTIVES-FRENCH.png\" data-anim=\"ms:600;\" data-in=\"o:0;\" data-out=\"a:false;\">\n\t\t\t\t\t\t\t<img src=\"\/\/www.najicherfanfoundation.org\/wp-content\/uploads\/2022\/09\/OUR-OBJECTIVES-FRENCH.png\" title=\"OUR-OBJECTIVES-FRENCH\" width=\"1170\" height=\"522\" class=\"rev-slidebg tp-rs-img\" data-no-retina>\n<!---->\t\t\t\t\t\t<\/rs-slide>\n\t\t\t\t\t<\/rs-slides>\n\t\t\t\t<\/rs-module>\n\t\t\t\t<script type=\"text\/javascript\">\n\t\t\t\t\tsetREVStartSize({c: 'rev_slider_7_1',rl:[1240,1024,778,480],el:[700],gw:[1170],gh:[700],type:'standard',justify:'',layout:'fullwidth',mh:\"0\"});\n\t\t\t\t\tvar\trevapi7,\n\t\t\t\t\t\ttpj;\n\t\t\t\t\tfunction revinit_revslider71() {\n\t\t\t\t\tjQuery(function() {\n\t\t\t\t\t\ttpj = jQuery;\n\t\t\t\t\t\trevapi7 = tpj(\"#rev_slider_7_1\");\n\t\t\t\t\t\tif(revapi7==undefined || revapi7.revolution == undefined){\n\t\t\t\t\t\t\trevslider_showDoubleJqueryError(\"rev_slider_7_1\");\n\t\t\t\t\t\t}else{\n\t\t\t\t\t\t\trevapi7.revolution({\n\t\t\t\t\t\t\t\tDPR:\"dpr\",\n\t\t\t\t\t\t\t\tsliderLayout:\"fullwidth\",\n\t\t\t\t\t\t\t\tvisibilityLevels:\"1240,1024,778,480\",\n\t\t\t\t\t\t\t\tgridwidth:1170,\n\t\t\t\t\t\t\t\tgridheight:700,\n\t\t\t\t\t\t\t\tspinner:\"spinner0\",\n\t\t\t\t\t\t\t\tperspective:600,\n\t\t\t\t\t\t\t\tperspectiveType:\"local\",\n\t\t\t\t\t\t\t\teditorheight:\"700,768,960,720\",\n\t\t\t\t\t\t\t\tresponsiveLevels:\"1240,1024,778,480\",\n\t\t\t\t\t\t\t\tprogressBar:{disableProgressBar:true},\n\t\t\t\t\t\t\t\tnavigation: {\n\t\t\t\t\t\t\t\t\tmouseScrollNavigation:false,\n\t\t\t\t\t\t\t\t\twheelCallDelay:1000,\n\t\t\t\t\t\t\t\t\tonHoverStop:false,\n\t\t\t\t\t\t\t\t\tbullets: {\n\t\t\t\t\t\t\t\t\t\tenable:true,\n\t\t\t\t\t\t\t\t\t\ttmp:\"\",\n\t\t\t\t\t\t\t\t\t\tstyle:\"hesperiden\",\n\t\t\t\t\t\t\t\t\t\thide_onleave:true\n\t\t\t\t\t\t\t\t\t}\n\t\t\t\t\t\t\t\t},\n\t\t\t\t\t\t\t\tfallbacks: {\n\t\t\t\t\t\t\t\t\tallowHTML5AutoPlayOnAndroid:true\n\t\t\t\t\t\t\t\t},\n\t\t\t\t\t\t\t});\n\t\t\t\t\t\t}\n\t\t\t\t\t\t\n\t\t\t\t\t});\n\t\t\t\t\t} \/\/ End of RevInitScript\n\t\t\t\tvar once_revslider71 = false;\n\t\t\t\tif (document.readyState === \"loading\") {document.addEventListener('readystatechange',function() { if((document.readyState === \"interactive\" || document.readyState === \"complete\") && !once_revslider71 ) { once_revslider71 = true; revinit_revslider71();}});} else {once_revslider71 = true; revinit_revslider71();}\n\t\t\t\t<\/script>\n\t\t\t\t<script>\n\t\t\t\t\tvar htmlDivCss = unescape(\"%23rev_slider_7_1_wrapper%20.hesperiden.tp-bullets%20%7B%0A%7D%0A%23rev_slider_7_1_wrapper%20.hesperiden.tp-bullets%3Abefore%20%7B%0A%09content%3A%27%20%27%3B%0A%09position%3Aabsolute%3B%0A%09width%3A100%25%3B%0A%09height%3A100%25%3B%0A%09background%3Atransparent%3B%0A%09padding%3A10px%3B%0A%09margin-left%3A-10px%3Bmargin-top%3A-10px%3B%0A%09box-sizing%3Acontent-box%3B%0A%20%20%20border-radius%3A8px%3B%0A%20%20%0A%7D%0A%23rev_slider_7_1_wrapper%20.hesperiden%20.tp-bullet%20%7B%0A%09width%3A5px%3B%0A%09height%3A5px%3B%0A%09position%3Aabsolute%3B%0A%09background%3A%20%23c6d3e3%3B%20%2F%2A%20old%20browsers%20%2A%2F%0A%20%20%20%20background%3A%20-moz-linear-gradient%28top%2C%20%20%23c6d3e3%200%25%2C%20%23c6d3e3%20100%25%29%3B%20%2F%2A%20ff3.6%2B%20%2A%2F%0A%20%20%20%20background%3A%20-webkit-linear-gradient%28top%2C%20%20%23c6d3e3%200%25%2C%23c6d3e3%20100%25%29%3B%20%2F%2A%20chrome10%2B%2Csafari5.1%2B%20%2A%2F%0A%20%20%20%20background%3A%20-o-linear-gradient%28top%2C%20%20%23c6d3e3%200%25%2C%23c6d3e3%20100%25%29%3B%20%2F%2A%20opera%2011.10%2B%20%2A%2F%0A%20%20%20%20background%3A%20-ms-linear-gradient%28top%2C%20%20%23c6d3e3%200%25%2C%23c6d3e3%20100%25%29%3B%20%2F%2A%20ie10%2B%20%2A%2F%0A%20%20%20%20background%3A%20linear-gradient%28to%20bottom%2C%20%20%23c6d3e3%200%25%2C%23c6d3e3%20100%25%29%3B%20%2F%2A%20w3c%20%2A%2F%0A%20%20%20%20filter%3A%20progid%3Adximagetransform.microsoft.gradient%28%20%0A%20%20%20%20startcolorstr%3D%27%23c6d3e3%27%2C%20endcolorstr%3D%27%23c6d3e3%27%2Cgradienttype%3D0%20%29%3B%20%2F%2A%20ie6-9%20%2A%2F%0A%09border%3A7px%20solid%20%23ffffff%3B%0A%09border-radius%3A50%25%3B%0A%09cursor%3A%20pointer%3B%0A%09box-sizing%3Acontent-box%3B%0A%7D%0A%23rev_slider_7_1_wrapper%20.hesperiden%20.tp-bullet%3Ahover%2C%0A%23rev_slider_7_1_wrapper%20.hesperiden%20.tp-bullet.selected%20%7B%0A%09background%3A%23273272%3B%0A%7D%0A%23rev_slider_7_1_wrapper%20.hesperiden%20.tp-bullet-image%20%7B%0A%7D%0A%23rev_slider_7_1_wrapper%20.hesperiden%20.tp-bullet-title%20%7B%0A%7D%0A%0A\");\n\t\t\t\t\tvar htmlDiv = document.getElementById('rs-plugin-settings-inline-css');\n\t\t\t\t\tif(htmlDiv) {\n\t\t\t\t\t\thtmlDiv.innerHTML = htmlDiv.innerHTML + htmlDivCss;\n\t\t\t\t\t}else{\n\t\t\t\t\t\tvar htmlDiv = document.createElement('div');\n\t\t\t\t\t\thtmlDiv.innerHTML = '<style>' + htmlDivCss + '<\/style>';\n\t\t\t\t\t\tdocument.getElementsByTagName('head')[0].appendChild(htmlDiv.childNodes[0]);\n\t\t\t\t\t}\n\t\t\t\t<\/script>\n\t\t\t\t<script>\n\t\t\t\t\tvar htmlDivCss = unescape(\"%0A%0A%0A\");\n\t\t\t\t\tvar htmlDiv = document.getElementById('rs-plugin-settings-inline-css');\n\t\t\t\t\tif(htmlDiv) {\n\t\t\t\t\t\thtmlDiv.innerHTML = htmlDiv.innerHTML + htmlDivCss;\n\t\t\t\t\t}else{\n\t\t\t\t\t\tvar htmlDiv = document.createElement('div');\n\t\t\t\t\t\thtmlDiv.innerHTML = '<style>' + htmlDivCss + '<\/style>';\n\t\t\t\t\t\tdocument.getElementsByTagName('head')[0].appendChild(htmlDiv.childNodes[0]);\n\t\t\t\t\t}\n\t\t\t\t<\/script>\n\t\t\t<\/rs-module-wrap>\n\t\t\t<!-- END REVOLUTION SLIDER -->\n[\/vc_column][\/vc_row][vc_row css=\u00a0\u00bb.vc_custom_1519270672607{padding-top: 50px !important;padding-bottom: 20px !important;}\u00a0\u00bb][vc_column width=\u00a0\u00bb1\/3&Prime;][vc_empty_space height=\u00a0\u00bb30px\u00a0\u00bb][\/vc_column][vc_column width=\u00a0\u00bb1\/3&Prime;][vc_empty_space height=\u00a0\u00bb30px\u00a0\u00bb][\/vc_column][vc_column width=\u00a0\u00bb1\/3&Prime;][vc_empty_space height=\u00a0\u00bb30px\u00a0\u00bb][\/vc_column][\/vc_row][vc_row full_width=\u00a0\u00bbstretch_row\u00a0\u00bb css=\u00a0\u00bb.vc_custom_1631912586329{padding-top: 65px !important;padding-bottom: 170px !important;background-color: #e9eaee !important;background-position: 0 0 !important;background-repeat: no-repeat !important;}\u00a0\u00bb][vc_column][vc_row_inner][vc_column_inner width=\u00a0\u00bb1\/12&Prime;][\/vc_column_inner][vc_column_inner width=\u00a0\u00bb5\/6&Prime;][vc_custom_heading text=\u00a0\u00bbPARTAGEONS LA BIENVEILLANCE, LA CHARIT\u00c9 ET L&rsquo;AMOUR DANS NOTRE COMMUNAUT\u00c9.\u00a0\u00bb font_container=\u00a0\u00bbtag:h3|font_size:42px|text_align:center\u00a0\u00bb use_theme_fonts=\u00a0\u00bbyes\u00a0\u00bb][vc_empty_space height=\u00a0\u00bb40px\u00a0\u00bb][\/vc_column_inner][vc_column_inner width=\u00a0\u00bb1\/12&Prime;][\/vc_column_inner][\/vc_row_inner][vc_row_inner content_placement=\u00a0\u00bbmiddle\u00a0\u00bb gap=\u00a0\u00bb35&Prime;][vc_column_inner offset=\u00a0\u00bbvc_col-md-7&Prime;]<ul class=\"iconlist iconlist iconlist-icon-xlarge \"><li ><div class=\"iconlist-item-icon\"><img src=\"https:\/\/www.najicherfanfoundation.org\/wp-content\/uploads\/2021\/09\/Nutrition-icon-1.png\" alt=\"Nutrition-icon-1\" \/><span class=\"shapes\"><\/span><\/div><div class=\"iconlist-item-content\"><\/p>\n<h5><a href=\"https:\/\/www.najicherfanfoundation.org\/en\/category\/healthy-living\/nutrition\/\">Nutrition<\/a><\/h5>\n<p><\/div><\/li><li ><div class=\"iconlist-item-icon\"><img src=\"https:\/\/www.najicherfanfoundation.org\/wp-content\/uploads\/2021\/09\/Family-and-children-icon-1.png\" alt=\"Family-and-children-icon-1\" \/><span class=\"shapes\"><\/span><\/div><div class=\"iconlist-item-content\"><\/p>\n<h5><a href=\"https:\/\/www.najicherfanfoundation.org\/en\/category\/family-parenting\/family-children\/\">Famille &amp; Enfants<\/a><\/h5>\n<p><\/div><\/li><li ><div class=\"iconlist-item-icon\"><img src=\"https:\/\/www.najicherfanfoundation.org\/wp-content\/uploads\/2021\/09\/Education-icon.png\" alt=\"Education-icon\" \/><span class=\"shapes\"><\/span><\/div><div class=\"iconlist-item-content\"><\/p>\n<h5><a href=\"https:\/\/www.najicherfanfoundation.org\/fr\/category\/education-fr\/\">Education<\/a><\/h5>\n<p><\/div><\/li><\/ul><ul class=\"iconlist iconlist iconlist-icon-xlarge \"><li ><div class=\"iconlist-item-icon\"><img src=\"https:\/\/www.najicherfanfoundation.org\/wp-content\/uploads\/2021\/09\/Children-safety-icon.png\" alt=\"Children-safety-icon\" \/><span class=\"shapes\"><\/span><\/div><div class=\"iconlist-item-content\"><\/p>\n<h5><a href=\"https:\/\/www.najicherfanfoundation.org\/en\/category\/family-parenting\/children-safety\/\">S\u00e9curit\u00e9 des Enfants<\/a><\/h5>\n<p><\/div><\/li><li ><div class=\"iconlist-item-icon\"><img src=\"https:\/\/www.najicherfanfoundation.org\/wp-content\/uploads\/2021\/09\/Road-safety-icon.png\" alt=\"Road-safety-icon\" \/><span class=\"shapes\"><\/span><\/div><div class=\"iconlist-item-content\"><\/p>\n<h5><a href=\"https:\/\/www.najicherfanfoundation.org\/en\/category\/road-safety\/\">S\u00e9curit\u00e9 Routi\u00e8re<\/a><\/h5>\n<p><\/div><\/li><li ><div class=\"iconlist-item-icon\"><img src=\"https:\/\/www.najicherfanfoundation.org\/wp-content\/uploads\/2021\/09\/Go-green-icon.png\" alt=\"Go-green-icon\" \/><span class=\"shapes\"><\/span><\/div><div class=\"iconlist-item-content\"><\/p>\n<h5><a href=\"https:\/\/www.najicherfanfoundation.org\/en\/category\/go-green\/\">Mettre Au Vert<\/a><\/h5>\n<p><\/div><\/li><\/ul>[vc_empty_space height=\u00a0\u00bb30px\u00a0\u00bb][\/vc_column_inner][vc_column_inner offset=\u00a0\u00bbvc_col-md-5&Prime;][vc_column_text]Vous cherchez \u00e0 lire des articles inspirants? Parcourez notre liste de cat\u00e9gories int\u00e9ressantes et dissertations sur des sujets tels que la sant\u00e9, le bonheur, la productivit\u00e9 et plus encore.<\/p>\n<p>Nous essayons d&rsquo;inspirer, d&rsquo;\u00e9lever, de rappeler \u00e0 tous, que chaque \u00eatre humain poss\u00e8de une valeur \u00e9gale et doit \u00eatre trait\u00e9 en cons\u00e9quence.[\/vc_column_text][vc_empty_space height=\u00a0\u00bb30px\u00a0\u00bb][vc_column_text]<\/p>\n<p style=\"text-align: center;\"><a class=\"button green\" href=\"#\">Pr\u00eat \u00e0 plonger?<\/a><\/p>\n<p>[\/vc_column_text][vc_empty_space height=\u00a0\u00bb30px\u00a0\u00bb][\/vc_column_inner][\/vc_row_inner][\/vc_column][\/vc_row][vc_row css=\u00a0\u00bb.vc_custom_1519267550921{margin-top: -128px !important;}\u00a0\u00bb][vc_column][vc_column_text][\/vc_column_text][\/vc_column][\/vc_row][vc_row full_width=\u00a0\u00bbstretch_row\u00a0\u00bb content_placement=\u00a0\u00bbmiddle\u00a0\u00bb css=\u00a0\u00bb.vc_custom_1656420065232{padding-top: 80px !important;padding-bottom: 30px !important;background-position: center !important;background-repeat: no-repeat !important;background-size: cover !important;}\u00a0\u00bb][vc_column width=\u00a0\u00bb1\/2&Prime;][vc_column_text]<\/p>\n<h3 class=\"no-margin-top\">MIEUX NOUS CONNA<strong>\u00ce<\/strong>TRE<\/h3>\n<p>La Fondation Naji Cherfan a \u00e9t\u00e9 cr\u00e9\u00e9 pour honorer Dieu, promouvoir les valeurs chr\u00e9tiennes et soutenir les jeunes patients atteints de l\u00e9sions c\u00e9r\u00e9brales.[\/vc_column_text][vc_empty_space height=\u00a0\u00bb30px\u00a0\u00bb][vc_toggle title=\u00a0\u00bb\u00c9nonc\u00e9 de Mission\u00a0\u00bb]L&rsquo;objectif principal de la Fondation Naji Cherfan est d&rsquo;am\u00e9liorer la qualit\u00e9 de vie des enfants, des adolescents et des adultes, et plus particuli\u00e8rement ceux touch\u00e9s par des l\u00e9sions c\u00e9r\u00e9brales, en promouvant les valeurs chr\u00e9tiennes.[\/vc_toggle][vc_toggle title=\u00a0\u00bbObjectifs sp\u00e9cifiques\u00a0\u00bb]Soutenir les personnes touch\u00e9es par des l\u00e9sions c\u00e9r\u00e9brales et sensibiliser les patients, les familles et les th\u00e9rapeutes au potentiel de r\u00e9tablissement gr\u00e2ce \u00e0 la pers\u00e9v\u00e9rance, au soutien, aux encouragements et \u00e0 une foi solide en Dieu.[\/vc_toggle][vc_toggle title=\u00a0\u00bbNos Valeurs Fondamentales\u00a0\u00bb]Les valeurs fondamentales de la Fondation sont bas\u00e9es sur les priorit\u00e9s que Naji a suivi dans sa vie comme Chr\u00e9tien, l&rsquo;am\u00e9lioration de la sant\u00e9 et le renforcement de l&rsquo;\u00e9ducation.[\/vc_toggle][vc_empty_space height=\u00a0\u00bb30px\u00a0\u00bb][\/vc_column][vc_column width=\u00a0\u00bb1\/2&Prime;][vc_row_inner][vc_column_inner width=\u00a0\u00bb1\/6&Prime;][\/vc_column_inner][vc_column_inner width=\u00a0\u00bb2\/3&Prime;][vc_column_text]<a id=\"69d7f052486b0\" rel=\"wp-video-lightbox\" href=\"https:\/\/www.youtube.com\/watch?v=z6LNNdPpjCs&#038;width=640&#038;height=480\" title=\"\"><img src=\"https:\/\/www.najicherfanfoundation.org\/wp-content\/uploads\/2021\/09\/About-NCF-home.jpg\" class=\"video_lightbox_anchor_image\" alt=\"text that describes this image\" \/><\/a>    <script>\r\n    \/* <![CDATA[ *\/\r\n    jQuery(document).ready(function($){\r\n        $(function(){\r\n            var width = $(window).innerWidth();\r\n            var setwidth = parseFloat(640);\r\n            var ratio = parseFloat(0.75);\r\n            var height = parseFloat(480);\r\n            var link = 'https:\/\/www.youtube.com\/watch?v=z6LNNdPpjCs&amp;width=640&amp;height=480';\r\n            if(width < setwidth)\r\n            {\r\n                height = Math.floor(width * 0.75);\r\n                \/\/console.log(\"device width \"+width+\", set width \"+640+\", ratio \"+0.75+\", new height \"+ height);\r\n                var new_url = wpvl_paramReplace('width', link, width);\r\n                var new_url = wpvl_paramReplace('height', new_url, height);\r\n                $(\"a#69d7f052486b0\").attr('href', new_url);\r\n                \/\/console.log(new_url);\r\n            }\r\n        });\r\n    });\r\n    \/* ]]> *\/\r\n    <\/script>[\/vc_column_text][vc_empty_space height=\u00a0\u00bb30px\u00a0\u00bb][\/vc_column_inner][vc_column_inner width=\u00a0\u00bb1\/6&Prime;][\/vc_column_inner][\/vc_row_inner][\/vc_column][\/vc_row][vc_row full_width=\u00a0\u00bbstretch_row\u00a0\u00bb css=\u00a0\u00bb.vc_custom_1637570619622{padding-top: 70px !important;padding-bottom: 70px !important;background: #0083ca url(https:\/\/www.infracode-multimedia.com\/NajiCherfan\/wp-content\/uploads\/\/2017\/12\/pattern.png?id=1091) !important;background-position: center !important;background-repeat: no-repeat !important;background-size: cover !important;}\u00a0\u00bb][vc_column width=\u00a0\u00bb1\/6&Prime;][\/vc_column][vc_column width=\u00a0\u00bb2\/3&Prime;][vc_custom_heading text=\u00a0\u00bbJ\u00c9SUS EST TOUJOURS AVEC VOUS\u00a0\u00bb font_container=\u00a0\u00bbtag:h3|font_size:50px|text_align:center|color:%23ffffff\u00a0\u00bb use_theme_fonts=\u00a0\u00bbyes\u00a0\u00bb][vc_empty_space height=\u00a0\u00bb40px\u00a0\u00bb][vc_video link=\u00a0\u00bbhttps:\/\/www.youtube.com\/watch?v=v2xwT7j1FCE\u00a0\u00bb align=\u00a0\u00bbcenter\u00a0\u00bb][vc_empty_space height=\u00a0\u00bb40px\u00a0\u00bb][\/vc_column][vc_column width=\u00a0\u00bb1\/6&Prime;][\/vc_column][\/vc_row][vc_row css=\u00a0\u00bb.vc_custom_1513570220567{padding-top: 80px !important;padding-bottom: 30px !important;}\u00a0\u00bb][vc_column width=\u00a0\u00bb1\/6&Prime;][\/vc_column][vc_column width=\u00a0\u00bb2\/3&Prime;][vc_custom_heading text=\u00a0\u00bbT\u00c9L\u00c9CHARGEZ NOTRE BROCHURE\u00a0\u00bb font_container=\u00a0\u00bbtag:h2|font_size:50|text_align:center\u00a0\u00bb use_theme_fonts=\u00a0\u00bbyes\u00a0\u00bb][vc_empty_space height=\u00a0\u00bb5px\u00a0\u00bb][vc_column_text]<\/p>\n<h4 style=\"text-align: center; margin: 0 0 30px 0;\">POUR EN SAVOIR PLUS SUR LA FONDATION NAJI CHERFAN<\/h4>\n<p style=\"text-align: center;\"><a class=\"button\" href=\"#\">T\u00e9l\u00e9charger Gratuitement<\/a><\/p>\n<p>[\/vc_column_text][\/vc_column][vc_column width=\u00a0\u00bb1\/6&Prime;][\/vc_column][\/vc_row]<\/p>\n","protected":false},"excerpt":{"rendered":"<p>[vc_row full_width=\u00a0\u00bbstretch_row_content_no_spaces\u00a0\u00bb][vc_column][\/vc_column][\/vc_row][vc_row css=\u00a0\u00bb.vc_custom_1519270672607{padding-top: 50px !important;padding-bottom: 20px !important;}\u00a0\u00bb][vc_column width=\u00a0\u00bb1\/3&Prime;][vc_empty_space height=\u00a0\u00bb30px\u00a0\u00bb][\/vc_column][vc_column width=\u00a0\u00bb1\/3&Prime;][vc_empty_space height=\u00a0\u00bb30px\u00a0\u00bb][\/vc_column][vc_column width=\u00a0\u00bb1\/3&Prime;][vc_empty_space height=\u00a0\u00bb30px\u00a0\u00bb][\/vc_column][\/vc_row][vc_row full_width=\u00a0\u00bbstretch_row\u00a0\u00bb css=\u00a0\u00bb.vc_custom_1631912586329{padding-top: 65px !important;padding-bottom: 170px !important;background-color: #e9eaee !important;background-position: 0 0 !important;background-repeat: no-repeat !important;}\u00a0\u00bb][vc_column][vc_row_inner][vc_column_inner width=\u00a0\u00bb1\/12&Prime;][\/vc_column_inner][vc_column_inner width=\u00a0\u00bb5\/6&Prime;][vc_custom_heading text=\u00a0\u00bbPARTAGEONS LA BIENVEILLANCE, LA CHARIT\u00c9 ET L&rsquo;AMOUR DANS NOTRE COMMUNAUT\u00c9.\u00a0\u00bb font_container=\u00a0\u00bbtag:h3|font_size:42px|text_align:center\u00a0\u00bb use_theme_fonts=\u00a0\u00bbyes\u00a0\u00bb][vc_empty_space height=\u00a0\u00bb40px\u00a0\u00bb][\/vc_column_inner][vc_column_inner width=\u00a0\u00bb1\/12&Prime;][\/vc_column_inner][\/vc_row_inner][vc_row_inner content_placement=\u00a0\u00bbmiddle\u00a0\u00bb gap=\u00a0\u00bb35&Prime;][vc_column_inner offset=\u00a0\u00bbvc_col-md-7&Prime;][vc_empty_space height=\u00a0\u00bb30px\u00a0\u00bb][\/vc_column_inner][vc_column_inner offset=\u00a0\u00bbvc_col-md-5&Prime;][vc_column_text]Vous cherchez \u00e0 lire des articles inspirants? Parcourez notre [&hellip;]<\/p>\n","protected":false},"author":2,"featured_media":0,"parent":0,"menu_order":0,"comment_status":"closed","ping_status":"closed","template":"","meta":{"om_disable_all_campaigns":false},"aioseo_notices":[],"_links":{"self":[{"href":"https:\/\/www.najicherfanfoundation.org\/fr\/wp-json\/wp\/v2\/pages\/5282"}],"collection":[{"href":"https:\/\/www.najicherfanfoundation.org\/fr\/wp-json\/wp\/v2\/pages"}],"about":[{"href":"https:\/\/www.najicherfanfoundation.org\/fr\/wp-json\/wp\/v2\/types\/page"}],"author":[{"embeddable":true,"href":"https:\/\/www.najicherfanfoundation.org\/fr\/wp-json\/wp\/v2\/users\/2"}],"replies":[{"embeddable":true,"href":"https:\/\/www.najicherfanfoundation.org\/fr\/wp-json\/wp\/v2\/comments?post=5282"}],"version-history":[{"count":10,"href":"https:\/\/www.najicherfanfoundation.org\/fr\/wp-json\/wp\/v2\/pages\/5282\/revisions"}],"predecessor-version":[{"id":20451,"href":"https:\/\/www.najicherfanfoundation.org\/fr\/wp-json\/wp\/v2\/pages\/5282\/revisions\/20451"}],"wp:attachment":[{"href":"https:\/\/www.najicherfanfoundation.org\/fr\/wp-json\/wp\/v2\/media?parent=5282"}],"curies":[{"name":"wp","href":"https:\/\/api.w.org\/{rel}","templated":true}]}}