{"id":5345,"date":"2021-09-19T18:26:39","date_gmt":"2021-09-19T18:26:39","guid":{"rendered":"https:\/\/www.najicherfanfoundation.org\/let-your-light-shine-2016\/"},"modified":"2023-01-20T09:14:06","modified_gmt":"2023-01-20T09:14:06","slug":"laissez-briller-votre-lumiere-2016","status":"publish","type":"page","link":"https:\/\/www.najicherfanfoundation.org\/fr\/laissez-briller-votre-lumiere-2016\/","title":{"rendered":"LAISSEZ BRILLER VOTRE LUMIERE- 2016"},"content":{"rendered":"<p>[vc_row][vc_column][vc_custom_heading text=\u00a0\u00bbLAISSEZ BRILLER VOTRE LUMI\u00c8RE- 2016&Prime; font_container=\u00a0\u00bbtag:h2|text_align:center\u00a0\u00bb use_theme_fonts=\u00a0\u00bbyes\u00a0\u00bb][\/vc_column][\/vc_row][vc_row gap=\u00a0\u00bb35&Prime; content_placement=\u00a0\u00bbmiddle\u00a0\u00bb css=\u00a0\u00bb.vc_custom_1512720514030{padding-top: 40px !important;padding-bottom: 50px !important;background-position: center !important;background-repeat: no-repeat !important;background-size: cover !important;}\u00a0\u00bb][vc_column width=\u00a0\u00bb1\/2&Prime;]<ul class=\"iconlist iconlist iconlist-icon-large \"><li ><div class=\"iconlist-item-icon\"><i class=\"entypo-icon entypo-icon-light-down\"><\/i><span class=\"shapes\"><\/span><\/div><div class=\"iconlist-item-content\"><\/p>\n<h4 style=\"text-align: left\"><span style=\"color: #ffd928\">Un concert International au Casino Du Liban, un espace de liaison entre la Gr\u00e8ce et le Liban<\/span><\/h4>\n<p style=\"text-align: left\">La Fondation Naji Cherfan a organis\u00e9 ce concert extraordinaire bas\u00e9 sur la vision \u00e9crite par Naji Cherfan &#8211; \u00ab\u00a0Les gens sont n\u00e9s pour briller\u00a0\u00bb. Cet \u00e9v\u00e9nement s&rsquo;est distingu\u00e9 par la diversit\u00e9 musicale en la pr\u00e9sence de la chanteuse grecque internationale la Mezzo Soprano Alexandra Gravas, l&rsquo;artiste libanais Charbel Rouhana et la chorale de Sainte Rafqa dirig\u00e9e par S\u0153ur Marana Saad.<\/p>\n<p style=\"text-align: left\">Pour la premi\u00e8re fois, sort la chanson \u00abUnit\u00e9\u00bb de Charbel Rouhana, qui appelle \u00e0 la solidarit\u00e9 et \u00e0 la paix.<\/p>\n<p style=\"text-align: left\">La c\u00e9r\u00e9monie s&rsquo;est d\u00e9roul\u00e9e en la pr\u00e9sence du repr\u00e9sentant du ministre de la culture, le Dr Walid Muslim et son \u00e9pouse, le d\u00e9put\u00e9 Dr Fadi Karam et son \u00e9pouse, Dr George Mufrej et son \u00e9pouse, repr\u00e9sentant du Dr. Samir Geagea et la d\u00e9put\u00e9e Setrida Geagea, la Premi\u00e8re Dame Joyce Gemayel et sa petite-fille, le d\u00e9put\u00e9 Ghassan Moukheiber et son \u00e9pouse, Son Excellence l&rsquo;Ambassadeur de Gr\u00e8ce M. Theodoros Brassas, et Son Excellence le Consul de Gr\u00e8ce Professeur Athanasius Leosis, et des diplomates. Mgr. Aad Abi Karam, Mgr. Boulos Rouhana, la m\u00e8re du couvent des S\u0153urs de Sainte Rafqa, S\u0153ur Madonna Abi Rizk, et un grand nombre de v\u00e9n\u00e9rables p\u00e8res, religieux et membres du clerg\u00e9, ont \u00e9galement particip\u00e9 \u00e0 la c\u00e9r\u00e9monie. Le vice-pr\u00e9sident de la F\u00e9d\u00e9ration des municipalit\u00e9s communes du Kesrouan et d&rsquo;Al Ftouh, le maire de la municipalit\u00e9 de Kfour, l&rsquo;ing\u00e9nieur Antoine Abi Saab et son \u00e9pouse, l&rsquo;artiste Marcel Khalife, l&rsquo;artiste Joseph Khalifa, l&rsquo;artiste Joumana Medawar, ainsi qu&rsquo;un certain nombre d&rsquo;acteurs, des maires, des diplomates, des universitaires, des gens de la soci\u00e9t\u00e9, des hommes d&rsquo;affaires et des publicitaires, ainsi qu&rsquo;une s\u00e9lection de visages m\u00e9diatiques et artistiques ont particip\u00e9 \u00e0 la c\u00e9r\u00e9monie.Une foule nombreuse a envahi la salle.<\/p>\n<p><\/div><\/li><\/ul>[vc_btn title=\u00a0\u00bbPour plus d&rsquo;info\u00a0\u00bb style=\u00a0\u00bbclassic\u00a0\u00bb shape=\u00a0\u00bbsquare\u00a0\u00bb align=\u00a0\u00bbright\u00a0\u00bb link=\u00a0\u00bburl:https%3A%2F%2Fellearabia.com%2F%25D9%2585%25D8%25AC%25D8%25AA%25D9%2585%25D8%25B9%2F%25D8%25A3%25D8%25AE%25D8%25A8%25D8%25A7%25D8%25B1-%25D8%25A7%25D9%2584%25D9%2585%25D8%25AC%25D8%25AA%25D9%2585%25D8%25B9%2F%25D8%25AD%25D9%2581%25D9%2584-%25D9%2585%25D9%2588%25D8%25B3%25D9%258A%25D9%2582%25D9%258A-%25D8%25B6%25D8%25AE%25D9%2585-%25D9%258A%25D8%25AC%25D9%2585%25D8%25B9-%25D8%25A7%25D9%2584%25D9%258A%25D9%2588%25D9%2586%25D8%25A7%25D9%2586-%25D8%25A8%25D9%2584%25D8%25A8%25D9%2586%25D8%25A7%25D9%2586%23|target:_blank\u00a0\u00bb][\/vc_column][vc_column width=\u00a0\u00bb1\/2&Prime;][vc_single_image image=\u00a0\u00bb5350&Prime; img_size=\u00a0\u00bbfull\u00a0\u00bb][\/vc_column][\/vc_row]<\/p>\n","protected":false},"excerpt":{"rendered":"<p>[vc_row][vc_column][vc_custom_heading text=\u00a0\u00bbLAISSEZ BRILLER VOTRE LUMI\u00c8RE- 2016&Prime; font_container=\u00a0\u00bbtag:h2|text_align:center\u00a0\u00bb use_theme_fonts=\u00a0\u00bbyes\u00a0\u00bb][\/vc_column][\/vc_row][vc_row gap=\u00a0\u00bb35&Prime; content_placement=\u00a0\u00bbmiddle\u00a0\u00bb css=\u00a0\u00bb.vc_custom_1512720514030{padding-top: 40px !important;padding-bottom: 50px !important;background-position: center !important;background-repeat: no-repeat !important;background-size: cover !important;}\u00a0\u00bb][vc_column width=\u00a0\u00bb1\/2&Prime;][vc_btn title=\u00a0\u00bbPour plus d&rsquo;info\u00a0\u00bb style=\u00a0\u00bbclassic\u00a0\u00bb shape=\u00a0\u00bbsquare\u00a0\u00bb align=\u00a0\u00bbright\u00a0\u00bb link=\u00a0\u00bburl:https%3A%2F%2Fellearabia.com%2F%25D9%2585%25D8%25AC%25D8%25AA%25D9%2585%25D8%25B9%2F%25D8%25A3%25D8%25AE%25D8%25A8%25D8%25A7%25D8%25B1-%25D8%25A7%25D9%2584%25D9%2585%25D8%25AC%25D8%25AA%25D9%2585%25D8%25B9%2F%25D8%25AD%25D9%2581%25D9%2584-%25D9%2585%25D9%2588%25D8%25B3%25D9%258A%25D9%2582%25D9%258A-%25D8%25B6%25D8%25AE%25D9%2585-%25D9%258A%25D8%25AC%25D9%2585%25D8%25B9-%25D8%25A7%25D9%2584%25D9%258A%25D9%2588%25D9%2586%25D8%25A7%25D9%2586-%25D8%25A8%25D9%2584%25D8%25A8%25D9%2586%25D8%25A7%25D9%2586%23|target:_blank\u00a0\u00bb][\/vc_column][vc_column width=\u00a0\u00bb1\/2&Prime;][vc_single_image image=\u00a0\u00bb5350&Prime; img_size=\u00a0\u00bbfull\u00a0\u00bb][\/vc_column][\/vc_row]<\/p>\n","protected":false},"author":2,"featured_media":0,"parent":0,"menu_order":0,"comment_status":"closed","ping_status":"open","template":"","meta":{"om_disable_all_campaigns":false},"aioseo_notices":[],"_links":{"self":[{"href":"https:\/\/www.najicherfanfoundation.org\/fr\/wp-json\/wp\/v2\/pages\/5345"}],"collection":[{"href":"https:\/\/www.najicherfanfoundation.org\/fr\/wp-json\/wp\/v2\/pages"}],"about":[{"href":"https:\/\/www.najicherfanfoundation.org\/fr\/wp-json\/wp\/v2\/types\/page"}],"author":[{"embeddable":true,"href":"https:\/\/www.najicherfanfoundation.org\/fr\/wp-json\/wp\/v2\/users\/2"}],"replies":[{"embeddable":true,"href":"https:\/\/www.najicherfanfoundation.org\/fr\/wp-json\/wp\/v2\/comments?post=5345"}],"version-history":[{"count":9,"href":"https:\/\/www.najicherfanfoundation.org\/fr\/wp-json\/wp\/v2\/pages\/5345\/revisions"}],"predecessor-version":[{"id":19237,"href":"https:\/\/www.najicherfanfoundation.org\/fr\/wp-json\/wp\/v2\/pages\/5345\/revisions\/19237"}],"wp:attachment":[{"href":"https:\/\/www.najicherfanfoundation.org\/fr\/wp-json\/wp\/v2\/media?parent=5345"}],"curies":[{"name":"wp","href":"https:\/\/api.w.org\/{rel}","templated":true}]}}