{"id":5362,"date":"2021-09-19T18:06:53","date_gmt":"2021-09-19T18:06:53","guid":{"rendered":"https:\/\/www.najicherfanfoundation.org\/let-your-light-shine-2017\/"},"modified":"2023-01-20T09:16:37","modified_gmt":"2023-01-20T09:16:37","slug":"laissez-briller-votre-lumiere-2017","status":"publish","type":"page","link":"https:\/\/www.najicherfanfoundation.org\/fr\/laissez-briller-votre-lumiere-2017\/","title":{"rendered":"LAISSEZ BRILLER VOTRE LUMIERE- 2017"},"content":{"rendered":"<p>[vc_row][vc_column][vc_custom_heading text=\u00a0\u00bbLAISSER BRILLER VOTRE LUMI\u00c8RE &#8211; 2017&Prime; font_container=\u00a0\u00bbtag:h2|text_align:center\u00a0\u00bb use_theme_fonts=\u00a0\u00bbyes\u00a0\u00bb][\/vc_column][\/vc_row][vc_row gap=\u00a0\u00bb35&Prime; content_placement=\u00a0\u00bbmiddle\u00a0\u00bb css=\u00a0\u00bb.vc_custom_1512720514030{padding-top: 40px !important;padding-bottom: 50px !important;background-position: center !important;background-repeat: no-repeat !important;background-size: cover !important;}\u00a0\u00bb][vc_column width=\u00a0\u00bb1\/2&Prime;]<ul class=\"iconlist iconlist iconlist-icon-large \"><li ><div class=\"iconlist-item-icon\"><i class=\"entypo-icon entypo-icon-light-down\"><\/i><span class=\"shapes\"><\/span><\/div><div class=\"iconlist-item-content\"><\/p>\n<h4 style=\"text-align: left\"><span style=\"color: #ffd928\">La Fondation Naji Cherfan pr\u00e9sente:<\/span><\/h4>\n<p style=\"text-align: left\">Un concert organis\u00e9 dans un but purement caritatif, le 20 Novembre 2017 au Megaron\u2013 La Salle des Concerts d\u2019Ath\u00e8nes Hall. Le concert, intitul\u00e9 \u00ab\u00a0Laisser Briller Votre Lumi\u00e8re\u00a0\u00bb, sera anim\u00e9 par la Mezzo-Soprano Grecque Internationale Alexandra Gravas. Les revenus de cette soir\u00e9e seront offerts \u00e0 la Fondation Eliza pour la pr\u00e9vention de la cruaut\u00e9 envers les enfants et \u00e0 la Fondation Pammakaristos pour les enfants. La chorale des jeunes du Nea Smyrni Lyceum, dirig\u00e9e par Katerina Vassilikou et Olivia Garcia, s&rsquo;y produira \u00e9galement.<\/p>\n<p style=\"text-align: left\">Alexandra Gravas interpr\u00e9tera un programme qui comprend des chansons de la Gr\u00e8ce, du Mexique, de la Chine, du Liban, de la France, de l&rsquo;Allemagne, unissant diff\u00e9rentes civilisations et cultures \u00e0 travers sa voix.<\/p>\n<p style=\"text-align: left\">La Fondation Naji Cherfan a organis\u00e9 ce concert caritatif en l&rsquo;honneur de Naji Cherfan, d\u00e9c\u00e9d\u00e9 en 2008 \u00e0 la suite d&rsquo;un accident de moto survenu en Gr\u00e8ce en 1996. Son absence a laiss\u00e9 un vide dans la vie de sa famille et de ses amis.<\/p>\n<p><\/div><\/li><\/ul>[\/vc_column][vc_column width=\u00a0\u00bb1\/2&Prime;][vc_single_image image=\u00a0\u00bb4839&Prime; img_size=\u00a0\u00bbfull\u00a0\u00bb][\/vc_column][\/vc_row]<\/p>\n","protected":false},"excerpt":{"rendered":"<p>[vc_row][vc_column][vc_custom_heading text=\u00a0\u00bbLAISSER BRILLER VOTRE LUMI\u00c8RE &#8211; 2017&Prime; font_container=\u00a0\u00bbtag:h2|text_align:center\u00a0\u00bb use_theme_fonts=\u00a0\u00bbyes\u00a0\u00bb][\/vc_column][\/vc_row][vc_row gap=\u00a0\u00bb35&Prime; content_placement=\u00a0\u00bbmiddle\u00a0\u00bb css=\u00a0\u00bb.vc_custom_1512720514030{padding-top: 40px !important;padding-bottom: 50px !important;background-position: center !important;background-repeat: no-repeat !important;background-size: cover !important;}\u00a0\u00bb][vc_column width=\u00a0\u00bb1\/2&Prime;][\/vc_column][vc_column width=\u00a0\u00bb1\/2&Prime;][vc_single_image image=\u00a0\u00bb4839&Prime; img_size=\u00a0\u00bbfull\u00a0\u00bb][\/vc_column][\/vc_row]<\/p>\n","protected":false},"author":2,"featured_media":0,"parent":0,"menu_order":0,"comment_status":"closed","ping_status":"open","template":"","meta":{"om_disable_all_campaigns":false},"aioseo_notices":[],"_links":{"self":[{"href":"https:\/\/www.najicherfanfoundation.org\/fr\/wp-json\/wp\/v2\/pages\/5362"}],"collection":[{"href":"https:\/\/www.najicherfanfoundation.org\/fr\/wp-json\/wp\/v2\/pages"}],"about":[{"href":"https:\/\/www.najicherfanfoundation.org\/fr\/wp-json\/wp\/v2\/types\/page"}],"author":[{"embeddable":true,"href":"https:\/\/www.najicherfanfoundation.org\/fr\/wp-json\/wp\/v2\/users\/2"}],"replies":[{"embeddable":true,"href":"https:\/\/www.najicherfanfoundation.org\/fr\/wp-json\/wp\/v2\/comments?post=5362"}],"version-history":[{"count":5,"href":"https:\/\/www.najicherfanfoundation.org\/fr\/wp-json\/wp\/v2\/pages\/5362\/revisions"}],"predecessor-version":[{"id":19238,"href":"https:\/\/www.najicherfanfoundation.org\/fr\/wp-json\/wp\/v2\/pages\/5362\/revisions\/19238"}],"wp:attachment":[{"href":"https:\/\/www.najicherfanfoundation.org\/fr\/wp-json\/wp\/v2\/media?parent=5362"}],"curies":[{"name":"wp","href":"https:\/\/api.w.org\/{rel}","templated":true}]}}