{"id":5367,"date":"2021-09-16T20:02:00","date_gmt":"2021-09-16T20:02:00","guid":{"rendered":"https:\/\/www.najicherfanfoundation.org\/message-from-georges-sana-cherfan\/"},"modified":"2023-01-27T16:20:31","modified_gmt":"2023-01-27T16:20:31","slug":"message-de-georges-et-sana-cherfan","status":"publish","type":"page","link":"https:\/\/www.najicherfanfoundation.org\/fr\/message-de-georges-et-sana-cherfan\/","title":{"rendered":"MESSAGE de GEORGES et SANA CHERFAN"},"content":{"rendered":"<p>[vc_row full_width=\u00a0\u00bbstretch_row\u00a0\u00bb css=\u00a0\u00bb.vc_custom_1632123744545{margin-top: -60px !important;padding-top: 65px !important;padding-bottom: 20px !important;background-color: #e9eaee !important;}\u00a0\u00bb][vc_column][vc_empty_space height=\u00a0\u00bb50px\u00a0\u00bb][vc_custom_heading text=\u00a0\u00bbMESSAGE DE GEORGES et SANA CHERFAN\u00a0\u00bb font_container=\u00a0\u00bbtag:h2|text_align:center\u00a0\u00bb use_theme_fonts=\u00a0\u00bbyes\u00a0\u00bb][\/vc_column][\/vc_row][vc_row full_width=\u00a0\u00bbstretch_row\u00a0\u00bb content_placement=\u00a0\u00bbmiddle\u00a0\u00bb css=\u00a0\u00bb.vc_custom_1639732221966{border-top-width: 1px !important;padding-top: 40px !important;padding-bottom: 60px !important;background-color: #e9eaee !important;}\u00a0\u00bb][vc_column width=\u00a0\u00bb3\/4&Prime;]\n\t<div class=\"testimonial meta-left \">\n\t\t\n\t\t<div class=\"testimonial-content\">\n\t\t\t<blockquote>\n\t\t\t\t<p>\u201cPermettez-moi de passer quelques instants avec vous pour admirer ensemble la beaut\u00e9 de la Naissance de J\u00e9sus-Christ et au don que Dieu le Cr\u00e9ateur a envoy\u00e9 au monde; L&rsquo;Enfant J\u00e9sus dans une cr\u00eache.\u201d<\/p>\n\t\t\t<\/blockquote>\n\t\t<\/div>\n\n\t\t<div class=\"testimonial-meta\">\n\t\t\t\t\t\t<h3 class=\"author-name\">G.C. Cherfan<\/h3>\n\t\t\t<div class=\"author-info\"><span class=\"subtitle\">Fondateur<\/span><\/div>\n\t\t<\/div>\n\n\t<\/div>\n[\/vc_column][vc_column width=\u00a0\u00bb1\/4&Prime;][vc_single_image image=\u00a0\u00bb3071&Prime; img_size=\u00a0\u00bbfull\u00a0\u00bb][\/vc_column][\/vc_row][vc_row][vc_column][vc_empty_space height=\u00a0\u00bb25px\u00a0\u00bb][vc_column_text]La Bible nous dit que Dieu a tellement aim\u00e9 le monde qu&rsquo;Il a envoy\u00e9 son Fils unique pour devenir (Humain) comme nous, afin de regagner ce que le Ciel avait perdu quand Adam et Eve ont p\u00each\u00e9. Ce cadeau est ce que nous c\u00e9l\u00e9brons en chaque saison de No\u00ebl, en nous souvenant de la promesse de Dieu d&rsquo;envoyer le Sauveur&#8230; et \u00e0 notre tour, nous \u00e9changeons des cadeaux, nous renouvelons notre amour, nous mettons fin \u00e0 nos animosit\u00e9s et nous essayons de redonner \u00e0 Dieu ce que nous lui devons (notre existence, et la vie dans ce monde et le nouveau monde \u00e0 venir. Que pouvons-nous rendre \u00e0 Dieu, notre Cr\u00e9ateur, qui poss\u00e8de tout? Pouvons-nous lui donner quelque chose? Oui, nous pouvons donner beaucoup de choses \u00e0 Dieu\u2026 notre amour et notre c\u0153ur, c&rsquo;est ce que Dieu veut de nous, il ne veut pas grand-chose![\/vc_column_text][vc_separator border_width=\u00a0\u00bb2&Prime; css=\u00a0\u00bb.vc_custom_1632123921360{margin-top: 25px !important;margin-bottom: 25px !important;}\u00a0\u00bb][vc_row_inner][vc_column_inner width=\u00a0\u00bb1\/3&Prime;][vc_custom_heading text=\u00a0\u00bbAMOUR et PARDON\u00a0\u00bb font_container=\u00a0\u00bbtag:h3|text_align:left\u00a0\u00bb use_theme_fonts=\u00a0\u00bbyes\u00a0\u00bb][vc_empty_space height=\u00a0\u00bb20px\u00a0\u00bb][\/vc_column_inner][vc_column_inner width=\u00a0\u00bb2\/3&Prime;][vc_column_text]Aimer nos prochains comme nous-m\u00eames. Aimer nos ennemis et leur pardonner. Pardonner\u00a0 ceux qui peuvent nous tromper et abuser de nous. Aimer toutes les personnes sans distinction de race, de couleur, de rang, de statut, etc. Aimer les sans-abri, les pauvres orphelins et les pauvres veuves qui n&rsquo;ont souvent ni lit ni toit pour s&rsquo;abriter, ni une miche de pain pour satisfaire leur faim, ou n&rsquo;ont pas d&rsquo;argent pour acheter des m\u00e9dicaments. Apprendre \u00e0 nous-m\u00eames et \u00e0 nos enfants \u00e0 vivre comme si nous n&rsquo;avions rien, \u00e0 rester humbles et pr\u00eats \u00e0 servir car la vie et la sant\u00e9 sont des dons de Dieu, le succ\u00e8s et la renomm\u00e9e, etc. sont aussi ses b\u00e9n\u00e9dictions.[\/vc_column_text][vc_empty_space height=\u00a0\u00bb50px\u00a0\u00bb][\/vc_column_inner][\/vc_row_inner][vc_row_inner][vc_column_inner width=\u00a0\u00bb1\/3&Prime;][vc_custom_heading text=\u00a0\u00bbENCOURAGEONS NOS ENFANTS\u00a0\u00bb font_container=\u00a0\u00bbtag:h3|text_align:left\u00a0\u00bb use_theme_fonts=\u00a0\u00bbyes\u00a0\u00bb][vc_empty_space height=\u00a0\u00bb20px\u00a0\u00bb][\/vc_column_inner][vc_column_inner width=\u00a0\u00bb2\/3&Prime;][vc_column_text]Apprendre \u00e0 nous-m\u00eames et \u00e0 nos enfants comment partager ce que nous avons avec ceux qui sont moins chanceux et moins privil\u00e9gi\u00e9s. Pour encourager nos enfants. Cela ne peut pas se faire seulement en leur disant ce qu&rsquo;il faut faire et ne pas faire, mais surtout en \u00e9tant le bon exemple (ou mod\u00e8le) pour eux dans la vie, d&rsquo;autant plus que les enfants imitent souvent leurs parents.<\/p>\n<p>Par exemple:<\/p>\n<ul>\n<li>Encouragez-les \u00e0 mettre Dieu en premier dans leur vie (et pas num\u00e9ro 20 sur leur liste de priorit\u00e9s).<\/li>\n<li>Dieu est un P\u00e8re et nous sommes ses enfants si nous l&rsquo;acceptons et y croyons.<\/li>\n<li>Il veut avoir des relations avec nous comme p\u00e8re et fils, m\u00e8re et fille, grand-p\u00e8re et grand-m\u00e8re.<\/li>\n<\/ul>\n<p>[\/vc_column_text][vc_empty_space height=\u00a0\u00bb50px\u00a0\u00bb][\/vc_column_inner][\/vc_row_inner][vc_row_inner][vc_column_inner width=\u00a0\u00bb1\/3&Prime;][vc_custom_heading text=\u00a0\u00bbLE NOUVEAU MONDE\u00a0\u00bb font_container=\u00a0\u00bbtag:h3|text_align:left\u00a0\u00bb use_theme_fonts=\u00a0\u00bbyes\u00a0\u00bb][vc_empty_space height=\u00a0\u00bb20px\u00a0\u00bb][\/vc_column_inner][vc_column_inner width=\u00a0\u00bb2\/3&Prime;][vc_column_text]Cependant, plusieurs fois nous fermons notre porte \u00e0 Dieu, en raison de nombreuses priorit\u00e9s urgentes dans la vie et cela Le rend malheureux. Ne sommes-nous pas malheureux lorsque nous sommes loin de nos proches ?<\/p>\n<p>Dieu veut que nous vivions \u00e9ternellement, pas seulement cent ans, et que nous h\u00e9ritions de tout ce qu&rsquo;il a cr\u00e9\u00e9 pour nous, tout comme nous voulons que nos enfants h\u00e9ritent de ce que nous poss\u00e9dons.<\/p>\n<p>Au-del\u00e0 de tout, Dieu veut que tout ce qui est au monde, au Ciel et sur terre, soit soumis \u00e0 nous pour l&rsquo;utiliser et le g\u00e9rer, car quand J\u00e9sus reviendra, la mort n\u2019existera plus. Il n&rsquo;y aura plus de guerres, de violence, de meurtre et de la haine puisque Dieu, avec les Saints et les Anges, r\u00e9gnera sur un monde \u00e9ternel.<\/p>\n<p>Le nouveau monde que Dieu veut nous donner sera sans maladie, sans pauvret\u00e9, sans vieillissement et sans mort. La Bible dit qu&rsquo;Il essuiera nos larmes et qu&rsquo;Il ne permettra plus la s\u00e9paration de nos bien-aim\u00e9s !<\/p>\n<p>C&rsquo;est le don de Dieu, le b\u00e9b\u00e9 qui est n\u00e9 il y a 2000 ans dans une cr\u00e8che, pour nous donner la vie \u00e9ternelle et nous apprendre \u00e0 pardonner et \u00e0 rester humbles, peu importe qui nous sommes! Pour obtenir cette belle promesse de la vie \u00e9ternelle, Dieu nous invite tous \u00e0 suivre ses enseignements et \u00e0 les appliquer dans notre vie quotidienne. La d\u00e9cision nous appartient\u2026 si nous choisissons l&rsquo;enseignement de Dieu, nous vivrons avec nos bien-aim\u00e9s, dans le nouveau monde, pour toujours et \u00e0 jamais parce que Dieu est la source de la vie.[\/vc_column_text][vc_empty_space height=\u00a0\u00bb50px\u00a0\u00bb][\/vc_column_inner][\/vc_row_inner][\/vc_column][\/vc_row]<\/p>\n","protected":false},"excerpt":{"rendered":"<p>[vc_row full_width=\u00a0\u00bbstretch_row\u00a0\u00bb css=\u00a0\u00bb.vc_custom_1632123744545{margin-top: -60px !important;padding-top: 65px !important;padding-bottom: 20px !important;background-color: #e9eaee !important;}\u00a0\u00bb][vc_column][vc_empty_space height=\u00a0\u00bb50px\u00a0\u00bb][vc_custom_heading text=\u00a0\u00bbMESSAGE DE GEORGES et SANA CHERFAN\u00a0\u00bb font_container=\u00a0\u00bbtag:h2|text_align:center\u00a0\u00bb use_theme_fonts=\u00a0\u00bbyes\u00a0\u00bb][\/vc_column][\/vc_row][vc_row full_width=\u00a0\u00bbstretch_row\u00a0\u00bb content_placement=\u00a0\u00bbmiddle\u00a0\u00bb css=\u00a0\u00bb.vc_custom_1639732221966{border-top-width: 1px !important;padding-top: 40px !important;padding-bottom: 60px !important;background-color: #e9eaee !important;}\u00a0\u00bb][vc_column width=\u00a0\u00bb3\/4&Prime;][\/vc_column][vc_column width=\u00a0\u00bb1\/4&Prime;][vc_single_image image=\u00a0\u00bb3071&Prime; img_size=\u00a0\u00bbfull\u00a0\u00bb][\/vc_column][\/vc_row][vc_row][vc_column][vc_empty_space height=\u00a0\u00bb25px\u00a0\u00bb][vc_column_text]La Bible nous dit que Dieu a tellement aim\u00e9 le monde qu&rsquo;Il a envoy\u00e9 son Fils unique pour devenir (Humain) [&hellip;]<\/p>\n","protected":false},"author":2,"featured_media":0,"parent":0,"menu_order":0,"comment_status":"closed","ping_status":"open","template":"","meta":{"om_disable_all_campaigns":false},"aioseo_notices":[],"_links":{"self":[{"href":"https:\/\/www.najicherfanfoundation.org\/fr\/wp-json\/wp\/v2\/pages\/5367"}],"collection":[{"href":"https:\/\/www.najicherfanfoundation.org\/fr\/wp-json\/wp\/v2\/pages"}],"about":[{"href":"https:\/\/www.najicherfanfoundation.org\/fr\/wp-json\/wp\/v2\/types\/page"}],"author":[{"embeddable":true,"href":"https:\/\/www.najicherfanfoundation.org\/fr\/wp-json\/wp\/v2\/users\/2"}],"replies":[{"embeddable":true,"href":"https:\/\/www.najicherfanfoundation.org\/fr\/wp-json\/wp\/v2\/comments?post=5367"}],"version-history":[{"count":8,"href":"https:\/\/www.najicherfanfoundation.org\/fr\/wp-json\/wp\/v2\/pages\/5367\/revisions"}],"predecessor-version":[{"id":19358,"href":"https:\/\/www.najicherfanfoundation.org\/fr\/wp-json\/wp\/v2\/pages\/5367\/revisions\/19358"}],"wp:attachment":[{"href":"https:\/\/www.najicherfanfoundation.org\/fr\/wp-json\/wp\/v2\/media?parent=5367"}],"curies":[{"name":"wp","href":"https:\/\/api.w.org\/{rel}","templated":true}]}}