{"id":5379,"date":"2021-07-25T20:29:59","date_gmt":"2021-07-25T20:29:59","guid":{"rendered":"https:\/\/www.najicherfanfoundation.org\/spiritual-videos\/"},"modified":"2023-01-20T07:00:42","modified_gmt":"2023-01-20T07:00:42","slug":"videos-spirituelles","status":"publish","type":"page","link":"https:\/\/www.najicherfanfoundation.org\/fr\/videos-spirituelles\/","title":{"rendered":"VIDEOS SPIRITUELLES"},"content":{"rendered":"<p>[vc_row][vc_column width=\u00a0\u00bb1\/3&Prime;][vc_video link=\u00a0\u00bbhttps:\/\/www.youtube.com\/watch?v=nj0s2rvPl_M\u00a0\u00bb][vc_column_text css=\u00a0\u00bb.vc_custom_1649260553664{margin-top: -15px !important;}\u00a0\u00bb]<\/p>\n<h5>La lumi\u00e8re est avec nous- George Cherfan<\/h5>\n<p>[\/vc_column_text][\/vc_column][vc_column width=\u00a0\u00bb1\/3&Prime;][vc_video link=\u00a0\u00bbhttps:\/\/www.youtube.com\/watch?v=-zBYuu4hAME\u00a0\u00bb][vc_column_text css=\u00a0\u00bb.vc_custom_1649260578093{margin-top: -15px !important;}\u00a0\u00bb]<\/p>\n<h5>Vid\u00e9o tr\u00e8s sp\u00e9ciale, ne la manquez pas<\/h5>\n<p>[\/vc_column_text][\/vc_column][vc_column width=\u00a0\u00bb1\/3&Prime;][vc_video link=\u00a0\u00bbhttps:\/\/www.youtube.com\/watch?v=dwf-Eb-mVE0&Prime;][vc_column_text css=\u00a0\u00bb.vc_custom_1649260633269{margin-top: -15px !important;}\u00a0\u00bb]<\/p>\n<h5>L&rsquo;Interview d&rsquo;Alexandra Gravas sur la MTV<\/h5>\n<p>[\/vc_column_text][\/vc_column][\/vc_row][vc_row css=\u00a0\u00bb.vc_custom_1627246102215{margin-top: 55px !important;}\u00a0\u00bb][vc_column width=\u00a0\u00bb1\/3&Prime;][vc_video link=\u00a0\u00bbhttps:\/\/www.youtube.com\/watch?v=PT-HBl2TVtI\u00a0\u00bb][vc_column_text css=\u00a0\u00bb.vc_custom_1649260653655{margin-top: -15px !important;}\u00a0\u00bb]<\/p>\n<h5>Peu d&rsquo;amour<\/h5>\n<p>[\/vc_column_text][\/vc_column][vc_column width=\u00a0\u00bb1\/3&Prime;][vc_video link=\u00a0\u00bbhttps:\/\/www.youtube.com\/watch?v=BjSio8jur2Y\u00a0\u00bb][vc_column_text css=\u00a0\u00bb.vc_custom_1649260675903{margin-top: -15px !important;}\u00a0\u00bb]<\/p>\n<h5>Si vous avez la foi<\/h5>\n<p>[\/vc_column_text][\/vc_column][vc_column width=\u00a0\u00bb1\/3&Prime;][vc_video link=\u00a0\u00bbhttps:\/\/www.youtube.com\/watch?v=tgwADIfnCbo\u00a0\u00bb][vc_column_text css=\u00a0\u00bb.vc_custom_1649260694997{margin-top: -15px !important;}\u00a0\u00bb]<\/p>\n<h5>Dieu est fid\u00e8le<\/h5>\n<p>[\/vc_column_text][\/vc_column][\/vc_row][vc_row css=\u00a0\u00bb.vc_custom_1627246102215{margin-top: 55px !important;}\u00a0\u00bb][vc_column width=\u00a0\u00bb1\/3&Prime;][vc_video link=\u00a0\u00bbhttp:\/\/www.youtube.com\/watch?v=v2xwT7j1FCE\u00a0\u00bb][vc_column_text css=\u00a0\u00bb.vc_custom_1649260716799{margin-top: -15px !important;}\u00a0\u00bb]<\/p>\n<h5>J\u00e9sus est toujours avec vous<\/h5>\n<p>[\/vc_column_text][\/vc_column][vc_column width=\u00a0\u00bb1\/3&Prime;][vc_video link=\u00a0\u00bbhttps:\/\/www.youtube.com\/watch?v=O8fNL8nOFmo\u00a0\u00bb][vc_column_text css=\u00a0\u00bb.vc_custom_1649260735079{margin-top: -15px !important;}\u00a0\u00bb]<\/p>\n<h5>Le dernier jour<\/h5>\n<p>[\/vc_column_text][\/vc_column][vc_column width=\u00a0\u00bb1\/3&Prime;][vc_video link=\u00a0\u00bbhttps:\/\/www.youtube.com\/watch?v=bba2Dqaw6SI\u00a0\u00bb][vc_column_text css=\u00a0\u00bb.vc_custom_1649260745022{margin-top: -15px !important;}\u00a0\u00bb]<\/p>\n<h5>La Croix<\/h5>\n<p>[\/vc_column_text][\/vc_column][\/vc_row][vc_row css=\u00a0\u00bb.vc_custom_1627246102215{margin-top: 55px !important;}\u00a0\u00bb][vc_column width=\u00a0\u00bb1\/3&Prime;][vc_video link=\u00a0\u00bbhttps:\/\/www.youtube.com\/watch?v=XwPSqAm62Ok\u00a0\u00bb][vc_column_text css=\u00a0\u00bb.vc_custom_1649260767704{margin-top: -15px !important;}\u00a0\u00bb]<\/p>\n<h5>Interview avec Mr. George Cherfan (partie 2)<\/h5>\n<p>[\/vc_column_text][\/vc_column][vc_column width=\u00a0\u00bb1\/3&Prime;][vc_video link=\u00a0\u00bbhttps:\/\/www.youtube.com\/watch?v=y7bLK4vBuDc\u00a0\u00bb][vc_column_text css=\u00a0\u00bb.vc_custom_1649260782665{margin-top: -15px !important;}\u00a0\u00bb]<\/p>\n<h5>Interview avec Mr. George Cherfan (Partie 1)<\/h5>\n<p>[\/vc_column_text][\/vc_column][\/vc_row]<\/p>\n","protected":false},"excerpt":{"rendered":"<p>[vc_row][vc_column width=\u00a0\u00bb1\/3&Prime;][vc_video link=\u00a0\u00bbhttps:\/\/www.youtube.com\/watch?v=nj0s2rvPl_M\u00a0\u00bb][vc_column_text css=\u00a0\u00bb.vc_custom_1649260553664{margin-top: -15px !important;}\u00a0\u00bb] La lumi\u00e8re est avec nous- George Cherfan [\/vc_column_text][\/vc_column][vc_column width=\u00a0\u00bb1\/3&Prime;][vc_video link=\u00a0\u00bbhttps:\/\/www.youtube.com\/watch?v=-zBYuu4hAME\u00a0\u00bb][vc_column_text css=\u00a0\u00bb.vc_custom_1649260578093{margin-top: -15px !important;}\u00a0\u00bb] Vid\u00e9o tr\u00e8s sp\u00e9ciale, ne la manquez pas [\/vc_column_text][\/vc_column][vc_column width=\u00a0\u00bb1\/3&Prime;][vc_video link=\u00a0\u00bbhttps:\/\/www.youtube.com\/watch?v=dwf-Eb-mVE0&Prime;][vc_column_text css=\u00a0\u00bb.vc_custom_1649260633269{margin-top: -15px !important;}\u00a0\u00bb] L&rsquo;Interview d&rsquo;Alexandra Gravas sur la MTV [\/vc_column_text][\/vc_column][\/vc_row][vc_row css=\u00a0\u00bb.vc_custom_1627246102215{margin-top: 55px !important;}\u00a0\u00bb][vc_column width=\u00a0\u00bb1\/3&Prime;][vc_video link=\u00a0\u00bbhttps:\/\/www.youtube.com\/watch?v=PT-HBl2TVtI\u00a0\u00bb][vc_column_text css=\u00a0\u00bb.vc_custom_1649260653655{margin-top: -15px !important;}\u00a0\u00bb] Peu d&rsquo;amour [\/vc_column_text][\/vc_column][vc_column width=\u00a0\u00bb1\/3&Prime;][vc_video link=\u00a0\u00bbhttps:\/\/www.youtube.com\/watch?v=BjSio8jur2Y\u00a0\u00bb][vc_column_text css=\u00a0\u00bb.vc_custom_1649260675903{margin-top: -15px !important;}\u00a0\u00bb] [&hellip;]<\/p>\n","protected":false},"author":2,"featured_media":0,"parent":0,"menu_order":0,"comment_status":"closed","ping_status":"closed","template":"","meta":{"om_disable_all_campaigns":false},"aioseo_notices":[],"_links":{"self":[{"href":"https:\/\/www.najicherfanfoundation.org\/fr\/wp-json\/wp\/v2\/pages\/5379"}],"collection":[{"href":"https:\/\/www.najicherfanfoundation.org\/fr\/wp-json\/wp\/v2\/pages"}],"about":[{"href":"https:\/\/www.najicherfanfoundation.org\/fr\/wp-json\/wp\/v2\/types\/page"}],"author":[{"embeddable":true,"href":"https:\/\/www.najicherfanfoundation.org\/fr\/wp-json\/wp\/v2\/users\/2"}],"replies":[{"embeddable":true,"href":"https:\/\/www.najicherfanfoundation.org\/fr\/wp-json\/wp\/v2\/comments?post=5379"}],"version-history":[{"count":4,"href":"https:\/\/www.najicherfanfoundation.org\/fr\/wp-json\/wp\/v2\/pages\/5379\/revisions"}],"predecessor-version":[{"id":19222,"href":"https:\/\/www.najicherfanfoundation.org\/fr\/wp-json\/wp\/v2\/pages\/5379\/revisions\/19222"}],"wp:attachment":[{"href":"https:\/\/www.najicherfanfoundation.org\/fr\/wp-json\/wp\/v2\/media?parent=5379"}],"curies":[{"name":"wp","href":"https:\/\/api.w.org\/{rel}","templated":true}]}}