{"id":5384,"date":"2021-09-17T12:41:23","date_gmt":"2021-09-17T12:41:23","guid":{"rendered":"https:\/\/www.najicherfanfoundation.org\/prayer-project\/"},"modified":"2023-02-20T09:33:26","modified_gmt":"2023-02-20T09:33:26","slug":"les-prieres","status":"publish","type":"page","link":"https:\/\/www.najicherfanfoundation.org\/fr\/les-prieres\/","title":{"rendered":"Les PRIERES"},"content":{"rendered":"<p>[vc_row full_width=\u00a0\u00bbstretch_row\u00a0\u00bb content_placement=\u00a0\u00bbmiddle\u00a0\u00bb css=\u00a0\u00bb.vc_custom_1637492701656{margin-top: -60px !important;padding-top: 40px !important;padding-bottom: 40px !important;background: #0083cb url(https:\/\/www.infracode-multimedia.com\/NajiCherfan\/wp-content\/uploads\/2021\/09\/bg-NCF-4.png?id=2700) !important;background-position: center !important;background-repeat: no-repeat !important;background-size: cover !important;}\u00a0\u00bb][vc_column offset=\u00a0\u00bbvc_col-md-8&Prime;][vc_row_inner][vc_column_inner width=\u00a0\u00bb3\/4&Prime;][vc_column_text]<\/p>\n<h3 class=\"text-intro\"><span style=\"color: #fff;\"><strong style=\"color: #fff;\">la Fondation Naji Cherfan<\/strong><br \/>\n<strong style=\"color: #fff;\">produit et partage<br \/>\nGRATUITEMENT<br \/>\ndes pri\u00e8res de poche<\/strong><\/span><\/h3>\n<p>[\/vc_column_text][vc_empty_space height=\u00a0\u00bb20px\u00a0\u00bb][\/vc_column_inner][vc_column_inner width=\u00a0\u00bb1\/4&Prime;][\/vc_column_inner][\/vc_row_inner][\/vc_column][vc_column offset=\u00a0\u00bbvc_col-md-4&Prime;][vc_column_text]<span class=\"large-text\" style=\"color: #fff;\">Dans le cadre des projets des valeurs divines, la Fondation Naji Cherfan produit et partage GRATUITEMENT des pri\u00e8res qui peuvent \u00eatre trouv\u00e9es en onze langues diff\u00e9rentes. Les pri\u00e8res sont les suivantes : Si tu m&rsquo;aimes, ne pleure pas (St Augustin), Pri\u00e8re universelle (Pape Cl\u00e9ment XI), La Doxologie, et autres pri\u00e8res<\/span>[\/vc_column_text][vc_row_inner content_placement=\u00a0\u00bbmiddle\u00a0\u00bb][vc_column_inner width=\u00a0\u00bb1\/3&Prime;][vc_empty_space height=\u00a0\u00bb30px\u00a0\u00bb][vc_column_text]<a id=\"69daa8f471a05\" rel=\"wp-video-lightbox\" href=\"https:\/\/www.youtube.com\/watch?v=y7bLK4vBuDc&#038;width=640&#038;height=480\" title=\"\"><img src=\"https:\/\/www.infracode-multimedia.com\/NajiCherfan\/wp-content\/uploads\/2021\/09\/Prayer-project-NCF.jpg\" class=\"video_lightbox_anchor_image\" alt=\"text that describes this image\" \/><\/a>    <script>\r\n    \/* <![CDATA[ *\/\r\n    jQuery(document).ready(function($){\r\n        $(function(){\r\n            var width = $(window).innerWidth();\r\n            var setwidth = parseFloat(640);\r\n            var ratio = parseFloat(0.75);\r\n            var height = parseFloat(480);\r\n            var link = 'https:\/\/www.youtube.com\/watch?v=y7bLK4vBuDc&amp;width=640&amp;height=480';\r\n            if(width < setwidth)\r\n            {\r\n                height = Math.floor(width * 0.75);\r\n                \/\/console.log(\"device width \"+width+\", set width \"+640+\", ratio \"+0.75+\", new height \"+ height);\r\n                var new_url = wpvl_paramReplace('width', link, width);\r\n                var new_url = wpvl_paramReplace('height', new_url, height);\r\n                $(\"a#69daa8f471a05\").attr('href', new_url);\r\n                \/\/console.log(new_url);\r\n            }\r\n        });\r\n    });\r\n    \/* ]]> *\/\r\n    <\/script>[\/vc_column_text][\/vc_column_inner][vc_column_inner width=\u00a0\u00bb2\/3&Prime;][vc_empty_space height=\u00a0\u00bb30px\u00a0\u00bb][vc_column_text]<a class=\"button no-bg dark\" href=\"https:\/\/www.najicherfanfoundation.org\/en\/about-ncf\/\">En Savoir Plus Sur Nous<\/a>[\/vc_column_text][\/vc_column_inner][\/vc_row_inner][\/vc_column][\/vc_row][vc_row][vc_column][vc_empty_space height=\u00a0\u00bb25px\u00a0\u00bb][vc_custom_heading text=\u00a0\u00bbT\u00c9L\u00c9CHARGER GRATUITEMENT LES PRI\u00c8RES\u00a0\u00bb font_container=\u00a0\u00bbtag:h2|text_align:center\u00a0\u00bb use_theme_fonts=\u00a0\u00bbyes\u00a0\u00bb][vc_empty_space height=\u00a0\u00bb20px\u00a0\u00bb][vc_column_text]<\/p>\n<p style=\"text-align: center;\">Nos visiteurs peuvent<\/p>\n<h4 style=\"text-align: center;\">T\u00e9l\u00e9charger GRATUITEMENT<\/h4>\n<p style=\"text-align: center;\">les pri\u00e8res qui suivent:<\/p>\n<h5 style=\"text-align: center;\"><a href=\"https:\/\/www.najicherfanfoundation.org\/wp-content\/uploads\/2021\/09\/NCF-3-Prayers-French.pdf\" target=\"_blank\" rel=\"noopener\">Les 3 Pri\u00e8res<\/a><\/h5>\n<p style=\"text-align: center;\"><strong>La Pri\u00e8re du Bapt\u00eame<\/strong><br \/>\n<a href=\"https:\/\/www.najicherfanfoundation.org\/wp-content\/uploads\/2021\/09\/NCF-BAPTISM-Prayer-FR-HR.pdf\" target=\"_blank\" rel=\"noopener\">French<\/a><\/p>\n<p>&nbsp;<\/p>\n<p style=\"text-align: center;\"><strong>La Pri\u00e8re du Mariage<\/strong><br \/>\n<a href=\"https:\/\/www.najicherfanfoundation.org\/wp-content\/uploads\/2021\/09\/NCF-Wedding-prayer-French.pdf\" target=\"_blank\" rel=\"noopener\">French<\/a><\/p>\n<p>&nbsp;<\/p>\n<p style=\"text-align: center;\"><strong>La Neuvaine et le Chapelet de la Mis\u00e9ricorde Divine<\/strong><\/p>\n<p style=\"text-align: center;\">\u00a0selon le journal de la Sainte Maria Faustina<br \/>\n<a href=\"https:\/\/www.najicherfanfoundation.org\/wp-content\/uploads\/2021\/09\/NCF-Prayer-Novena-FRENCH.pdf\" target=\"_blank\" rel=\"noopener\">French<\/a><\/p>\n<p>&nbsp;<\/p>\n<p style=\"text-align: center;\"><strong>Pri\u00e8re pour Nos Pr\u00eatres<\/strong><br \/>\n<a href=\"https:\/\/www.najicherfanfoundation.org\/wp-content\/uploads\/2021\/09\/NCF-Priests-prayer-French-.pdf\" target=\"_blank\" rel=\"noopener\">French<\/a><\/p>\n<p>&nbsp;<\/p>\n<p style=\"text-align: center;\"><strong>La Pri\u00e8re Orthodoxe<\/strong><br \/>\n<a href=\"https:\/\/www.najicherfanfoundation.org\/wp-content\/uploads\/2021\/09\/ORTHODOXE-PRAYER-FRENCH.pdf\" target=\"_blank\" rel=\"noopener\">French<\/a><\/p>\n<p>[\/vc_column_text][\/vc_column][\/vc_row]<\/p>\n","protected":false},"excerpt":{"rendered":"<p>[vc_row full_width=\u00a0\u00bbstretch_row\u00a0\u00bb content_placement=\u00a0\u00bbmiddle\u00a0\u00bb css=\u00a0\u00bb.vc_custom_1637492701656{margin-top: -60px !important;padding-top: 40px !important;padding-bottom: 40px !important;background: #0083cb url(https:\/\/www.infracode-multimedia.com\/NajiCherfan\/wp-content\/uploads\/2021\/09\/bg-NCF-4.png?id=2700) !important;background-position: center !important;background-repeat: no-repeat !important;background-size: cover !important;}\u00a0\u00bb][vc_column offset=\u00a0\u00bbvc_col-md-8&Prime;][vc_row_inner][vc_column_inner width=\u00a0\u00bb3\/4&Prime;][vc_column_text] la Fondation Naji Cherfan produit et partage GRATUITEMENT des pri\u00e8res de poche [\/vc_column_text][vc_empty_space height=\u00a0\u00bb20px\u00a0\u00bb][\/vc_column_inner][vc_column_inner width=\u00a0\u00bb1\/4&Prime;][\/vc_column_inner][\/vc_row_inner][\/vc_column][vc_column offset=\u00a0\u00bbvc_col-md-4&Prime;][vc_column_text]Dans le cadre des projets des valeurs divines, la Fondation Naji Cherfan produit et partage GRATUITEMENT des pri\u00e8res qui [&hellip;]<\/p>\n","protected":false},"author":2,"featured_media":0,"parent":0,"menu_order":0,"comment_status":"closed","ping_status":"open","template":"","meta":{"om_disable_all_campaigns":false},"aioseo_notices":[],"_links":{"self":[{"href":"https:\/\/www.najicherfanfoundation.org\/fr\/wp-json\/wp\/v2\/pages\/5384"}],"collection":[{"href":"https:\/\/www.najicherfanfoundation.org\/fr\/wp-json\/wp\/v2\/pages"}],"about":[{"href":"https:\/\/www.najicherfanfoundation.org\/fr\/wp-json\/wp\/v2\/types\/page"}],"author":[{"embeddable":true,"href":"https:\/\/www.najicherfanfoundation.org\/fr\/wp-json\/wp\/v2\/users\/2"}],"replies":[{"embeddable":true,"href":"https:\/\/www.najicherfanfoundation.org\/fr\/wp-json\/wp\/v2\/comments?post=5384"}],"version-history":[{"count":9,"href":"https:\/\/www.najicherfanfoundation.org\/fr\/wp-json\/wp\/v2\/pages\/5384\/revisions"}],"predecessor-version":[{"id":20430,"href":"https:\/\/www.najicherfanfoundation.org\/fr\/wp-json\/wp\/v2\/pages\/5384\/revisions\/20430"}],"wp:attachment":[{"href":"https:\/\/www.najicherfanfoundation.org\/fr\/wp-json\/wp\/v2\/media?parent=5384"}],"curies":[{"name":"wp","href":"https:\/\/api.w.org\/{rel}","templated":true}]}}