{"id":12034,"date":"2021-08-04T08:55:27","date_gmt":"2021-08-04T08:55:27","guid":{"rendered":"https:\/\/www.najicherfanfoundation.org\/about-ncf\/"},"modified":"2022-08-31T07:05:10","modified_gmt":"2022-08-31T07:05:10","slug":"informazioni-su-la-fnc","status":"publish","type":"page","link":"https:\/\/www.najicherfanfoundation.org\/it\/informazioni-su-la-fnc\/","title":{"rendered":"INFORMAZIONI SU La FNC"},"content":{"rendered":"<p>[vc_row full_width=&#8221;stretch_row&#8221; parallax=&#8221;content-moving&#8221; parallax_image=&#8221;167&#8243; css=&#8221;.vc_custom_1632071050123{margin-top: -60px !important;padding-top: 45px !important;padding-bottom: 86px !important;background: #f1f1f3 url(https:\/\/www.infracode-multimedia.com\/NajiCherfan\/wp-content\/uploads\/\/2018\/02\/bg-6ss.jpg?id=1640);background-position: center;background-repeat: no-repeat !important;background-size: cover !important;}&#8221;][vc_column width=&#8221;1\/6&#8243;][\/vc_column][vc_column width=&#8221;2\/3&#8243;][vc_custom_heading text=&#8221;INFORMAZIONI SU La Fondazione Naji Cherfan&#8221; font_container=&#8221;tag:h2|font_size:36px|text_align:center&#8221; use_theme_fonts=&#8221;yes&#8221;][vc_empty_space height=&#8221;20px&#8221;][vc_row_inner][vc_column_inner][vc_column_text]<\/p>\n<p style=\"text-align: center;\"><strong><em>&#8220;La vita non \u00e8 solo di 70 anni, la vita \u00e8 vita, anche dopo la morte del corpo&#8221;.<\/em><\/strong><br \/>\n<em>(Messaggio del Presidente: Georges C. Cherfan &#8211; Titolare e Fondatore)<\/em><\/p>\n<p style=\"text-align: center;\">La FNC \u00e8 stato istituito per onorare Dio, promuovere i valori cristiani e supportare i giovani pazienti con lesioni cerebrali.<\/p>\n<p style=\"text-align: center;\">Naji \u00e8 nato da genitori libanesi-canadesi, il 20 novembre 1978 ad Amman, in Giordania. Subito dopo la sua nascita, la famiglia si trasfer\u00ec e si stabil\u00ec in Grecia. Naji ha studiato E-Business e Multimedia, parlava sei lingue ed era responsabile delle pubbliche relazioni e dell&#8217;amministrazione all&#8217;interno dell&#8217;azienda di famiglia.<\/p>\n<p>[\/vc_column_text][\/vc_column_inner][\/vc_row_inner][vc_empty_space height=&#8221;60px&#8221;][\/vc_column][vc_column width=&#8221;1\/6&#8243;][\/vc_column][\/vc_row][vc_row css=&#8221;.vc_custom_1519788101688{margin-top: -86px !important;}&#8221;][vc_column][vc_tta_tabs active_section=&#8221;2&#8243;][vc_tta_section title=&#8221;L&#8217;Incidente&#8221; tab_id=&#8221;1519789990981-f7ccf606-c0ef5035-3bde&#8221;][vc_row_inner][vc_column_inner width=&#8221;1\/6&#8243;][\/vc_column_inner][vc_column_inner width=&#8221;2\/3&#8243;][vc_column_text]<\/p>\n<p style=\"text-align: center;\">All&#8217;et\u00e0 di diciassette anni, Naji ha subito una lesione cerebrale traumatica a causa di un incidente in moto. L&#8217;autista della moto, l&#8217;amico di Naji, \u00e8 morto sul colpo. Naji \u00e8 stato in coma per due mesi e, quando si \u00e8 svegliato, non era in grado di muoversi, parlare o vedere.<\/p>\n<p>[\/vc_column_text][\/vc_column_inner][vc_column_inner width=&#8221;1\/6&#8243;][\/vc_column_inner][\/vc_row_inner][\/vc_tta_section][vc_tta_section title=&#8221;La Riabilitazione&#8221; tab_id=&#8221;1618922671774-71d516d2-5818&#8243;][vc_row_inner][vc_column_inner width=&#8221;1\/6&#8243;][\/vc_column_inner][vc_column_inner width=&#8221;2\/3&#8243;][vc_column_text]<\/p>\n<p style=\"text-align: center;\">Per quasi undici anni, Naji ha viaggiato in centri terapeutici in Arizona, Texas, Florida, Londra, Germania, Canada e Grecia. Il suo periodo di riabilitazione \u00e8 stato un percorso di coraggio, fede e determinazione.<\/p>\n<p style=\"text-align: center;\">Scrivendo e pubblicando questi libri, Naji ha voluto trasmettere un messaggio di speranza a tutti coloro che soffrono di disabilit\u00e0, in particolare di lesioni cerebrali. &#8220;Siamo tutti nati per brillare&#8221;! Questo era il messaggio che Naji voleva comunicare ai pazienti, alle famiglie e ai terapisti colpiti da lesioni cerebrali. Incoraggia coloro che soffrono di una malattia o disabilit\u00e0 a essere proattivi e cambiare il proprio destino credendo in se stessi e andando oltre ci\u00f2 che viene loro detto di poter fare.<\/p>\n<p style=\"text-align: center;\">I libri di Naji sono stati tradotti in pi\u00f9 di sei lingue e saranno presto disponibili attraverso il sito Web della Naji Cherfan Foundation.<\/p>\n<p style=\"text-align: center;\">Naji ha anche sviluppato un sito web personale: www.virtualpatience.com.<\/p>\n<p style=\"text-align: center;\">Si prega di visitare per saperne di pi\u00f9 dettagli sul suo viaggio, libri e interviste.<\/p>\n<p>[\/vc_column_text][\/vc_column_inner][vc_column_inner width=&#8221;1\/6&#8243;][\/vc_column_inner][\/vc_row_inner][\/vc_tta_section][vc_tta_section title=&#8221;La Fondazione&#8221; tab_id=&#8221;1618922836335-741f14ec-d16c&#8221;][vc_row_inner][vc_column_inner width=&#8221;1\/6&#8243;][\/vc_column_inner][vc_column_inner width=&#8221;2\/3&#8243;][vc_column_text]<\/p>\n<p style=\"text-align: center;\">Naji Cherfan \u00e8 deceduto il 31 luglio 2008 a causa di un attacco epilettico che gli ha provocato un&#8217;insufficienza cardiaca mentre dormiva. La sua assenza ha lasciato un enorme vuoto nella vita della sua famiglia e dei suoi amici e la Naji Cherfan Foundation \u00e8 il frutto del loro sforzo per onorare la sua memoria.<\/p>\n<p style=\"text-align: center;\">I valori fondamentali della Fondazione si basano sulle priorit\u00e0 della vita di Naji della fede cristiana, sul miglioramento della salute e sul rafforzamento dell&#8217;istruzione.<\/p>\n<p>[\/vc_column_text][\/vc_column_inner][vc_column_inner width=&#8221;1\/6&#8243;][\/vc_column_inner][\/vc_row_inner][\/vc_tta_section][\/vc_tta_tabs][vc_empty_space height=&#8221;60px&#8221;][\/vc_column][\/vc_row][vc_row full_width=&#8221;stretch_row&#8221; css=&#8221;.vc_custom_1661927219439{padding-top: 80px !important;padding-bottom: 40px !important;background: #0083ca url(https:\/\/www.infracode-multimedia.com\/NajiCherfan\/wp-content\/uploads\/\/2017\/12\/bg-main.svg?id=1098) !important;background-position: center !important;background-repeat: no-repeat !important;background-size: cover !important;}&#8221;][vc_column][vc_row_inner][vc_column_inner width=&#8221;1\/12&#8243;][\/vc_column_inner][vc_column_inner width=&#8221;5\/6&#8243;][vc_custom_heading text=&#8221;Missione e Obiettivi&#8221; font_container=&#8221;tag:h2|text_align:center|color:%23ffffff&#8221; use_theme_fonts=&#8221;yes&#8221;][\/vc_column_inner][vc_column_inner width=&#8221;1\/12&#8243;][\/vc_column_inner][\/vc_row_inner][vc_empty_space height=&#8221;50px&#8221;][vc_row_inner content_placement=&#8221;middle&#8221; gap=&#8221;30&#8243;][vc_column_inner width=&#8221;1\/2&#8243;]<ul class=\"iconlist iconlist iconlist-icon-small \"><li ><div class=\"iconlist-item-icon\"><span class=\"shapes\"><\/span><\/div><div class=\"iconlist-item-content\"><strong>L&#8217;obiettivo principale della Fondazione Naji Cherfan \u00e8 migliorare la qualit\u00e0 della vita di bambini, adolescenti e adulti, e in particolare di quelli colpiti da lesioni cerebrali, promuovendo i valori cristiani. <\/strong><\/p>\n<p><strong>Sostenere le persone affette da lesioni cerebrali e sensibilizzare i pazienti, le famiglie e i terapeuti in merito al potenziale di guarigione come risultato della perseveranza, del sostegno, dell&#8217;incoraggiamento e della forte fede in Dio.<\/strong><\/p>\n<p><strong> Sostenere gli orfani, i gruppi giovanili e la popolazione in generale fornendo servizi sanitari e educativi, diffondendo la parola di Dio.<\/strong><\/div><\/li><\/ul>[vc_empty_space height=&#8221;20px&#8221;][\/vc_column_inner][vc_column_inner width=&#8221;1\/2&#8243;][vc_single_image image=&#8221;12040&#8243; img_size=&#8221;full&#8221;][vc_empty_space height=&#8221;20px&#8221;][\/vc_column_inner][\/vc_row_inner][\/vc_column][\/vc_row]<\/p>\n","protected":false},"excerpt":{"rendered":"<p>[vc_row full_width=&#8221;stretch_row&#8221; parallax=&#8221;content-moving&#8221; parallax_image=&#8221;167&#8243; css=&#8221;.vc_custom_1632071050123{margin-top: -60px !important;padding-top: 45px !important;padding-bottom: 86px !important;background: #f1f1f3 url(https:\/\/www.infracode-multimedia.com\/NajiCherfan\/wp-content\/uploads\/\/2018\/02\/bg-6ss.jpg?id=1640);background-position: center;background-repeat: no-repeat !important;background-size: cover !important;}&#8221;][vc_column width=&#8221;1\/6&#8243;][\/vc_column][vc_column width=&#8221;2\/3&#8243;][vc_custom_heading text=&#8221;INFORMAZIONI SU La Fondazione Naji Cherfan&#8221; font_container=&#8221;tag:h2|font_size:36px|text_align:center&#8221; use_theme_fonts=&#8221;yes&#8221;][vc_empty_space height=&#8221;20px&#8221;][vc_row_inner][vc_column_inner][vc_column_text] &#8220;La vita non \u00e8 solo di 70 anni, la vita \u00e8 vita, anche dopo la morte del corpo&#8221;. (Messaggio del Presidente: Georges C. Cherfan &#8211; Titolare [&hellip;]<\/p>\n","protected":false},"author":2,"featured_media":0,"parent":0,"menu_order":0,"comment_status":"closed","ping_status":"closed","template":"","meta":{"om_disable_all_campaigns":false},"aioseo_notices":[],"_links":{"self":[{"href":"https:\/\/www.najicherfanfoundation.org\/it\/wp-json\/wp\/v2\/pages\/12034"}],"collection":[{"href":"https:\/\/www.najicherfanfoundation.org\/it\/wp-json\/wp\/v2\/pages"}],"about":[{"href":"https:\/\/www.najicherfanfoundation.org\/it\/wp-json\/wp\/v2\/types\/page"}],"author":[{"embeddable":true,"href":"https:\/\/www.najicherfanfoundation.org\/it\/wp-json\/wp\/v2\/users\/2"}],"replies":[{"embeddable":true,"href":"https:\/\/www.najicherfanfoundation.org\/it\/wp-json\/wp\/v2\/comments?post=12034"}],"version-history":[{"count":7,"href":"https:\/\/www.najicherfanfoundation.org\/it\/wp-json\/wp\/v2\/pages\/12034\/revisions"}],"predecessor-version":[{"id":12055,"href":"https:\/\/www.najicherfanfoundation.org\/it\/wp-json\/wp\/v2\/pages\/12034\/revisions\/12055"}],"wp:attachment":[{"href":"https:\/\/www.najicherfanfoundation.org\/it\/wp-json\/wp\/v2\/media?parent=12034"}],"curies":[{"name":"wp","href":"https:\/\/api.w.org\/{rel}","templated":true}]}}