{"id":12977,"date":"2021-09-19T18:06:53","date_gmt":"2021-09-19T18:06:53","guid":{"rendered":"https:\/\/www.najicherfanfoundation.org\/let-your-light-shine-2017\/"},"modified":"2022-09-15T07:17:26","modified_gmt":"2022-09-15T07:17:26","slug":"fate-brillare-la-tua-luce-2017","status":"publish","type":"page","link":"https:\/\/www.najicherfanfoundation.org\/it\/fate-brillare-la-tua-luce-2017\/","title":{"rendered":"FATE BRILLARE LA TUA LUCE &#8211; 2017"},"content":{"rendered":"<p>[vc_row][vc_column][vc_custom_heading text=&#8221;FATE BRILLARE LA TUA LUCE &#8211; 2017&#8243; font_container=&#8221;tag:h2|text_align:center&#8221; use_theme_fonts=&#8221;yes&#8221;][\/vc_column][\/vc_row][vc_row gap=&#8221;35&#8243; content_placement=&#8221;middle&#8221; css=&#8221;.vc_custom_1512720514030{padding-top: 40px !important;padding-bottom: 50px !important;background-position: center !important;background-repeat: no-repeat !important;background-size: cover !important;}&#8221;][vc_column width=&#8221;1\/2&#8243;]<ul class=\"iconlist iconlist iconlist-icon-large \"><li ><div class=\"iconlist-item-icon\"><i class=\"entypo-icon entypo-icon-light-down\"><\/i><span class=\"shapes\"><\/span><\/div><div class=\"iconlist-item-content\"><\/p>\n<h4 style=\"text-align: justify\"><span style=\"color: #ffd928\">La Fondazione Naji Cherfan presenta:<\/span><\/h4>\n<p>Un concerto dedicato ad un obiettivo prettamente caritatevole, il 20 novembre 2017 al Megaron \u2013 The Athens Concert Hall. Il concerto, intitolato &#8220;Let Your Light Shine&#8221;, sar\u00e0 eseguito dal mezzosoprano greco internazionale Alexandra Gravas. Il ricavato di questa serata sar\u00e0 offerto alla Fondazione Eliza per la prevenzione della crudelt\u00e0 sui bambini e alla Fondazione Pammakaristos per bambini. Si esibir\u00e0 anche il coro giovanile NeaSmyrni Lyceum guidato da Katerina Vassilikou e Olivia Garcia.<\/p>\n<p>Alexandra Gravas eseguir\u00e0 un programma che include canzoni provenienti da Grecia, Messico, Cina, Libano, Francia, Germania, unendo civilt\u00e0 e culture diverse attraverso la sua voce. La Naji Cherfan Foundation \u2013 NCF sta organizzando questo concerto di beneficenza in onore di NajiCherfan, scomparso nel 2008, dopo un incidente in moto avvenuto in Grecia nel 1996. La sua assenza ha lasciato un vuoto nella vita della sua famiglia e dei suoi amici.<\/div><\/li><\/ul>[\/vc_column][vc_column width=&#8221;1\/2&#8243;][vc_single_image image=&#8221;12978&#8243; img_size=&#8221;full&#8221;][\/vc_column][\/vc_row]<\/p>\n","protected":false},"excerpt":{"rendered":"<p>[vc_row][vc_column][vc_custom_heading text=&#8221;FATE BRILLARE LA TUA LUCE &#8211; 2017&#8243; font_container=&#8221;tag:h2|text_align:center&#8221; use_theme_fonts=&#8221;yes&#8221;][\/vc_column][\/vc_row][vc_row gap=&#8221;35&#8243; content_placement=&#8221;middle&#8221; css=&#8221;.vc_custom_1512720514030{padding-top: 40px !important;padding-bottom: 50px !important;background-position: center !important;background-repeat: no-repeat !important;background-size: cover !important;}&#8221;][vc_column width=&#8221;1\/2&#8243;][\/vc_column][vc_column width=&#8221;1\/2&#8243;][vc_single_image image=&#8221;12978&#8243; img_size=&#8221;full&#8221;][\/vc_column][\/vc_row]<\/p>\n","protected":false},"author":2,"featured_media":0,"parent":0,"menu_order":0,"comment_status":"closed","ping_status":"open","template":"","meta":{"om_disable_all_campaigns":false},"aioseo_notices":[],"_links":{"self":[{"href":"https:\/\/www.najicherfanfoundation.org\/it\/wp-json\/wp\/v2\/pages\/12977"}],"collection":[{"href":"https:\/\/www.najicherfanfoundation.org\/it\/wp-json\/wp\/v2\/pages"}],"about":[{"href":"https:\/\/www.najicherfanfoundation.org\/it\/wp-json\/wp\/v2\/types\/page"}],"author":[{"embeddable":true,"href":"https:\/\/www.najicherfanfoundation.org\/it\/wp-json\/wp\/v2\/users\/2"}],"replies":[{"embeddable":true,"href":"https:\/\/www.najicherfanfoundation.org\/it\/wp-json\/wp\/v2\/comments?post=12977"}],"version-history":[{"count":5,"href":"https:\/\/www.najicherfanfoundation.org\/it\/wp-json\/wp\/v2\/pages\/12977\/revisions"}],"predecessor-version":[{"id":12991,"href":"https:\/\/www.najicherfanfoundation.org\/it\/wp-json\/wp\/v2\/pages\/12977\/revisions\/12991"}],"wp:attachment":[{"href":"https:\/\/www.najicherfanfoundation.org\/it\/wp-json\/wp\/v2\/media?parent=12977"}],"curies":[{"name":"wp","href":"https:\/\/api.w.org\/{rel}","templated":true}]}}