{"id":13056,"date":"2021-09-16T20:02:00","date_gmt":"2021-09-16T20:02:00","guid":{"rendered":"https:\/\/www.najicherfanfoundation.org\/message-from-george-sana-cherfan\/"},"modified":"2023-02-10T16:27:10","modified_gmt":"2023-02-10T16:27:10","slug":"messaggio-di-george-sana-cherfan","status":"publish","type":"page","link":"https:\/\/www.najicherfanfoundation.org\/it\/messaggio-di-george-sana-cherfan\/","title":{"rendered":"Messaggio di George &#038; Sana Cherfan"},"content":{"rendered":"<p>[vc_row full_width=&#8221;stretch_row&#8221; css=&#8221;.vc_custom_1632123744545{margin-top: -60px !important;padding-top: 65px !important;padding-bottom: 20px !important;background-color: #e9eaee !important;}&#8221;][vc_column][vc_empty_space height=&#8221;50px&#8221;][vc_custom_heading text=&#8221;MESSAGGIO DI GEORGES &amp; SANA CHERFAN&#8221; font_container=&#8221;tag:h2|text_align:center&#8221; use_theme_fonts=&#8221;yes&#8221;][\/vc_column][\/vc_row][vc_row full_width=&#8221;stretch_row&#8221; content_placement=&#8221;middle&#8221; css=&#8221;.vc_custom_1639732221966{border-top-width: 1px !important;padding-top: 40px !important;padding-bottom: 60px !important;background-color: #e9eaee !important;}&#8221;][vc_column width=&#8221;3\/4&#8243;]\n\t<div class=\"testimonial meta-left \">\n\t\t\n\t\t<div class=\"testimonial-content\">\n\t\t\t<blockquote>\n\t\t\t\t<p>\u201cPermettetemi di trascorrere alcuni momenti con voi per riflettere insieme sulla bellezza della Nascita di Ges\u00f9 Cristo e sul dono che Dio Creatore ha inviato al mondo; Ges\u00f9 Bambino in una mangiatoia\u201d.<\/p>\n\t\t\t<\/blockquote>\n\t\t<\/div>\n\n\t\t<div class=\"testimonial-meta\">\n\t\t\t\t\t\t<h3 class=\"author-name\">G.C. Cherfan<\/h3>\n\t\t\t<div class=\"author-info\"><span class=\"subtitle\">Titolare e Fondatore<\/span><\/div>\n\t\t<\/div>\n\n\t<\/div>\n[\/vc_column][vc_column width=&#8221;1\/4&#8243;][vc_single_image image=&#8221;3071&#8243; img_size=&#8221;full&#8221;][\/vc_column][\/vc_row][vc_row][vc_column][vc_empty_space height=&#8221;25px&#8221;][vc_column_text]La Bibbia dice che Dio ha amato cos\u00ec tanto il mondo che ha mandato il suo unico Figlio a diventare (umano) come noi per riguadagnare ci\u00f2 che il Cielo aveva perso quando Adamo ed Eva fallirono. Quel dono \u00e8 ci\u00f2 che celebriamo in ogni periodo natalizio ricordando la promessa di Dio di inviare il Salvatore&#8230; e noi a nostra volta ci scambiamo doni, rinnoviamo il nostro amore, mettiamo fine alle nostre animosit\u00e0 e cerchiamo di restituire Dio cosa gli dobbiamo (la nostra esistenza, e la vita in questo mondo e nel nuovo mondo a venire. Cosa possiamo restituire a Dio, il nostro Creatore, che possiede tutto? Possiamo dargli qualcosa? S\u00ec, possiamo dare molto a Dio&#8230; ovvero il nostro amore e il nostro cuore, questo \u00e8 ci\u00f2 che Dio vuole da noi, non vuole molto![\/vc_column_text][vc_separator border_width=&#8221;2&#8243; css=&#8221;.vc_custom_1632123921360{margin-top: 25px !important;margin-bottom: 25px !important;}&#8221;][vc_row_inner][vc_column_inner width=&#8221;1\/3&#8243;][vc_custom_heading text=&#8221;Amore e Perdono&#8221; font_container=&#8221;tag:h3|text_align:left&#8221; use_theme_fonts=&#8221;yes&#8221;][vc_empty_space height=&#8221;20px&#8221;][\/vc_column_inner][vc_column_inner width=&#8221;2\/3&#8243;][vc_column_text]Amare il prossimo come noi stessi. Amare i nostri nemici e perdonarli. Perdonare coloro che potrebbero ingannarci e approfittare di noi. Amare tutte le persone senza distinzione di razza, colore, rango, condizione sociale, ecc&#8230; Amare i senzatetto, i poveri orfani e le povere vedove che spesso non hanno letto o tetto come riparo, o una pagnotta per soddisfare la loro fame, o non hanno soldi per comprare medicine. Insegnare a noi stessi e ai nostri figli a vivere come se non avessimo nulla, a rimanere umili e disposti a servire poich\u00e9 la vita \u00e8 un dono di Dio e anche la salute, il successo e la fama, ecc. sono le sue benedizioni.[\/vc_column_text][vc_empty_space height=&#8221;50px&#8221;][\/vc_column_inner][\/vc_row_inner][vc_row_inner][vc_column_inner width=&#8221;1\/3&#8243;][vc_custom_heading text=&#8221;Incoraggia i Nostri Figli&#8221; font_container=&#8221;tag:h3|text_align:left&#8221; use_theme_fonts=&#8221;yes&#8221;][vc_empty_space height=&#8221;20px&#8221;][\/vc_column_inner][vc_column_inner width=&#8221;2\/3&#8243;][vc_column_text]Insegnare a noi stessi e ai nostri figli come condividere ci\u00f2 che abbiamo con coloro che sono meno fortunati e meno privilegiati. Per incoraggiare i nostri figli. Questo non pu\u00f2 essere fatto solo dicendo loro cosa fare e cosa non fare, ma soprattutto essendo per loro il giusto esempio (o modello) nella vita reale, soprattutto perch\u00e9 i bambini spesso imitano i loro genitori.<\/p>\n<p>Per esempio:<\/p>\n<ul>\n<li>Incoraggiateli ad avere Dio al primo posto nella loro vita (non come il numero 20 nella loro lista di priorit\u00e0).<\/li>\n<li>Dio \u00e8 un Genitore e noi siamo suoi figli se accettiamo questo e crediamo in esso.<\/li>\n<li>Vuole avere relazioni con noi come Padre e Figlio, Madre e Figlia, Nonno e Nonna.<\/li>\n<\/ul>\n<p>[\/vc_column_text][vc_empty_space height=&#8221;50px&#8221;][\/vc_column_inner][\/vc_row_inner][vc_row_inner][vc_column_inner width=&#8221;1\/3&#8243;][vc_custom_heading text=&#8221;Il Nuovo Mondo&#8221; font_container=&#8221;tag:h3|text_align:left&#8221; use_theme_fonts=&#8221;yes&#8221;][vc_empty_space height=&#8221;20px&#8221;][\/vc_column_inner][vc_column_inner width=&#8221;2\/3&#8243;][vc_column_text]Tuttavia, molte volte chiudiamo la nostra porta al volto di Dio, a causa di molte priorit\u00e0 urgenti nella vita e questo lo rende infelice. Non siamo infelici quando siamo lontani dai nostri cari?<\/p>\n<p>Dio vuole che viviamo per sempre, non solo cento anni, e che ereditiamo tutto ci\u00f2 che ha creato per noi proprio come vogliamo che i nostri figli ereditino ci\u00f2 che abbiamo.<\/p>\n<p>Soprattutto, Dio vuole che tutto nel mondo, in Cielo e in basso, sia nostro da correre e gestire perch\u00e9 quando Ges\u00f9 torner\u00e0, la morte non ci sar\u00e0 pi\u00f9. Non ci saranno pi\u00f9 guerre, violenze, uccisioni e odi poich\u00e9 Dio, con i Santi e gli Angeli, regner\u00e0 su un mondo eterno senza fine.<\/p>\n<p>Il nuovo mondo che Dio vuole che abbiamo sar\u00e0 senza malattie, povert\u00e0, carenze o invecchiamento e senza morte. La Bibbia dice che asciugher\u00e0 le nostre lacrime e non permetter\u00e0 pi\u00f9 la separazione dei nostri cari!<\/p>\n<p>Questo \u00e8 il dono di Dio, il bambino che \u00e8 nato 2000 anni fa in una mangiatoia, per donarci la vita eterna e insegnarci a perdonare ea rimanere umili, non importa chi siamo! Per ottenere questa bellissima promessa di vita eterna, Dio invita tutti noi a seguire i Suoi insegnamenti e ad applicarli nella nostra vita quotidiana. La decisione \u00e8 nostra&#8230; se scegliamo l&#8217;insegnamento di Dio vivremo con i nostri cari, nel nuovo mondo, per sempre, perch\u00e9 Dio \u00e8 la fonte della vita.[\/vc_column_text][vc_empty_space height=&#8221;50px&#8221;][\/vc_column_inner][\/vc_row_inner][\/vc_column][\/vc_row]<\/p>\n","protected":false},"excerpt":{"rendered":"<p>[vc_row full_width=&#8221;stretch_row&#8221; css=&#8221;.vc_custom_1632123744545{margin-top: -60px !important;padding-top: 65px !important;padding-bottom: 20px !important;background-color: #e9eaee !important;}&#8221;][vc_column][vc_empty_space height=&#8221;50px&#8221;][vc_custom_heading text=&#8221;MESSAGGIO DI GEORGES &amp; SANA CHERFAN&#8221; font_container=&#8221;tag:h2|text_align:center&#8221; use_theme_fonts=&#8221;yes&#8221;][\/vc_column][\/vc_row][vc_row full_width=&#8221;stretch_row&#8221; content_placement=&#8221;middle&#8221; css=&#8221;.vc_custom_1639732221966{border-top-width: 1px !important;padding-top: 40px !important;padding-bottom: 60px !important;background-color: #e9eaee !important;}&#8221;][vc_column width=&#8221;3\/4&#8243;][\/vc_column][vc_column width=&#8221;1\/4&#8243;][vc_single_image image=&#8221;3071&#8243; img_size=&#8221;full&#8221;][\/vc_column][\/vc_row][vc_row][vc_column][vc_empty_space height=&#8221;25px&#8221;][vc_column_text]La Bibbia dice che Dio ha amato cos\u00ec tanto il mondo che ha mandato il suo unico Figlio a diventare [&hellip;]<\/p>\n","protected":false},"author":2,"featured_media":0,"parent":0,"menu_order":0,"comment_status":"closed","ping_status":"open","template":"","meta":{"om_disable_all_campaigns":false},"aioseo_notices":[],"_links":{"self":[{"href":"https:\/\/www.najicherfanfoundation.org\/it\/wp-json\/wp\/v2\/pages\/13056"}],"collection":[{"href":"https:\/\/www.najicherfanfoundation.org\/it\/wp-json\/wp\/v2\/pages"}],"about":[{"href":"https:\/\/www.najicherfanfoundation.org\/it\/wp-json\/wp\/v2\/types\/page"}],"author":[{"embeddable":true,"href":"https:\/\/www.najicherfanfoundation.org\/it\/wp-json\/wp\/v2\/users\/2"}],"replies":[{"embeddable":true,"href":"https:\/\/www.najicherfanfoundation.org\/it\/wp-json\/wp\/v2\/comments?post=13056"}],"version-history":[{"count":3,"href":"https:\/\/www.najicherfanfoundation.org\/it\/wp-json\/wp\/v2\/pages\/13056\/revisions"}],"predecessor-version":[{"id":13065,"href":"https:\/\/www.najicherfanfoundation.org\/it\/wp-json\/wp\/v2\/pages\/13056\/revisions\/13065"}],"wp:attachment":[{"href":"https:\/\/www.najicherfanfoundation.org\/it\/wp-json\/wp\/v2\/media?parent=13056"}],"curies":[{"name":"wp","href":"https:\/\/api.w.org\/{rel}","templated":true}]}}