{"id":12080,"date":"2021-08-04T08:55:27","date_gmt":"2021-08-04T08:55:27","guid":{"rendered":"https:\/\/www.najicherfanfoundation.org\/about-ncf\/"},"modified":"2022-08-31T09:22:52","modified_gmt":"2022-08-31T09:22:52","slug":"sobre-a-fnc","status":"publish","type":"page","link":"https:\/\/www.najicherfanfoundation.org\/pt-pt\/sobre-a-fnc\/","title":{"rendered":"SOBRE A FNC"},"content":{"rendered":"<p>[vc_row full_width=&#8221;stretch_row&#8221; parallax=&#8221;content-moving&#8221; parallax_image=&#8221;167&#8243; css=&#8221;.vc_custom_1632071050123{margin-top: -60px !important;padding-top: 45px !important;padding-bottom: 86px !important;background: #f1f1f3 url(https:\/\/www.infracode-multimedia.com\/NajiCherfan\/wp-content\/uploads\/\/2018\/02\/bg-6ss.jpg?id=1640);background-position: center;background-repeat: no-repeat !important;background-size: cover !important;}&#8221;][vc_column width=&#8221;1\/6&#8243;][\/vc_column][vc_column width=&#8221;2\/3&#8243;][vc_custom_heading text=&#8221;SOBRE A Funda\u00e7\u00e3o Naji Cherfan&#8221; font_container=&#8221;tag:h2|font_size:36px|text_align:center&#8221; use_theme_fonts=&#8221;yes&#8221;][vc_empty_space height=&#8221;20px&#8221;][vc_row_inner][vc_column_inner][vc_column_text]<\/p>\n<p style=\"text-align: center;\"><strong>&#8220;A vida n\u00e3o \u00e9 apenas 70 anos, a vida \u00e9 vida, mesmo ap\u00f3s a morte do corpo.&#8221;<\/strong><br \/>\n<em>(Mensagem do Fundador: Georges C. Cherfan &#8211; Propriet\u00e1rio e Fundador)<\/em><\/p>\n<p style=\"text-align: center;\">A NCF foi criada para honrar a Deus, promover os valores crist\u00e3os e apoiar pacientes jovens com les\u00f5es cerebrais.<\/p>\n<p style=\"text-align: center;\">Naji nasceu de pais libaneses-canadenses, em 20 de novembro de 1978 em Am\u00e3, Jord\u00e2nia. Logo depois que ele nasceu, a fam\u00edlia se mudou e se estabeleceu na Gr\u00e9cia. Naji estudou E-Business e Multim\u00eddia, falava seis idiomas e era respons\u00e1vel pelas Rela\u00e7\u00f5es P\u00fablicas e Administra\u00e7\u00e3o da empresa familiar.<\/p>\n<p>[\/vc_column_text][\/vc_column_inner][\/vc_row_inner][vc_empty_space height=&#8221;60px&#8221;][\/vc_column][vc_column width=&#8221;1\/6&#8243;][\/vc_column][\/vc_row][vc_row css=&#8221;.vc_custom_1519788101688{margin-top: -86px !important;}&#8221;][vc_column][vc_tta_tabs active_section=&#8221;2&#8243;][vc_tta_section title=&#8221;O Acidente&#8221; tab_id=&#8221;1519789990981-f7ccf606-c0ef5035-3bde&#8221;][vc_row_inner][vc_column_inner width=&#8221;1\/6&#8243;][\/vc_column_inner][vc_column_inner width=&#8221;2\/3&#8243;][vc_column_text]<\/p>\n<p style=\"text-align: center;\">Na idade de dezessete anos, Naji sofreu uma les\u00e3o cerebral traum\u00e1tica devido a um acidente de moto. O motorista da moto, amigo de Naji, morreu instantaneamente. Naji ficou em coma por dois meses e, quando acordou, n\u00e3o conseguia se mover, falar ou enxergar.<\/p>\n<p>[\/vc_column_text][\/vc_column_inner][vc_column_inner width=&#8221;1\/6&#8243;][\/vc_column_inner][\/vc_row_inner][\/vc_tta_section][vc_tta_section title=&#8221;A Recupera\u00e7\u00e3o&#8221; tab_id=&#8221;1618922671774-71d516d2-5818&#8243;][vc_row_inner][vc_column_inner width=&#8221;1\/6&#8243;][\/vc_column_inner][vc_column_inner width=&#8221;2\/3&#8243;][vc_column_text]<\/p>\n<p style=\"text-align: center;\">Por quase onze anos, Naji viajou para centros de terapia no Arizona, Texas, Fl\u00f3rida, Londres, Alemanha, Canad\u00e1 e Gr\u00e9cia. Seu per\u00edodo de reabilita\u00e7\u00e3o foi uma jornada de coragem, f\u00e9 e determina\u00e7\u00e3o.<\/p>\n<p style=\"text-align: center;\">Ao escrever e publicar esses livros, Naji queria transmitir uma mensagem de esperan\u00e7a a todos aqueles que sofrem de alguma defici\u00eancia, especialmente les\u00e3o cerebral. \u201cTodos n\u00f3s nascemos para brilhar\u201d! Esta era a mensagem que Naji queria comunicar aos pacientes, fam\u00edlias e terapeutas afetados por les\u00f5es cerebrais. Ele encoraja aqueles que sofrem de uma doen\u00e7a ou defici\u00eancia a serem proativos e mudarem seu destino acreditando em si mesmos e indo al\u00e9m do que lhes dizem que podem fazer.<\/p>\n<p style=\"text-align: center;\">Os livros de Naji foram traduzidos para mais de seis idiomas e estar\u00e3o dispon\u00edveis em breve no site da Funda\u00e7\u00e3o Naji Cherfan.<br \/>\nNaji tamb\u00e9m desenvolveu um site pessoal: www.virtualpatience.com<br \/>\nVisite para saber mais detalhes sobre sua jornada, livros e entrevistas.<\/p>\n<p>[\/vc_column_text][\/vc_column_inner][vc_column_inner width=&#8221;1\/6&#8243;][\/vc_column_inner][\/vc_row_inner][\/vc_tta_section][vc_tta_section title=&#8221;A Funda\u00e7\u00e3o&#8221; tab_id=&#8221;1618922836335-741f14ec-d16c&#8221;][vc_row_inner][vc_column_inner width=&#8221;1\/6&#8243;][\/vc_column_inner][vc_column_inner width=&#8221;2\/3&#8243;][vc_column_text]<\/p>\n<p style=\"text-align: center;\">Naji Cherfan faleceu no dia 31 de julho de 2008 devido a um ataque epil\u00e9ptico que causou insufici\u00eancia card\u00edaca enquanto ele dormia. Sua aus\u00eancia deixou um grande vazio na vida de sua fam\u00edlia e amigos, e a Funda\u00e7\u00e3o Naji Cherfan \u00e9 fruto de seu esfor\u00e7o para honrar sua mem\u00f3ria.<\/p>\n<p style=\"text-align: center;\">Os valores centrais da Funda\u00e7\u00e3o baseiam-se nas prioridades de vida da f\u00e9 crist\u00e3 de Naji, melhorando a sa\u00fade e fortalecendo a educa\u00e7\u00e3o.<\/p>\n<p>[\/vc_column_text][\/vc_column_inner][vc_column_inner width=&#8221;1\/6&#8243;][\/vc_column_inner][\/vc_row_inner][\/vc_tta_section][\/vc_tta_tabs][vc_empty_space height=&#8221;60px&#8221;][\/vc_column][\/vc_row][vc_row full_width=&#8221;stretch_row&#8221; css=&#8221;.vc_custom_1661927756076{padding-top: 80px !important;padding-bottom: 40px !important;background: #0083ca url(https:\/\/www.infracode-multimedia.com\/NajiCherfan\/wp-content\/uploads\/\/2017\/12\/bg-main.svg?id=1098) !important;background-position: center !important;background-repeat: no-repeat !important;background-size: cover !important;}&#8221;][vc_column][vc_row_inner][vc_column_inner width=&#8221;1\/12&#8243;][\/vc_column_inner][vc_column_inner width=&#8221;5\/6&#8243;][vc_custom_heading text=&#8221;Miss\u00e3o e Objetivos&#8221; font_container=&#8221;tag:h2|text_align:center|color:%23ffffff&#8221; use_theme_fonts=&#8221;yes&#8221;][\/vc_column_inner][vc_column_inner width=&#8221;1\/12&#8243;][\/vc_column_inner][\/vc_row_inner][vc_empty_space height=&#8221;50px&#8221;][vc_row_inner content_placement=&#8221;middle&#8221; gap=&#8221;30&#8243;][vc_column_inner width=&#8221;1\/2&#8243;]<ul class=\"iconlist iconlist iconlist-icon-small \"><li ><div class=\"iconlist-item-icon\"><span class=\"shapes\"><\/span><\/div><div class=\"iconlist-item-content\"><strong>O principal objetivo da Funda\u00e7\u00e3o Naji Cherfan \u00e9 melhorar a qualidade de vida de crian\u00e7as, adolescentes e adultos, e especialmente daqueles acometidos por les\u00f5es cerebrais, promovendo os valores crist\u00e3os.<\/strong><\/p>\n<p><strong>Apoiar as pessoas afetadas por les\u00f5es cerebrais e conscientizar os pacientes, familiares e terapeutas sobre o potencial de recupera\u00e7\u00e3o como resultado da perseveran\u00e7a, apoio, encorajamento e forte f\u00e9 em Deus.<\/strong><\/p>\n<p><strong>Apoiar \u00f3rf\u00e3os, grupos de jovens e a popula\u00e7\u00e3o em geral, fornecendo servi\u00e7os de sa\u00fade e educa\u00e7\u00e3o, enquanto espalham a palavra de Deus.<\/strong><\/div><\/li><\/ul>[vc_empty_space height=&#8221;20px&#8221;][\/vc_column_inner][vc_column_inner width=&#8221;1\/2&#8243;][vc_single_image image=&#8221;12084&#8243; img_size=&#8221;full&#8221;][vc_empty_space height=&#8221;20px&#8221;][\/vc_column_inner][\/vc_row_inner][\/vc_column][\/vc_row]<\/p>\n","protected":false},"excerpt":{"rendered":"<p>[vc_row full_width=&#8221;stretch_row&#8221; parallax=&#8221;content-moving&#8221; parallax_image=&#8221;167&#8243; css=&#8221;.vc_custom_1632071050123{margin-top: -60px !important;padding-top: 45px !important;padding-bottom: 86px !important;background: #f1f1f3 url(https:\/\/www.infracode-multimedia.com\/NajiCherfan\/wp-content\/uploads\/\/2018\/02\/bg-6ss.jpg?id=1640);background-position: center;background-repeat: no-repeat !important;background-size: cover !important;}&#8221;][vc_column width=&#8221;1\/6&#8243;][\/vc_column][vc_column width=&#8221;2\/3&#8243;][vc_custom_heading text=&#8221;SOBRE A Funda\u00e7\u00e3o Naji Cherfan&#8221; font_container=&#8221;tag:h2|font_size:36px|text_align:center&#8221; use_theme_fonts=&#8221;yes&#8221;][vc_empty_space height=&#8221;20px&#8221;][vc_row_inner][vc_column_inner][vc_column_text] &#8220;A vida n\u00e3o \u00e9 apenas 70 anos, a vida \u00e9 vida, mesmo ap\u00f3s a morte do corpo.&#8221; (Mensagem do Fundador: Georges C. Cherfan &#8211; Propriet\u00e1rio e Fundador) [&hellip;]<\/p>\n","protected":false},"author":2,"featured_media":0,"parent":0,"menu_order":0,"comment_status":"closed","ping_status":"closed","template":"","meta":{"om_disable_all_campaigns":false},"aioseo_notices":[],"_links":{"self":[{"href":"https:\/\/www.najicherfanfoundation.org\/pt-pt\/wp-json\/wp\/v2\/pages\/12080"}],"collection":[{"href":"https:\/\/www.najicherfanfoundation.org\/pt-pt\/wp-json\/wp\/v2\/pages"}],"about":[{"href":"https:\/\/www.najicherfanfoundation.org\/pt-pt\/wp-json\/wp\/v2\/types\/page"}],"author":[{"embeddable":true,"href":"https:\/\/www.najicherfanfoundation.org\/pt-pt\/wp-json\/wp\/v2\/users\/2"}],"replies":[{"embeddable":true,"href":"https:\/\/www.najicherfanfoundation.org\/pt-pt\/wp-json\/wp\/v2\/comments?post=12080"}],"version-history":[{"count":4,"href":"https:\/\/www.najicherfanfoundation.org\/pt-pt\/wp-json\/wp\/v2\/pages\/12080\/revisions"}],"predecessor-version":[{"id":12087,"href":"https:\/\/www.najicherfanfoundation.org\/pt-pt\/wp-json\/wp\/v2\/pages\/12080\/revisions\/12087"}],"wp:attachment":[{"href":"https:\/\/www.najicherfanfoundation.org\/pt-pt\/wp-json\/wp\/v2\/media?parent=12080"}],"curies":[{"name":"wp","href":"https:\/\/api.w.org\/{rel}","templated":true}]}}