{"id":12728,"date":"2017-09-27T08:29:29","date_gmt":"2017-09-27T08:29:29","guid":{"rendered":"https:\/\/www.najicherfanfoundation.org\/contact-us\/"},"modified":"2023-02-16T06:31:23","modified_gmt":"2023-02-16T06:31:23","slug":"contate-nos","status":"publish","type":"page","link":"https:\/\/www.najicherfanfoundation.org\/pt-pt\/contate-nos\/","title":{"rendered":"CONTATE-NOS"},"content":{"rendered":"<p>[vc_row equal_height=&#8221;yes&#8221; css=&#8221;.vc_custom_1513048596846{margin-right: 0px !important;margin-bottom: 90px !important;margin-left: 0px !important;}&#8221;][vc_column width=&#8221;2\/3&#8243; css=&#8221;.vc_custom_1513048602768{background-color: #ffffff !important;}&#8221; el_class=&#8221;shadow&#8221;][vc_empty_space height=&#8221;50px&#8221;][vc_row_inner][vc_column_inner width=&#8221;1\/12&#8243;][\/vc_column_inner][vc_column_inner width=&#8221;5\/6&#8243;][vc_column_text]<\/p>\n<h3 class=\"no-margin-top\" style=\"text-align: center;\">Gostar\u00edamos muito de ouvir de voc\u00ea!<\/h3>\n<p>[\/vc_column_text][vc_empty_space height=&#8221;10px&#8221;][vc_column_text]<\/p>\n<p style=\"text-align: center;\">Se voc\u00ea tiver alguma d\u00favida sobre algum de nossos projetos ou quiser saber mais sobre para onde est\u00e3o indo suas doa\u00e7\u00f5es, ou se estiver com problemas em nosso site, estamos aqui para ajudar e informar. Apesar de recebermos dezenas de e-mails toda semana, continuamos comprometidos em responder ao seu e-mail em at\u00e9 tr\u00eas dias. Por favor, reserve um momento para nos escrever um e-mail: info@najicherfanfoundation.org<\/p>\n<p>\u00a0[\/vc_column_text][vc_empty_space height=&#8221;35px&#8221;]<div role=\"form\" class=\"wpcf7\" id=\"wpcf7-f1678-o1\" lang=\"en-US\" dir=\"ltr\">\n<div class=\"screen-reader-response\"><p role=\"status\" aria-live=\"polite\" aria-atomic=\"true\"><\/p> <ul><\/ul><\/div>\n<form action=\"\/pt-pt\/wp-json\/wp\/v2\/pages\/12728#wpcf7-f1678-o1\" method=\"post\" class=\"wpcf7-form init\" novalidate=\"novalidate\" data-status=\"init\">\n<div style=\"display: none;\">\n<input type=\"hidden\" name=\"_wpcf7\" value=\"1678\" \/>\n<input type=\"hidden\" name=\"_wpcf7_version\" value=\"5.5.3\" \/>\n<input type=\"hidden\" name=\"_wpcf7_locale\" value=\"en_US\" \/>\n<input type=\"hidden\" name=\"_wpcf7_unit_tag\" value=\"wpcf7-f1678-o1\" \/>\n<input type=\"hidden\" name=\"_wpcf7_container_post\" value=\"0\" \/>\n<input type=\"hidden\" name=\"_wpcf7_posted_data_hash\" value=\"\" \/>\n<input type=\"hidden\" name=\"_wpcf7_recaptcha_response\" value=\"\" \/>\n<\/div>\n<div class=\"form-request\">\n<div class=\"row\">\n<div class=\"columns columns-6\"><span class=\"wpcf7-form-control-wrap Name\"><input type=\"text\" name=\"Name\" value=\"\" size=\"40\" class=\"wpcf7-form-control wpcf7-text\" aria-invalid=\"false\" placeholder=\"First Name\" \/><\/span><\/div>\n<div class=\"columns columns-6\"><span class=\"wpcf7-form-control-wrap Last\"><input type=\"text\" name=\"Last\" value=\"\" size=\"40\" class=\"wpcf7-form-control wpcf7-text\" aria-invalid=\"false\" placeholder=\"Last Name\" \/><\/span><\/div>\n<\/div>\n<div class=\"row\">\n<div class=\"columns columns-6\"><span class=\"wpcf7-form-control-wrap email\"><input type=\"email\" name=\"email\" value=\"\" size=\"40\" class=\"wpcf7-form-control wpcf7-text wpcf7-email wpcf7-validates-as-email\" aria-invalid=\"false\" placeholder=\"Your Email\" \/><\/span><\/div>\n<div class=\"columns columns-6\"><span class=\"wpcf7-form-control-wrap phone\"><input type=\"text\" name=\"phone\" value=\"\" size=\"40\" class=\"wpcf7-form-control wpcf7-text\" aria-invalid=\"false\" placeholder=\"Your Phone\" \/><\/span><\/div>\n<\/div>\n<div class=\"row\">\n<div class=\"columns columns-12\"><span class=\"wpcf7-form-control-wrap message\"><textarea name=\"message\" cols=\"40\" rows=\"10\" class=\"wpcf7-form-control wpcf7-textarea\" aria-invalid=\"false\" placeholder=\"Message\"><\/textarea><\/span><\/div>\n<\/div>\n<div class=\"row\">\n<div class=\"columns columns-12\">\n<span class=\"wpcf7-form-control-wrap recaptcha\" data-name=\"recaptcha\"><span data-sitekey=\"6Lfh4I4fAAAAAOZs8QFIopGHx1IusmgFugb3vRKW\" class=\"wpcf7-form-control g-recaptcha wpcf7-recaptcha\"><\/span>\r\n<noscript>\r\n\t<div class=\"grecaptcha-noscript\">\r\n\t\t<iframe src=\"https:\/\/www.google.com\/recaptcha\/api\/fallback?k=6Lfh4I4fAAAAAOZs8QFIopGHx1IusmgFugb3vRKW\" frameborder=\"0\" scrolling=\"no\" width=\"310\" height=\"430\">\r\n\t\t<\/iframe>\r\n\t\t<textarea name=\"g-recaptcha-response\" rows=\"3\" cols=\"40\" placeholder=\"reCaptcha Response Here\">\r\n\t\t<\/textarea>\r\n\t<\/div>\r\n<\/noscript>\r\n<\/span>\n<\/div>\n<\/div>\n<div class=\"row\">\n<div class=\"columns columns-12\"><input type=\"submit\" value=\"Submit\" class=\"wpcf7-form-control has-spinner wpcf7-submit\" \/><\/div>\n<\/div>\n<\/div>\n<p style=\"display: none !important;\" class=\"akismet-fields-container\" data-prefix=\"_wpcf7_ak_\"><label>&#916;<textarea name=\"_wpcf7_ak_hp_textarea\" cols=\"45\" rows=\"8\" maxlength=\"100\"><\/textarea><\/label><input type=\"hidden\" id=\"ak_js_1\" name=\"_wpcf7_ak_js\" value=\"202\"\/><script>document.getElementById( \"ak_js_1\" ).setAttribute( \"value\", ( new Date() ).getTime() );<\/script><\/p><div class=\"wpcf7-response-output\" aria-hidden=\"true\"><\/div><\/form><\/div>[vc_empty_space height=&#8221;20px&#8221;][\/vc_column_inner][vc_column_inner width=&#8221;1\/12&#8243;][\/vc_column_inner][\/vc_row_inner][vc_empty_space height=&#8221;50px&#8221;][\/vc_column][vc_column width=&#8221;1\/3&#8243; css=&#8221;.vc_custom_1513048549225{padding-top: 90px !important;padding-right: 50px !important;padding-bottom: 50px !important;padding-left: 50px !important;background-color: #f2f2f3 !important;}&#8221;][vc_column_text]<\/p>\n<h5 style=\"margin: 0 0 10px 0;\">Gr\u00e9cia:<\/h5>\n<p>Atenas | Konitsis 5 | Marousi 151 25<br \/>\n<strong>Tel:<\/strong> +30-210-6146-560 (ramal 102)<br \/>\n<strong>Fax:<\/strong> +30-210-8061-765[\/vc_column_text][vc_empty_space height=&#8221;30px&#8221;][vc_column_text]<\/p>\n<h5 style=\"margin: 0 0 10px 0;\">L\u00edbano:<\/h5>\n<p>Edif\u00edcio Bitar &amp; Kiame. | 6\u00ba fl. | Junto ao Hospital de Olhos e Ouvidos &#8211; St. Vincent Str. (Rua Mar Mansour) | Naccache<br \/>\n<strong>Tel:<\/strong> +961 (0)4 522221<br \/>\n<strong>Multid\u00e3o:<\/strong> +961 70 013330<br \/>\n<strong>E-mail:<\/strong> info@najicherfanfoundation.org<\/p>\n<p>Licen\u00e7a n\u00ba 2859872NCF<br \/>\nN\u00famero de registro 2154[\/vc_column_text][\/vc_column][\/vc_row]<\/p>\n","protected":false},"excerpt":{"rendered":"<p>[vc_row equal_height=&#8221;yes&#8221; css=&#8221;.vc_custom_1513048596846{margin-right: 0px !important;margin-bottom: 90px !important;margin-left: 0px !important;}&#8221;][vc_column width=&#8221;2\/3&#8243; css=&#8221;.vc_custom_1513048602768{background-color: #ffffff !important;}&#8221; el_class=&#8221;shadow&#8221;][vc_empty_space height=&#8221;50px&#8221;][vc_row_inner][vc_column_inner width=&#8221;1\/12&#8243;][\/vc_column_inner][vc_column_inner width=&#8221;5\/6&#8243;][vc_column_text] Gostar\u00edamos muito de ouvir de voc\u00ea! [\/vc_column_text][vc_empty_space height=&#8221;10px&#8221;][vc_column_text] Se voc\u00ea tiver alguma d\u00favida sobre algum de nossos projetos ou quiser saber mais sobre para onde est\u00e3o indo suas doa\u00e7\u00f5es, ou se estiver com problemas em nosso site, estamos [&hellip;]<\/p>\n","protected":false},"author":2,"featured_media":0,"parent":0,"menu_order":0,"comment_status":"closed","ping_status":"closed","template":"","meta":{"om_disable_all_campaigns":false},"aioseo_notices":[],"_links":{"self":[{"href":"https:\/\/www.najicherfanfoundation.org\/pt-pt\/wp-json\/wp\/v2\/pages\/12728"}],"collection":[{"href":"https:\/\/www.najicherfanfoundation.org\/pt-pt\/wp-json\/wp\/v2\/pages"}],"about":[{"href":"https:\/\/www.najicherfanfoundation.org\/pt-pt\/wp-json\/wp\/v2\/types\/page"}],"author":[{"embeddable":true,"href":"https:\/\/www.najicherfanfoundation.org\/pt-pt\/wp-json\/wp\/v2\/users\/2"}],"replies":[{"embeddable":true,"href":"https:\/\/www.najicherfanfoundation.org\/pt-pt\/wp-json\/wp\/v2\/comments?post=12728"}],"version-history":[{"count":5,"href":"https:\/\/www.najicherfanfoundation.org\/pt-pt\/wp-json\/wp\/v2\/pages\/12728\/revisions"}],"predecessor-version":[{"id":20243,"href":"https:\/\/www.najicherfanfoundation.org\/pt-pt\/wp-json\/wp\/v2\/pages\/12728\/revisions\/20243"}],"wp:attachment":[{"href":"https:\/\/www.najicherfanfoundation.org\/pt-pt\/wp-json\/wp\/v2\/media?parent=12728"}],"curies":[{"name":"wp","href":"https:\/\/api.w.org\/{rel}","templated":true}]}}