{"id":12986,"date":"2021-09-19T18:06:53","date_gmt":"2021-09-19T18:06:53","guid":{"rendered":"https:\/\/www.najicherfanfoundation.org\/let-your-light-shine-2017\/"},"modified":"2023-02-16T06:32:20","modified_gmt":"2023-02-16T06:32:20","slug":"deixe-a-sua-luz-brilhar-em-2017","status":"publish","type":"page","link":"https:\/\/www.najicherfanfoundation.org\/pt-pt\/deixe-a-sua-luz-brilhar-em-2017\/","title":{"rendered":"DEIXE A SUA LUZ BRILHAR EM 2017"},"content":{"rendered":"<p>[vc_row][vc_column][vc_custom_heading text=&#8221;DEIXE A SUA LUZ BRILHAR EM 2017&#8243; font_container=&#8221;tag:h2|text_align:center&#8221; use_theme_fonts=&#8221;yes&#8221;][\/vc_column][\/vc_row][vc_row gap=&#8221;35&#8243; content_placement=&#8221;middle&#8221; css=&#8221;.vc_custom_1512720514030{padding-top: 40px !important;padding-bottom: 50px !important;background-position: center !important;background-repeat: no-repeat !important;background-size: cover !important;}&#8221;][vc_column width=&#8221;1\/2&#8243;]<ul class=\"iconlist iconlist iconlist-icon-large \"><li ><div class=\"iconlist-item-icon\"><i class=\"entypo-icon entypo-icon-light-down\"><\/i><span class=\"shapes\"><\/span><\/div><div class=\"iconlist-item-content\"><\/p>\n<h4 style=\"text-align: justify\"><span style=\"color: #ffd928\">A Funda\u00e7\u00e3o Naji Cherfan apresenta:<\/span><\/h4>\n<p>Um concerto dedicado a um objetivo puramente caritativo, no dia 20 de novembro de 2017 no Megaron \u2013 The Athens Concert Hall. O concerto, intitulado &#8220;Let Your Light Shine&#8221;, ser\u00e1 interpretado pela mezzo-soprano internacional grega Alexandra Gravas. Os lucros desta noite ser\u00e3o oferecidos \u00e0 Funda\u00e7\u00e3o Eliza para a Preven\u00e7\u00e3o da Crueldade contra Crian\u00e7as e \u00e0 Funda\u00e7\u00e3o Pammakaristos Children&#8217;s. Tamb\u00e9m se apresentar\u00e1 o Nea Smyrni Lyceum Youth Choir liderado por Katerina Vassilikou e Olivia Garcia.<\/p>\n<p>Alexandra Gravas apresentar\u00e1 um programa que inclui can\u00e7\u00f5es da Gr\u00e9cia, M\u00e9xico, China, L\u00edbano, Fran\u00e7a, Alemanha, unindo diferentes civiliza\u00e7\u00f5es e culturas atrav\u00e9s da sua voz. A Funda\u00e7\u00e3o Naji Cherfan \u2013 NCF est\u00e1 organizando este concerto beneficente em homenagem a Naji Cherfan, que faleceu em 2008, ap\u00f3s um acidente de moto ocorrido na Gr\u00e9cia em 1996. Sua aus\u00eancia deixou um vazio na vida de sua fam\u00edlia e amigos.<\/div><\/li><\/ul>[\/vc_column][vc_column width=&#8221;1\/2&#8243;][vc_single_image image=&#8221;4842&#8243; img_size=&#8221;full&#8221;][\/vc_column][\/vc_row]<\/p>\n","protected":false},"excerpt":{"rendered":"<p>[vc_row][vc_column][vc_custom_heading text=&#8221;DEIXE A SUA LUZ BRILHAR EM 2017&#8243; font_container=&#8221;tag:h2|text_align:center&#8221; use_theme_fonts=&#8221;yes&#8221;][\/vc_column][\/vc_row][vc_row gap=&#8221;35&#8243; content_placement=&#8221;middle&#8221; css=&#8221;.vc_custom_1512720514030{padding-top: 40px !important;padding-bottom: 50px !important;background-position: center !important;background-repeat: no-repeat !important;background-size: cover !important;}&#8221;][vc_column width=&#8221;1\/2&#8243;][\/vc_column][vc_column width=&#8221;1\/2&#8243;][vc_single_image image=&#8221;4842&#8243; img_size=&#8221;full&#8221;][\/vc_column][\/vc_row]<\/p>\n","protected":false},"author":2,"featured_media":0,"parent":0,"menu_order":0,"comment_status":"closed","ping_status":"open","template":"","meta":{"om_disable_all_campaigns":false},"aioseo_notices":[],"_links":{"self":[{"href":"https:\/\/www.najicherfanfoundation.org\/pt-pt\/wp-json\/wp\/v2\/pages\/12986"}],"collection":[{"href":"https:\/\/www.najicherfanfoundation.org\/pt-pt\/wp-json\/wp\/v2\/pages"}],"about":[{"href":"https:\/\/www.najicherfanfoundation.org\/pt-pt\/wp-json\/wp\/v2\/types\/page"}],"author":[{"embeddable":true,"href":"https:\/\/www.najicherfanfoundation.org\/pt-pt\/wp-json\/wp\/v2\/users\/2"}],"replies":[{"embeddable":true,"href":"https:\/\/www.najicherfanfoundation.org\/pt-pt\/wp-json\/wp\/v2\/comments?post=12986"}],"version-history":[{"count":4,"href":"https:\/\/www.najicherfanfoundation.org\/pt-pt\/wp-json\/wp\/v2\/pages\/12986\/revisions"}],"predecessor-version":[{"id":20244,"href":"https:\/\/www.najicherfanfoundation.org\/pt-pt\/wp-json\/wp\/v2\/pages\/12986\/revisions\/20244"}],"wp:attachment":[{"href":"https:\/\/www.najicherfanfoundation.org\/pt-pt\/wp-json\/wp\/v2\/media?parent=12986"}],"curies":[{"name":"wp","href":"https:\/\/api.w.org\/{rel}","templated":true}]}}