{"id":13022,"date":"2021-09-19T18:26:39","date_gmt":"2021-09-19T18:26:39","guid":{"rendered":"https:\/\/www.najicherfanfoundation.org\/let-your-light-shine-2016\/"},"modified":"2023-02-16T06:33:25","modified_gmt":"2023-02-16T06:33:25","slug":"deixe-sua-luz-brilhar-2016","status":"publish","type":"page","link":"https:\/\/www.najicherfanfoundation.org\/pt-pt\/deixe-sua-luz-brilhar-2016\/","title":{"rendered":"DEIXE A SUA LUZ BRILHAR EM 2016"},"content":{"rendered":"<p>[vc_row][vc_column][vc_custom_heading text=&#8221;DEIXE SUA LUZ BRILHAR &#8211; 2016&#8243; font_container=&#8221;tag:h2|text_align:center&#8221; use_theme_fonts=&#8221;yes&#8221;][\/vc_column][\/vc_row][vc_row gap=&#8221;35&#8243; content_placement=&#8221;middle&#8221; css=&#8221;.vc_custom_1512720514030{padding-top: 40px !important;padding-bottom: 50px !important;background-position: center !important;background-repeat: no-repeat !important;background-size: cover !important;}&#8221;][vc_column width=&#8221;1\/2&#8243;]<ul class=\"iconlist iconlist iconlist-icon-large \"><li ><div class=\"iconlist-item-icon\"><i class=\"entypo-icon entypo-icon-light-down\"><\/i><span class=\"shapes\"><\/span><\/div><div class=\"iconlist-item-content\"><\/p>\n<h4 style=\"text-align: left\"><span style=\"color: #ffd928\">Concerto Internacional no &#8220;Casino du Liban&#8221;, um espa\u00e7o de comunica\u00e7\u00e3o entre a Gr\u00e9cia e o L\u00edbano<\/span><\/h4>\n<p style=\"text-align: left\">A Funda\u00e7\u00e3o Naji Cherfan organizou este concerto extraordin\u00e1rio baseado na vis\u00e3o escrita por Naji Cherfan &#8211; \u201cAs pessoas nascem para brilhar\u201d. Este evento foi distinguido pela diversidade musical apresentada pela internacional Mezzo Soprano Alexandra Gravas, pelo artista liban\u00eas Charbel Rouhana, e pelo coro de Santa Rafqa liderado pela Irm\u00e3 Marana Saad. Pela primeira vez, ela lan\u00e7ou a m\u00fasica &#8220;Unite&#8221;, de Charbel Rouhana, que clama por solidariedade e paz.<\/p>\n<p>A cerim\u00f4nia contou com a presen\u00e7a do representante do Ministro da Cultura, Dr. Walid Musallim e sua esposa, Adjunto Dr. Fadi Karam e sua esposa, Dr. George Mufarrej e sua esposa, representando o Dr. Samir Geagea e a Deputada Setrida Geagea, ex- A Primeira Dama Joyce Gemayel e sua neta, Deputado Ghassan Moukheiber e sua esposa, Sua Excel\u00eancia o Embaixador da Gr\u00e9cia Sr. Theodoros Brassas, e Sua Excel\u00eancia o C\u00f4nsul da Gr\u00e9cia Professor Athanasius Leosis, e diplomatas. O arcebispo Aad Abi Karam, o bispo Boulos Rouhana, a irm\u00e3 m\u00e3e chefe do Convento das Irm\u00e3s de Santa Rafqa, a irm\u00e3 Madonna Abi Rizk, e um grande n\u00famero de vener\u00e1veis padres, freiras e cl\u00e9rigos tamb\u00e9m participaram da cerim\u00f4nia. O vice-presidente da Federa\u00e7\u00e3o dos Munic\u00edpios de Kesrouan e Al Fotouh, o prefeito do munic\u00edpio de Kfour Engenheiro Antoine Abi Saab e sua esposa, o artista Marcel Khalife, o artista Joseph Khalifa, a artista Joumana Medawar, al\u00e9m de v\u00e1rios atores, prefeitos , diplomatas, acad\u00eamicos, assistentes sociais, empres\u00e1rios e publicit\u00e1rios, e uma sele\u00e7\u00e3o de rostos da m\u00eddia e art\u00edsticos participaram da cerim\u00f4nia. Uma grande multid\u00e3o estreitou o sal\u00e3o.<\/div><\/li><\/ul>[vc_btn title=&#8221;Mais detalhes&#8221; style=&#8221;classic&#8221; shape=&#8221;square&#8221; align=&#8221;right&#8221; link=&#8221;url:https%3A%2F%2Fellearabia.com%2F%25D9%2585%25D8%25AC%25D8%25AA%25D9%2585%25D8%25B9%2F%25D8%25A3%25D8%25AE%25D8%25A8%25D8%25A7%25D8%25B1-%25D8%25A7%25D9%2584%25D9%2585%25D8%25AC%25D8%25AA%25D9%2585%25D8%25B9%2F%25D8%25AD%25D9%2581%25D9%2584-%25D9%2585%25D9%2588%25D8%25B3%25D9%258A%25D9%2582%25D9%258A-%25D8%25B6%25D8%25AE%25D9%2585-%25D9%258A%25D8%25AC%25D9%2585%25D8%25B9-%25D8%25A7%25D9%2584%25D9%258A%25D9%2588%25D9%2586%25D8%25A7%25D9%2586-%25D8%25A8%25D9%2584%25D8%25A8%25D9%2586%25D8%25A7%25D9%2586%23|target:_blank&#8221;][\/vc_column][vc_column width=&#8221;1\/2&#8243;][vc_single_image image=&#8221;13027&#8243; img_size=&#8221;full&#8221;][\/vc_column][\/vc_row]<\/p>\n","protected":false},"excerpt":{"rendered":"<p>[vc_row][vc_column][vc_custom_heading text=&#8221;DEIXE SUA LUZ BRILHAR &#8211; 2016&#8243; font_container=&#8221;tag:h2|text_align:center&#8221; use_theme_fonts=&#8221;yes&#8221;][\/vc_column][\/vc_row][vc_row gap=&#8221;35&#8243; content_placement=&#8221;middle&#8221; css=&#8221;.vc_custom_1512720514030{padding-top: 40px !important;padding-bottom: 50px !important;background-position: center !important;background-repeat: no-repeat !important;background-size: cover !important;}&#8221;][vc_column width=&#8221;1\/2&#8243;][vc_btn title=&#8221;Mais detalhes&#8221; style=&#8221;classic&#8221; shape=&#8221;square&#8221; align=&#8221;right&#8221; link=&#8221;url:https%3A%2F%2Fellearabia.com%2F%25D9%2585%25D8%25AC%25D8%25AA%25D9%2585%25D8%25B9%2F%25D8%25A3%25D8%25AE%25D8%25A8%25D8%25A7%25D8%25B1-%25D8%25A7%25D9%2584%25D9%2585%25D8%25AC%25D8%25AA%25D9%2585%25D8%25B9%2F%25D8%25AD%25D9%2581%25D9%2584-%25D9%2585%25D9%2588%25D8%25B3%25D9%258A%25D9%2582%25D9%258A-%25D8%25B6%25D8%25AE%25D9%2585-%25D9%258A%25D8%25AC%25D9%2585%25D8%25B9-%25D8%25A7%25D9%2584%25D9%258A%25D9%2588%25D9%2586%25D8%25A7%25D9%2586-%25D8%25A8%25D9%2584%25D8%25A8%25D9%2586%25D8%25A7%25D9%2586%23|target:_blank&#8221;][\/vc_column][vc_column width=&#8221;1\/2&#8243;][vc_single_image image=&#8221;13027&#8243; img_size=&#8221;full&#8221;][\/vc_column][\/vc_row]<\/p>\n","protected":false},"author":2,"featured_media":0,"parent":0,"menu_order":0,"comment_status":"closed","ping_status":"open","template":"","meta":{"om_disable_all_campaigns":false},"aioseo_notices":[],"_links":{"self":[{"href":"https:\/\/www.najicherfanfoundation.org\/pt-pt\/wp-json\/wp\/v2\/pages\/13022"}],"collection":[{"href":"https:\/\/www.najicherfanfoundation.org\/pt-pt\/wp-json\/wp\/v2\/pages"}],"about":[{"href":"https:\/\/www.najicherfanfoundation.org\/pt-pt\/wp-json\/wp\/v2\/types\/page"}],"author":[{"embeddable":true,"href":"https:\/\/www.najicherfanfoundation.org\/pt-pt\/wp-json\/wp\/v2\/users\/2"}],"replies":[{"embeddable":true,"href":"https:\/\/www.najicherfanfoundation.org\/pt-pt\/wp-json\/wp\/v2\/comments?post=13022"}],"version-history":[{"count":6,"href":"https:\/\/www.najicherfanfoundation.org\/pt-pt\/wp-json\/wp\/v2\/pages\/13022\/revisions"}],"predecessor-version":[{"id":20246,"href":"https:\/\/www.najicherfanfoundation.org\/pt-pt\/wp-json\/wp\/v2\/pages\/13022\/revisions\/20246"}],"wp:attachment":[{"href":"https:\/\/www.najicherfanfoundation.org\/pt-pt\/wp-json\/wp\/v2\/media?parent=13022"}],"curies":[{"name":"wp","href":"https:\/\/api.w.org\/{rel}","templated":true}]}}