{"id":13058,"date":"2021-09-16T20:02:00","date_gmt":"2021-09-16T20:02:00","guid":{"rendered":"https:\/\/www.najicherfanfoundation.org\/message-from-george-sana-cherfan\/"},"modified":"2023-02-16T06:36:57","modified_gmt":"2023-02-16T06:36:57","slug":"mensagem-de-george-e-sana-cherfan","status":"publish","type":"page","link":"https:\/\/www.najicherfanfoundation.org\/pt-pt\/mensagem-de-george-e-sana-cherfan\/","title":{"rendered":"MENSAGEM DE GEORGE E SANA CHERFAN"},"content":{"rendered":"<p>[vc_row full_width=&#8221;stretch_row&#8221; css=&#8221;.vc_custom_1632123744545{margin-top: -60px !important;padding-top: 65px !important;padding-bottom: 20px !important;background-color: #e9eaee !important;}&#8221;][vc_column][vc_empty_space height=&#8221;50px&#8221;][vc_custom_heading text=&#8221;MENSAGEM DE GEORGES E SANA CHERFAN&#8221; font_container=&#8221;tag:h2|text_align:center&#8221; use_theme_fonts=&#8221;yes&#8221;][\/vc_column][\/vc_row][vc_row full_width=&#8221;stretch_row&#8221; content_placement=&#8221;middle&#8221; css=&#8221;.vc_custom_1639732221966{border-top-width: 1px !important;padding-top: 40px !important;padding-bottom: 60px !important;background-color: #e9eaee !important;}&#8221;][vc_column width=&#8221;3\/4&#8243;]\n\t<div class=\"testimonial meta-left \">\n\t\t\n\t\t<div class=\"testimonial-content\">\n\t\t\t<blockquote>\n\t\t\t\t<p>&#8220;Permita-me passar alguns momentos com voc\u00ea para refletir sobre a beleza do nascimento de Jesus Cristo juntos e o presente que Deus, o Criador, enviou ao mundo; o menino Jesus em uma manjedoura.&#8221;<\/p>\n\t\t\t<\/blockquote>\n\t\t<\/div>\n\n\t\t<div class=\"testimonial-meta\">\n\t\t\t\t\t\t<h3 class=\"author-name\">G.C. Cherfan<\/h3>\n\t\t\t<div class=\"author-info\"><span class=\"subtitle\">Propriet\u00e1rio e Fundador<\/span><\/div>\n\t\t<\/div>\n\n\t<\/div>\n[\/vc_column][vc_column width=&#8221;1\/4&#8243;][vc_single_image image=&#8221;3071&#8243; img_size=&#8221;full&#8221;][\/vc_column][\/vc_row][vc_row][vc_column][vc_empty_space height=&#8221;25px&#8221;][vc_column_text]<\/p>\n<p style=\"text-align: justify;\">A B\u00edblia diz que Deus amou tanto o mundo que enviou seu \u00fanico Filho para se tornar (Humano) como n\u00f3s, a fim de recuperar o que o C\u00e9u havia perdido quando Ad\u00e3o e Eva falharam. Esse presente \u00e9 o que celebramos a cada \u00e9poca de Natal, lembrando a promessa de Deus de enviar o Salvador&#8230; e n\u00f3s, por nossa vez, trocamos presentes, renovamos nosso amor, acabamos com nossas animosidades e tentamos retribuir A Deus o que devemos a ele (nossa exist\u00eancia, e vida neste mundo e no novo mundo que h\u00e1 de vir. O que podemos devolver a Deus, nosso Criador, que \u00e9 dono de tudo? Podemos dar a Ele alguma coisa? Sim, podemos dar muito a Deus. ..ou seja, nosso amor e nossos cora\u00e7\u00f5es. \u00c9 isso que Deus quer de n\u00f3s. Ele n\u00e3o quer muito!<\/p>\n<p>[\/vc_column_text][vc_separator border_width=&#8221;2&#8243; css=&#8221;.vc_custom_1632123921360{margin-top: 25px !important;margin-bottom: 25px !important;}&#8221;][vc_row_inner][vc_column_inner width=&#8221;1\/3&#8243;][vc_custom_heading text=&#8221;Amor e Perd\u00e3o&#8221; font_container=&#8221;tag:h3|text_align:left&#8221; use_theme_fonts=&#8221;yes&#8221;][vc_empty_space height=&#8221;20px&#8221;][\/vc_column_inner][vc_column_inner width=&#8221;2\/3&#8243;][vc_column_text]<\/p>\n<p style=\"text-align: justify;\">Amar nosso pr\u00f3ximo como a n\u00f3s mesmos. Para amar nossos inimigos e perdo\u00e1-los. Para perdoar aqueles que podem nos enganar e tirar vantagem de n\u00f3s. Amar todas as pessoas sem distin\u00e7\u00e3o de ra\u00e7a, cor, classe, condi\u00e7\u00e3o social, etc&#8230; Amar os sem-teto, os pobres \u00f3rf\u00e3os e as pobres vi\u00favas que muitas vezes n\u00e3o t\u00eam cama nem teto como abrigo, nem um p\u00e3o para saciar a fome, ou n\u00e3o tem dinheiro para comprar medicamentos. Ensinar a n\u00f3s mesmos e nossos filhos a viver como se n\u00e3o tiv\u00e9ssemos nada, a permanecer humildes e dispostos a servir, pois a vida \u00e9 um dom de Deus e a sa\u00fade, o sucesso e a fama, etc., tamb\u00e9m s\u00e3o suas b\u00ean\u00e7\u00e3os.<\/p>\n<p>[\/vc_column_text][vc_empty_space height=&#8221;50px&#8221;][\/vc_column_inner][\/vc_row_inner][vc_row_inner][vc_column_inner width=&#8221;1\/3&#8243;][vc_custom_heading text=&#8221;Incentive Nossas Crian\u00e7as&#8221; font_container=&#8221;tag:h3|text_align:left&#8221; use_theme_fonts=&#8221;yes&#8221;][vc_empty_space height=&#8221;20px&#8221;][\/vc_column_inner][vc_column_inner width=&#8221;2\/3&#8243;][vc_column_text]Ensinar a n\u00f3s mesmos e nossos filhos a compartilhar o que temos com aqueles que s\u00e3o menos afortunados e menos privilegiados. Para incentivar nossas crian\u00e7as. Isso n\u00e3o pode ser feito apenas dizendo-lhes o que fazer e o que n\u00e3o fazer, mas principalmente sendo o exemplo (ou modelo) certo para eles na vida real, especialmente porque as crian\u00e7as muitas vezes imitam seus pais.<\/p>\n<p>Por exemplo:<\/p>\n<ul>\n<li style=\"text-align: justify;\">Incentive-os a ter Deus em primeiro lugar em suas vidas (n\u00e3o como o n\u00famero 20 em sua lista de prioridades).<\/li>\n<li style=\"text-align: justify;\">Deus \u00e9 um Pai e n\u00f3s somos seus filhos se aceitarmos isso e crermos nisso.<\/li>\n<li style=\"text-align: justify;\">Ele quer ter rela\u00e7\u00f5es conosco como Pai e Filho, M\u00e3e e Filha, Vov\u00f4 &amp; Vov\u00f3.<\/li>\n<\/ul>\n<p>[\/vc_column_text][vc_empty_space height=&#8221;50px&#8221;][\/vc_column_inner][\/vc_row_inner][vc_row_inner][vc_column_inner width=&#8221;1\/3&#8243;][vc_custom_heading text=&#8221;O Novo Mundo&#8221; font_container=&#8221;tag:h3|text_align:left&#8221; use_theme_fonts=&#8221;yes&#8221;][vc_empty_space height=&#8221;20px&#8221;][\/vc_column_inner][vc_column_inner width=&#8221;2\/3&#8243;][vc_column_text]No entanto, muitas vezes fechamos nossa porta na face de Deus, devido a muitas prioridades urgentes na vida e isso o deixa infeliz. N\u00e3o nos sentimos infelizes quando estamos longe de nossos entes queridos?<\/p>\n<p>Deus quer que vivamos para sempre, n\u00e3o apenas cem anos, e herdemos tudo o que Ele criou para n\u00f3s, assim como queremos que nossos filhos herdem o que temos.<\/p>\n<p>Acima de tudo, Deus quer que tudo no mundo, no c\u00e9u e abaixo, seja nosso para correr e administrar, porque quando Jesus voltar, a morte n\u00e3o existir\u00e1 mais. N\u00e3o haver\u00e1 mais guerras, viol\u00eancia, matan\u00e7a e \u00f3dio, pois Deus, com os Santos e os Anjos, governar\u00e1 um mundo eterno sem fim.<\/p>\n<p>O novo mundo que Deus quer que tenhamos ser\u00e1 sem doen\u00e7a, pobreza, car\u00eancia ou envelhecimento, e sem morte. A B\u00edblia diz que Ele enxugar\u00e1 nossas l\u00e1grimas e n\u00e3o permitir\u00e1 mais a separa\u00e7\u00e3o de nossos entes queridos!<\/p>\n<p>Este \u00e9 o presente de Deus, o beb\u00ea que nasceu h\u00e1 2.000 anos em uma manjedoura, para nos dar a vida eterna e nos ensinar a perdoar e a permanecer humildes, n\u00e3o importa quem somos! Para obter esta bela promessa de vida eterna, Deus est\u00e1 convidando todos n\u00f3s a seguir Seus ensinamentos e aplic\u00e1-los em nossa vida di\u00e1ria. A decis\u00e3o \u00e9 nossa&#8230; se escolhermos os ensinamentos de Deus, viveremos com nossos entes queridos, no novo mundo, para todo o sempre, porque Deus \u00e9 a fonte da vida.[\/vc_column_text][vc_empty_space height=&#8221;50px&#8221;][\/vc_column_inner][\/vc_row_inner][\/vc_column][\/vc_row]<\/p>\n","protected":false},"excerpt":{"rendered":"<p>[vc_row full_width=&#8221;stretch_row&#8221; css=&#8221;.vc_custom_1632123744545{margin-top: -60px !important;padding-top: 65px !important;padding-bottom: 20px !important;background-color: #e9eaee !important;}&#8221;][vc_column][vc_empty_space height=&#8221;50px&#8221;][vc_custom_heading text=&#8221;MENSAGEM DE GEORGES E SANA CHERFAN&#8221; font_container=&#8221;tag:h2|text_align:center&#8221; use_theme_fonts=&#8221;yes&#8221;][\/vc_column][\/vc_row][vc_row full_width=&#8221;stretch_row&#8221; content_placement=&#8221;middle&#8221; css=&#8221;.vc_custom_1639732221966{border-top-width: 1px !important;padding-top: 40px !important;padding-bottom: 60px !important;background-color: #e9eaee !important;}&#8221;][vc_column width=&#8221;3\/4&#8243;][\/vc_column][vc_column width=&#8221;1\/4&#8243;][vc_single_image image=&#8221;3071&#8243; img_size=&#8221;full&#8221;][\/vc_column][\/vc_row][vc_row][vc_column][vc_empty_space height=&#8221;25px&#8221;][vc_column_text] A B\u00edblia diz que Deus amou tanto o mundo que enviou seu \u00fanico Filho para se tornar (Humano) como [&hellip;]<\/p>\n","protected":false},"author":2,"featured_media":0,"parent":0,"menu_order":0,"comment_status":"closed","ping_status":"open","template":"","meta":{"om_disable_all_campaigns":false},"aioseo_notices":[],"_links":{"self":[{"href":"https:\/\/www.najicherfanfoundation.org\/pt-pt\/wp-json\/wp\/v2\/pages\/13058"}],"collection":[{"href":"https:\/\/www.najicherfanfoundation.org\/pt-pt\/wp-json\/wp\/v2\/pages"}],"about":[{"href":"https:\/\/www.najicherfanfoundation.org\/pt-pt\/wp-json\/wp\/v2\/types\/page"}],"author":[{"embeddable":true,"href":"https:\/\/www.najicherfanfoundation.org\/pt-pt\/wp-json\/wp\/v2\/users\/2"}],"replies":[{"embeddable":true,"href":"https:\/\/www.najicherfanfoundation.org\/pt-pt\/wp-json\/wp\/v2\/comments?post=13058"}],"version-history":[{"count":3,"href":"https:\/\/www.najicherfanfoundation.org\/pt-pt\/wp-json\/wp\/v2\/pages\/13058\/revisions"}],"predecessor-version":[{"id":20249,"href":"https:\/\/www.najicherfanfoundation.org\/pt-pt\/wp-json\/wp\/v2\/pages\/13058\/revisions\/20249"}],"wp:attachment":[{"href":"https:\/\/www.najicherfanfoundation.org\/pt-pt\/wp-json\/wp\/v2\/media?parent=13058"}],"curies":[{"name":"wp","href":"https:\/\/api.w.org\/{rel}","templated":true}]}}