{"id":13099,"date":"2021-09-17T12:41:23","date_gmt":"2021-09-17T12:41:23","guid":{"rendered":"https:\/\/www.najicherfanfoundation.org\/prayer-project\/"},"modified":"2023-02-20T09:50:07","modified_gmt":"2023-02-20T09:50:07","slug":"projeto-de-oracao","status":"publish","type":"page","link":"https:\/\/www.najicherfanfoundation.org\/pt-pt\/projeto-de-oracao\/","title":{"rendered":"PROJETO DE ORA\u00c7\u00c3O"},"content":{"rendered":"<p>[vc_row full_width=&#8221;stretch_row&#8221; content_placement=&#8221;middle&#8221; css=&#8221;.vc_custom_1637492701656{margin-top: -60px !important;padding-top: 40px !important;padding-bottom: 40px !important;background: #0083cb url(https:\/\/www.infracode-multimedia.com\/NajiCherfan\/wp-content\/uploads\/2021\/09\/bg-NCF-4.png?id=2700) !important;background-position: center !important;background-repeat: no-repeat !important;background-size: cover !important;}&#8221;][vc_column offset=&#8221;vc_col-md-8&#8243;][vc_row_inner][vc_column_inner width=&#8221;3\/4&#8243;][vc_column_text]<\/p>\n<h3 class=\"text-intro\"><span style=\"color: #fff;\"><strong style=\"color: #fff;\">Funda\u00e7\u00e3o Naji Cherfan<br \/>\n\u00e9 produzir e compartilhar<br \/>\nDE GRA\u00c7A<br \/>\nora\u00e7\u00f5es do tamanho do bolso<\/strong><\/span><\/h3>\n<p>[\/vc_column_text][vc_empty_space height=&#8221;20px&#8221;][\/vc_column_inner][vc_column_inner width=&#8221;1\/4&#8243;][\/vc_column_inner][\/vc_row_inner][\/vc_column][vc_column offset=&#8221;vc_col-md-4&#8243;][vc_column_text]<span class=\"large-text\" style=\"color: #fff;\">Sob os Projetos de Valores Divinos, a Funda\u00e7\u00e3o Naji Cherfan est\u00e1 produzindo e compartilhando GRATUITAMENTE ora\u00e7\u00f5es que podem ser encontradas em onze idiomas. As ora\u00e7\u00f5es s\u00e3o as seguintes: Se me amas n\u00e3o chores (Santo Agostinho), Ora\u00e7\u00e3o universal (Papa Clemente XI), A Doxologia e outras <\/span>[\/vc_column_text][vc_row_inner content_placement=&#8221;middle&#8221;][vc_column_inner width=&#8221;1\/3&#8243;][vc_empty_space height=&#8221;30px&#8221;][vc_column_text]<a id=\"69d7c45648298\" rel=\"wp-video-lightbox\" href=\"https:\/\/www.youtube.com\/watch?v=y7bLK4vBuDc&#038;width=640&#038;height=480\" title=\"\"><img src=\"https:\/\/www.infracode-multimedia.com\/NajiCherfan\/wp-content\/uploads\/2021\/09\/Prayer-project-NCF.jpg\" class=\"video_lightbox_anchor_image\" alt=\"text that describes this image\" \/><\/a>    <script>\r\n    \/* <![CDATA[ *\/\r\n    jQuery(document).ready(function($){\r\n        $(function(){\r\n            var width = $(window).innerWidth();\r\n            var setwidth = parseFloat(640);\r\n            var ratio = parseFloat(0.75);\r\n            var height = parseFloat(480);\r\n            var link = 'https:\/\/www.youtube.com\/watch?v=y7bLK4vBuDc&amp;width=640&amp;height=480';\r\n            if(width < setwidth)\r\n            {\r\n                height = Math.floor(width * 0.75);\r\n                \/\/console.log(\"device width \"+width+\", set width \"+640+\", ratio \"+0.75+\", new height \"+ height);\r\n                var new_url = wpvl_paramReplace('width', link, width);\r\n                var new_url = wpvl_paramReplace('height', new_url, height);\r\n                $(\"a#69d7c45648298\").attr('href', new_url);\r\n                \/\/console.log(new_url);\r\n            }\r\n        });\r\n    });\r\n    \/* ]]> *\/\r\n    <\/script>[\/vc_column_text][\/vc_column_inner][vc_column_inner width=&#8221;2\/3&#8243;][vc_empty_space height=&#8221;30px&#8221;][vc_column_text]<a class=\"button no-bg dark\" href=\"https:\/\/www.najicherfanfoundation.org\/en\/about-ncf\/\">Aprenda sobre n\u00f3s<\/a>[\/vc_column_text][\/vc_column_inner][\/vc_row_inner][\/vc_column][\/vc_row][vc_row][vc_column][vc_empty_space height=&#8221;25px&#8221;][vc_custom_heading text=&#8221;DOWNLOAD THE PRAYERS FOR FREE&#8221; font_container=&#8221;tag:h2|text_align:center&#8221; use_theme_fonts=&#8221;yes&#8221;][vc_empty_space height=&#8221;20px&#8221;][vc_column_text]<\/p>\n<p style=\"text-align: center;\">Nossos visitantes podem<\/p>\n<h4 style=\"text-align: center;\">Download DE GRA\u00c7A<\/h4>\n<p style=\"text-align: center;\">Todas as ora\u00e7\u00f5es abaixo na l\u00edngua Portuguesa.<\/p>\n<p style=\"text-align: center;\">\u00a0<a href=\"https:\/\/www.najicherfanfoundation.org\/wp-content\/uploads\/2021\/09\/NCF-3-Prayers-Portugese.pdf\" target=\"_blank\" rel=\"noopener\">Portugu\u00eas<\/a><\/p>\n<p>&nbsp;<\/p>\n<p style=\"text-align: center;\"><strong>As Ora\u00e7\u00f5es do Batismo<\/strong><br \/>\n<a href=\"https:\/\/www.najicherfanfoundation.org\/wp-content\/uploads\/2021\/09\/NCF-BAPTISM-Prayer-PORTGUESE-HR.pdf\" target=\"_blank\" rel=\"noopener\">Portugu\u00eas<\/a><\/p>\n<p>&nbsp;<\/p>\n<p style=\"text-align: center;\"><strong>A Ora\u00e7\u00e3o do Casamento<\/strong><br \/>\n<a href=\"https:\/\/www.najicherfanfoundation.org\/wp-content\/uploads\/2021\/09\/NCF-Wedding-Prayer-Portuguese.pdf\" target=\"_blank\" rel=\"noopener\">Portugu\u00eas<\/a><\/p>\n<p>&nbsp;<\/p>\n<p style=\"text-align: center;\"><strong>A Novena e o Ter\u00e7o \u00e0 Divina Miseric\u00f3rdia<br \/>\n<\/strong>de acordo com o Di\u00e1rio de Santa Maria Faustina:<br \/>\n<a href=\"https:\/\/www.najicherfanfoundation.org\/wp-content\/uploads\/2021\/09\/NCF-Prayer-Novena-PORTUGUESE.pdf\" target=\"_blank\" rel=\"noopener\">Portugu\u00eas<\/a><\/p>\n<p>&nbsp;<\/p>\n<p style=\"text-align: center;\"><strong>Uma Ora\u00e7\u00e3o Pelos Nossos Sacerdotes<\/strong><br \/>\n<a href=\"https:\/\/www.najicherfanfoundation.org\/wp-content\/uploads\/2021\/09\/NCF-PRIEST-PRAYER-PORTUGUESE.pdf\" target=\"_blank\" rel=\"noopener\">Portugu\u00eas<\/a><\/p>\n<p>&nbsp;<\/p>\n<p style=\"text-align: center;\"><strong>A Ora\u00e7\u00e3o Ortodoxa<\/strong><br \/>\n<a href=\"https:\/\/www.najicherfanfoundation.org\/wp-content\/uploads\/2021\/09\/NCF-Orthodox-prayer-Portuguese.pdf\" target=\"_blank\" rel=\"noopener\">Portugu\u00eas<\/a><\/p>\n<p>[\/vc_column_text][\/vc_column][\/vc_row]<\/p>\n","protected":false},"excerpt":{"rendered":"<p>[vc_row full_width=&#8221;stretch_row&#8221; content_placement=&#8221;middle&#8221; css=&#8221;.vc_custom_1637492701656{margin-top: -60px !important;padding-top: 40px !important;padding-bottom: 40px !important;background: #0083cb url(https:\/\/www.infracode-multimedia.com\/NajiCherfan\/wp-content\/uploads\/2021\/09\/bg-NCF-4.png?id=2700) !important;background-position: center !important;background-repeat: no-repeat !important;background-size: cover !important;}&#8221;][vc_column offset=&#8221;vc_col-md-8&#8243;][vc_row_inner][vc_column_inner width=&#8221;3\/4&#8243;][vc_column_text] Funda\u00e7\u00e3o Naji Cherfan \u00e9 produzir e compartilhar DE GRA\u00c7A ora\u00e7\u00f5es do tamanho do bolso [\/vc_column_text][vc_empty_space height=&#8221;20px&#8221;][\/vc_column_inner][vc_column_inner width=&#8221;1\/4&#8243;][\/vc_column_inner][\/vc_row_inner][\/vc_column][vc_column offset=&#8221;vc_col-md-4&#8243;][vc_column_text]Sob os Projetos de Valores Divinos, a Funda\u00e7\u00e3o Naji Cherfan est\u00e1 produzindo e compartilhando GRATUITAMENTE ora\u00e7\u00f5es que [&hellip;]<\/p>\n","protected":false},"author":2,"featured_media":0,"parent":0,"menu_order":0,"comment_status":"closed","ping_status":"open","template":"","meta":{"om_disable_all_campaigns":false},"aioseo_notices":[],"_links":{"self":[{"href":"https:\/\/www.najicherfanfoundation.org\/pt-pt\/wp-json\/wp\/v2\/pages\/13099"}],"collection":[{"href":"https:\/\/www.najicherfanfoundation.org\/pt-pt\/wp-json\/wp\/v2\/pages"}],"about":[{"href":"https:\/\/www.najicherfanfoundation.org\/pt-pt\/wp-json\/wp\/v2\/types\/page"}],"author":[{"embeddable":true,"href":"https:\/\/www.najicherfanfoundation.org\/pt-pt\/wp-json\/wp\/v2\/users\/2"}],"replies":[{"embeddable":true,"href":"https:\/\/www.najicherfanfoundation.org\/pt-pt\/wp-json\/wp\/v2\/comments?post=13099"}],"version-history":[{"count":5,"href":"https:\/\/www.najicherfanfoundation.org\/pt-pt\/wp-json\/wp\/v2\/pages\/13099\/revisions"}],"predecessor-version":[{"id":13123,"href":"https:\/\/www.najicherfanfoundation.org\/pt-pt\/wp-json\/wp\/v2\/pages\/13099\/revisions\/13123"}],"wp:attachment":[{"href":"https:\/\/www.najicherfanfoundation.org\/pt-pt\/wp-json\/wp\/v2\/media?parent=13099"}],"curies":[{"name":"wp","href":"https:\/\/api.w.org\/{rel}","templated":true}]}}